{"id":31,"date":"2020-11-04T16:46:47","date_gmt":"2020-11-04T15:46:47","guid":{"rendered":"http:\/\/npb.asso.fr\/site\/?page_id=31"},"modified":"2024-08-29T14:53:25","modified_gmt":"2024-08-29T12:53:25","slug":"qui-sommes-nous","status":"publish","type":"page","link":"http:\/\/npb.asso.fr\/site\/qui-sommes-nous\/","title":{"rendered":"Qui sommes-nous?"},"content":{"rendered":"\n<p>Nautisme en Pays Blanc est une association r\u00e9gie par la loi 1901, cr\u00e9\u00e9e en 1983.<\/p>\n\n\n\n<p>Un grand bravo \u00e0 toute l&rsquo;\u00e9quipe de Nautisme en Pays Blanc qui a obtenu le prix de l&rsquo;EFVoile de l&rsquo;ann\u00e9e 2015. La r\u00e9ussite de NPB, c&rsquo;est son poids f\u00e9d\u00e9ral national en nombres de licences (passeports mais aussi adultes et jeunes). C&rsquo;est aussi une large diversification de ses activit\u00e9s et un engagement fort dans une d\u00e9marche d&rsquo;am\u00e9lioration de la qualit\u00e9 des ses offres avec plusieurs labels f\u00e9d\u00e9raux nationaux (Coach plaisance FFVoile, Point Location FFVoile) ou r\u00e9gionaux comme Sport Sant\u00e9 Pays de la Loire ou Balades et rando nautiques. Pour mieux promouvoir ses offres, NPB s&rsquo;est aussi impliqu\u00e9 dans la d\u00e9marche webmarketing initi\u00e9e par la ligue. Le club accueille des publics tr\u00e8s vari\u00e9s et d\u00e9veloppe une activit\u00e9 voile pour les personnes en situation de handicap et le sport entreprise. C&rsquo;est aussi un organisme de formation habilit\u00e9. Affili\u00e9 \u00e0 plusieurs f\u00e9d\u00e9rations, il organise des \u00e9preuves, aussi bien des r\u00e9gates de clubs, que la Coupe R\u00e9gionale des Pays de la Loire, ou le Championnat de France de Sport en Entreprise.<\/p>\n\n\n\n<p>La mise en service des trois sites Quimiac, Piriac et La Turballe a marqu\u00e9 le point de d\u00e9part d\u2019un impressionnant d\u00e9veloppement de Nautisme en Pays Blanc qui s\u2019est vu confier par les communes de St Molf, Mesquer, Piriac et La Turballe l\u2019organisation entre autre des activit\u00e9s \u00e0 vocations touristiques, \u00e9cole de voile, voile scolaire, loisirs, sportives et \u00e9v\u00e9nementielles. <\/p>\n\n\n\n<p>Nous souhaitons vous faire partager ainsi notre savoir faire dans le domaine de la voile dans les Pays de la Loire.<\/p>\n\n\n\n<p>Les membres fondateurs :<\/p>\n\n\n\n<ul class=\"wp-block-list\">\n<li>Le Moulin de Praillane ( V.A.C.A)<\/li>\n\n\n\n<li>l&rsquo;A.C.A.S du C.E.A<\/li>\n\n\n\n<li>Le Razay (F.O.L 74)<\/li>\n<\/ul>\n\n\n\n<p>Les membres de droit :<\/p>\n\n\n\n<ul class=\"wp-block-list\">\n<li>La commune de Piriac-sur-Mer<\/li>\n\n\n\n<li>La commune de La Turballe<\/li>\n\n\n\n<li>La commune de Mesquer<\/li>\n\n\n\n<li>La commune de Saint Molf<\/li>\n<\/ul>\n\n\n\n<hr class=\"wp-block-separator has-css-opacity is-style-wide\"\/>\n\n\n\n<p>Les affiliations, Agr\u00e9ments et Labels :<\/p>\n\n\n\n<ul class=\"wp-block-list\">\n<li>Affili\u00e9e \u00e0 la F.F.V.<\/li>\n\n\n\n<li>Affili\u00e9e \u00e0 la F.F.S.E.<\/li>\n\n\n\n<li>Affili\u00e9e \u00e0 la F.F.S.A.<\/li>\n\n\n\n<li>Agr\u00e9\u00e9e Jeunesse et Sports<\/li>\n\n\n\n<li>Agr\u00e9\u00e9e \u00c9ducation National<\/li>\n\n\n\n<li>Agr\u00e9\u00e9e Organisme de Formation Professionnelle<\/li>\n\n\n\n<li>Centre de formation Habilit\u00e9 Ligue de Voile des Pays de la Loire<\/li>\n\n\n\n<li>Label France Station Nautique<\/li>\n\n\n\n<li>1\u00e8re \u00c9cole Fran\u00e7aise de Voile des Pays de la Loire<\/li>\n\n\n\n<li>\u00c9lue \u00c9cole Fran\u00e7aise de Voile de l&rsquo;ann\u00e9e 2015<\/li>\n<\/ul>\n\n\n\n<p>Principaux partenaires :<\/p>\n\n\n\n<ul class=\"wp-block-list\">\n<li>Le Comit\u00e9 R\u00e9gional du Tourisme en Pays de la Loire<\/li>\n\n\n\n<li>Le Comit\u00e9 D\u00e9partemental du Tourisme de Loire Atlantique<\/li>\n\n\n\n<li>S.I.C.A.P.G P\u00f4le Touristique International<\/li>\n\n\n\n<li>Les O.T.S.I de la communaut\u00e9 de communes du Pays Blanc<\/li>\n\n\n\n<li>France Station Nautique<\/li>\n\n\n\n<li>Centre du Razay<\/li>\n\n\n\n<li>Moulin de Praillane<\/li>\n\n\n\n<li>C.C.A.S Mesquer<\/li>\n<\/ul>\n\n\n\n<p>L&rsquo;association est n\u00e9e de la volont\u00e9 de trois organismes de tourisme social :<\/p>\n\n\n\n<ul class=\"wp-block-list\">\n<li>L&rsquo;A.C.A.S<\/li>\n\n\n\n<li>Le Centre du Razay (FOL 74) Renault VI<\/li>\n\n\n\n<li>Le Moulin de Paraillane (V.A.C.A)<\/li>\n<\/ul>\n\n\n\n<p>En 1983, sous leur impulsion et en association avec la commune de Piriac, est n\u00e9 le Centre Sportif et de Loisirs Nautiques de Piriac (CSLNP)<\/p>\n\n\n\n<p>Sa vocation premi\u00e8re \u00e9tait l&rsquo;apprentissage de la voile et l&rsquo;animation de procimit\u00e9.<\/p>\n\n\n\n<p>Le premier pr\u00e9sident fut Jacques CHARTOIS, ancien directeur de l&rsquo;\u00c9cole Nationale de Voile situ\u00e9e \u00e0 Quiberon (56).<\/p>\n\n\n\n<p>En 1991, les communes de La Turballe et de Saint Molf rejoignent l&rsquo;association, qui se d\u00e9nomme d\u00e9sormais Nautisme en Pays Blanc (NPB).<\/p>\n\n\n\n<p>Le pr\u00e9sident \u00e0 cette \u00e9poque est Monsieur Jean-Louis DELHUMEAU, Maire de Piriac-sur-Mer<\/p>\n\n\n\n<p>En 1998, la commune de Mesquer devient \u00e0 son tour membre associ\u00e9.<\/p>\n\n\n\n<p>Monsieur Claude THOUROT, nous a quitt\u00e9 en cours de mandat, en 2023, laissant un grand vide dans l&rsquo;association qu&rsquo;il a particip\u00e9 \u00e0 cr\u00e9er et qu&rsquo;il a pr\u00e9sid\u00e9 pendant plus de 20 ans.<\/p>\n\n\n\n<p>Le pr\u00e9sident actuel est Monsieur Nicolas BULOT, qui officiera pendant 4 ans.<\/p>\n","protected":false},"excerpt":{"rendered":"<p>Nautisme en Pays Blanc est une association r\u00e9gie par la loi 1901, cr\u00e9\u00e9e en 1983. Un grand bravo \u00e0 toute l&rsquo;\u00e9quipe de Nautisme en Pays Blanc qui a obtenu le prix de l&rsquo;EFVoile de l&rsquo;ann\u00e9e 2015. La r\u00e9ussite de NPB, c&rsquo;est son poids f\u00e9d\u00e9ral national en nombres de licences (passeports mais aussi adultes et jeunes). [&hellip;]<\/p>\n","protected":false},"author":1,"featured_media":0,"parent":0,"menu_order":0,"comment_status":"closed","ping_status":"closed","template":"","meta":{"ocean_post_layout":"","ocean_both_sidebars_style":"","ocean_both_sidebars_content_width":0,"ocean_both_sidebars_sidebars_width":0,"ocean_sidebar":"0","ocean_second_sidebar":"0","ocean_disable_margins":"enable","ocean_add_body_class":"","ocean_shortcode_before_top_bar":"","ocean_shortcode_after_top_bar":"","ocean_shortcode_before_header":"","ocean_shortcode_after_header":"","ocean_has_shortcode":"","ocean_shortcode_after_title":"","ocean_shortcode_before_footer_widgets":"","ocean_shortcode_after_footer_widgets":"","ocean_shortcode_before_footer_bottom":"","ocean_shortcode_after_footer_bottom":"","ocean_display_top_bar":"default","ocean_display_header":"default","ocean_header_style":"","ocean_center_header_left_menu":"0","ocean_custom_header_template":"0","ocean_custom_logo":0,"ocean_custom_retina_logo":0,"ocean_custom_logo_max_width":0,"ocean_custom_logo_tablet_max_width":0,"ocean_custom_logo_mobile_max_width":0,"ocean_custom_logo_max_height":0,"ocean_custom_logo_tablet_max_height":0,"ocean_custom_logo_mobile_max_height":0,"ocean_header_custom_menu":"0","ocean_menu_typo_font_family":"0","ocean_menu_typo_font_subset":"","ocean_menu_typo_font_size":0,"ocean_menu_typo_font_size_tablet":0,"ocean_menu_typo_font_size_mobile":0,"ocean_menu_typo_font_size_unit":"px","ocean_menu_typo_font_weight":"","ocean_menu_typo_font_weight_tablet":"","ocean_menu_typo_font_weight_mobile":"","ocean_menu_typo_transform":"","ocean_menu_typo_transform_tablet":"","ocean_menu_typo_transform_mobile":"","ocean_menu_typo_line_height":0,"ocean_menu_typo_line_height_tablet":0,"ocean_menu_typo_line_height_mobile":0,"ocean_menu_typo_line_height_unit":"","ocean_menu_typo_spacing":0,"ocean_menu_typo_spacing_tablet":0,"ocean_menu_typo_spacing_mobile":0,"ocean_menu_typo_spacing_unit":"","ocean_menu_link_color":"","ocean_menu_link_color_hover":"","ocean_menu_link_color_active":"","ocean_menu_link_background":"","ocean_menu_link_hover_background":"","ocean_menu_link_active_background":"","ocean_menu_social_links_bg":"","ocean_menu_social_hover_links_bg":"","ocean_menu_social_links_color":"","ocean_menu_social_hover_links_color":"","ocean_disable_title":"default","ocean_disable_heading":"default","ocean_post_title":"","ocean_post_subheading":"","ocean_post_title_style":"background-image","ocean_post_title_background_color":"","ocean_post_title_background":1461,"ocean_post_title_bg_image_position":"","ocean_post_title_bg_image_attachment":"","ocean_post_title_bg_image_repeat":"","ocean_post_title_bg_image_size":"","ocean_post_title_height":0,"ocean_post_title_bg_overlay":0.5,"ocean_post_title_bg_overlay_color":"","ocean_disable_breadcrumbs":"default","ocean_breadcrumbs_color":"","ocean_breadcrumbs_separator_color":"","ocean_breadcrumbs_links_color":"","ocean_breadcrumbs_links_hover_color":"","ocean_display_footer_widgets":"default","ocean_display_footer_bottom":"default","ocean_custom_footer_template":"0","footnotes":""},"class_list":["post-31","page","type-page","status-publish","hentry","entry"],"_links":{"self":[{"href":"http:\/\/npb.asso.fr\/site\/wp-json\/wp\/v2\/pages\/31","targetHints":{"allow":["GET"]}}],"collection":[{"href":"http:\/\/npb.asso.fr\/site\/wp-json\/wp\/v2\/pages"}],"about":[{"href":"http:\/\/npb.asso.fr\/site\/wp-json\/wp\/v2\/types\/page"}],"author":[{"embeddable":true,"href":"http:\/\/npb.asso.fr\/site\/wp-json\/wp\/v2\/users\/1"}],"replies":[{"embeddable":true,"href":"http:\/\/npb.asso.fr\/site\/wp-json\/wp\/v2\/comments?post=31"}],"version-history":[{"count":12,"href":"http:\/\/npb.asso.fr\/site\/wp-json\/wp\/v2\/pages\/31\/revisions"}],"predecessor-version":[{"id":3111,"href":"http:\/\/npb.asso.fr\/site\/wp-json\/wp\/v2\/pages\/31\/revisions\/3111"}],"wp:attachment":[{"href":"http:\/\/npb.asso.fr\/site\/wp-json\/wp\/v2\/media?parent=31"}],"curies":[{"name":"wp","href":"https:\/\/api.w.org\/{rel}","templated":true}]}}