{"id":528,"date":"2020-11-17T15:49:25","date_gmt":"2020-11-17T14:49:25","guid":{"rendered":"http:\/\/npb.asso.fr\/site\/?page_id=528"},"modified":"2026-04-20T10:59:49","modified_gmt":"2026-04-20T08:59:49","slug":"location-multipagaie","status":"publish","type":"page","link":"http:\/\/npb.asso.fr\/site\/location-multipagaie\/","title":{"rendered":"Location Multipagaie"},"content":{"rendered":"\n<p class=\"has-medium-font-size\">Pour naviguer en toute libert\u00e9 lorsque vous le souhaitez, optez pour une location ou un cours particulier sur l\u2019un de nos Points Location. Nos moniteurs vous conseillent et vous b\u00e9n\u00e9ficiez ainsi de la garantie s\u00e9curit\u00e9 des \u00c9coles Fran\u00e7aises de Voile. C\u2019est l\u2019assurance d\u2019une sortie 100 % plaisir et sans contrainte.  <\/p>\n\n\n<div class=\"wp-block-image is-style-default\">\n<figure class=\"aligncenter size-large\"><img fetchpriority=\"high\" decoding=\"async\" width=\"307\" height=\"199\" src=\"http:\/\/npb.asso.fr\/site\/wp-content\/uploads\/2020\/11\/pirogue.jpg\" alt=\"\" class=\"wp-image-990\" srcset=\"http:\/\/npb.asso.fr\/site\/wp-content\/uploads\/2020\/11\/pirogue.jpg 307w, http:\/\/npb.asso.fr\/site\/wp-content\/uploads\/2020\/11\/pirogue-300x194.jpg 300w, http:\/\/npb.asso.fr\/site\/wp-content\/uploads\/2020\/11\/pirogue-179x116.jpg 179w\" sizes=\"(max-width: 307px) 100vw, 307px\" \/><\/figure>\n<\/div>\n\n\n<p class=\"has-medium-font-size\">Pour votre s\u00e9curit\u00e9 la navigation s\u2019effectue dans la zone de navigation de l\u2019\u00e9cole de voile.<\/p>\n\n\n\n<p class=\"has-medium-font-size\">Sont mis \u00e0 disposition&nbsp;: combinaison, gilet, harnais, \u2026<\/p>\n\n\n\n<p class=\"has-medium-font-size\">Horaires&nbsp;hors saison: Base de Piriac-sur-Mer : sur demande<\/p>\n\n\n\n<p class=\"has-medium-font-size\">Horaires&nbsp;: Bases de Mesquer-Quimiac, la Turballe et Piriac-sur-Mer : de 13 h 30 \u00e0 18 h 00 du lundi au vendredi et de 14 h 30 \u00e0 18 h 00 le samedi en \u00e9t\u00e9.<\/p>\n\n\n\n<p class=\"has-text-align-center has-vivid-red-color has-text-color\" style=\"font-size:30px\"><\/p>\n\n\n\n<p class=\"has-medium-font-size\"><span style=\"text-decoration: underline;\">Tarif<\/span> :<\/p>\n\n\n\n<figure class=\"wp-block-table alignwide is-style-stripes\"><table class=\"has-background\" style=\"background-color:#e7f5fe\"><tbody><tr><td> <strong>Supports<\/strong> <\/td><td> <strong>Tarif 1h<\/strong> <\/td><td> <strong>Forfait 2h<\/strong>* <\/td><td class=\"has-text-align-left\" data-align=\"left\"> <strong>Forfait 4h<\/strong>* <\/td><\/tr><tr><td> Kayak de mer Solo<\/td><td>20.00 \u20ac<\/td><td>30.00 \u20ac<\/td><td class=\"has-text-align-left\" data-align=\"left\">50.00 \u20ac<\/td><\/tr><tr><td> Kayak de mer Double<\/td><td>23.00 \u20ac<\/td><td>35.00 \u20ac<\/td><td class=\"has-text-align-left\" data-align=\"left\">50.00 \u20ac<\/td><\/tr><tr><td> Stand Up Paddle<\/td><td>20.00 \u20ac<\/td><td>28.00 \u20ac<\/td><td class=\"has-text-align-left\" data-align=\"left\">50.00 \u20ac<\/td><\/tr><tr><td> Paddle collectif (mini 6 pers &#8211; max 8 pers)<br><strong><span style=\"text-decoration: underline;\">uniquement \u00e0 Piriac-sur-Mer<\/span><\/strong><\/td><td>65.00 \u20ac<\/td><td><\/td><td class=\"has-text-align-left\" data-align=\"left\"><\/td><\/tr><tr><td> Pirogue 1 place<br><strong><span style=\"text-decoration: underline;\">uniquement \u00e0 Piriac-sur-Mer<\/span><\/strong><\/td><td>20.00 \u20ac<\/td><td>30.00 \u20ac<\/td><td class=\"has-text-align-left\" data-align=\"left\"><\/td><\/tr><\/tbody><\/table><\/figure>\n\n\n\n<p class=\"has-small-font-size\"><strong>*<\/strong>Les forfaits sont nominatifs, \u00e0 utiliser comme vous le souhaitez, vous permettent de b\u00e9n\u00e9ficier d&rsquo;une remise. Les forfaits sont valables uniquement jusqu&rsquo;au 30 Septembre de l&rsquo;ann\u00e9e en cours.<\/p>\n\n\n<div class=\"wp-block-image is-style-default\">\n<figure class=\"aligncenter size-large\"><img decoding=\"async\" width=\"369\" height=\"238\" src=\"http:\/\/npb.asso.fr\/site\/wp-content\/uploads\/2020\/11\/loc-pagaie.png\" alt=\"\" class=\"wp-image-992\" srcset=\"http:\/\/npb.asso.fr\/site\/wp-content\/uploads\/2020\/11\/loc-pagaie.png 369w, http:\/\/npb.asso.fr\/site\/wp-content\/uploads\/2020\/11\/loc-pagaie-300x193.png 300w, http:\/\/npb.asso.fr\/site\/wp-content\/uploads\/2020\/11\/loc-pagaie-180x116.png 180w\" sizes=\"(max-width: 369px) 100vw, 369px\" \/><\/figure>\n<\/div>\n\n\n<div class=\"wp-block-buttons is-content-justification-center is-layout-flex wp-container-core-buttons-is-layout-16018d1d wp-block-buttons-is-layout-flex\">\n<div class=\"wp-block-button\"><a class=\"wp-block-button__link has-background wp-element-button\" href=\"http:\/\/npb.asso.fr\/site\/?page_id=54\" style=\"background-color:#a8cee4\">Location de support de voile<\/a><\/div>\n<\/div>\n\n\n\n<p><\/p>\n","protected":false},"excerpt":{"rendered":"<p>Pour naviguer en toute libert\u00e9 lorsque vous le souhaitez, optez pour une location ou un cours particulier sur l\u2019un de nos Points Location. Nos moniteurs vous conseillent et vous b\u00e9n\u00e9ficiez ainsi de la garantie s\u00e9curit\u00e9 des \u00c9coles Fran\u00e7aises de Voile. C\u2019est l\u2019assurance d\u2019une sortie 100 % plaisir et sans contrainte. Pour votre s\u00e9curit\u00e9 la navigation [&hellip;]<\/p>\n","protected":false},"author":1,"featured_media":0,"parent":0,"menu_order":0,"comment_status":"closed","ping_status":"closed","template":"","meta":{"ocean_post_layout":"full-width","ocean_both_sidebars_style":"","ocean_both_sidebars_content_width":0,"ocean_both_sidebars_sidebars_width":0,"ocean_sidebar":"0","ocean_second_sidebar":"0","ocean_disable_margins":"enable","ocean_add_body_class":"","ocean_shortcode_before_top_bar":"","ocean_shortcode_after_top_bar":"","ocean_shortcode_before_header":"","ocean_shortcode_after_header":"","ocean_has_shortcode":"","ocean_shortcode_after_title":"","ocean_shortcode_before_footer_widgets":"","ocean_shortcode_after_footer_widgets":"","ocean_shortcode_before_footer_bottom":"","ocean_shortcode_after_footer_bottom":"","ocean_display_top_bar":"default","ocean_display_header":"default","ocean_header_style":"","ocean_center_header_left_menu":"0","ocean_custom_header_template":"0","ocean_custom_logo":0,"ocean_custom_retina_logo":0,"ocean_custom_logo_max_width":0,"ocean_custom_logo_tablet_max_width":0,"ocean_custom_logo_mobile_max_width":0,"ocean_custom_logo_max_height":0,"ocean_custom_logo_tablet_max_height":0,"ocean_custom_logo_mobile_max_height":0,"ocean_header_custom_menu":"0","ocean_menu_typo_font_family":"0","ocean_menu_typo_font_subset":"","ocean_menu_typo_font_size":0,"ocean_menu_typo_font_size_tablet":0,"ocean_menu_typo_font_size_mobile":0,"ocean_menu_typo_font_size_unit":"px","ocean_menu_typo_font_weight":"","ocean_menu_typo_font_weight_tablet":"","ocean_menu_typo_font_weight_mobile":"","ocean_menu_typo_transform":"","ocean_menu_typo_transform_tablet":"","ocean_menu_typo_transform_mobile":"","ocean_menu_typo_line_height":0,"ocean_menu_typo_line_height_tablet":0,"ocean_menu_typo_line_height_mobile":0,"ocean_menu_typo_line_height_unit":"","ocean_menu_typo_spacing":0,"ocean_menu_typo_spacing_tablet":0,"ocean_menu_typo_spacing_mobile":0,"ocean_menu_typo_spacing_unit":"","ocean_menu_link_color":"","ocean_menu_link_color_hover":"","ocean_menu_link_color_active":"","ocean_menu_link_background":"","ocean_menu_link_hover_background":"","ocean_menu_link_active_background":"","ocean_menu_social_links_bg":"","ocean_menu_social_hover_links_bg":"","ocean_menu_social_links_color":"","ocean_menu_social_hover_links_color":"","ocean_disable_title":"default","ocean_disable_heading":"default","ocean_post_title":"","ocean_post_subheading":"","ocean_post_title_style":"background-image","ocean_post_title_background_color":"","ocean_post_title_background":1513,"ocean_post_title_bg_image_position":"","ocean_post_title_bg_image_attachment":"","ocean_post_title_bg_image_repeat":"","ocean_post_title_bg_image_size":"","ocean_post_title_height":0,"ocean_post_title_bg_overlay":0.5,"ocean_post_title_bg_overlay_color":"","ocean_disable_breadcrumbs":"default","ocean_breadcrumbs_color":"","ocean_breadcrumbs_separator_color":"","ocean_breadcrumbs_links_color":"","ocean_breadcrumbs_links_hover_color":"","ocean_display_footer_widgets":"default","ocean_display_footer_bottom":"default","ocean_custom_footer_template":"0","footnotes":""},"class_list":["post-528","page","type-page","status-publish","hentry","entry"],"_links":{"self":[{"href":"http:\/\/npb.asso.fr\/site\/wp-json\/wp\/v2\/pages\/528","targetHints":{"allow":["GET"]}}],"collection":[{"href":"http:\/\/npb.asso.fr\/site\/wp-json\/wp\/v2\/pages"}],"about":[{"href":"http:\/\/npb.asso.fr\/site\/wp-json\/wp\/v2\/types\/page"}],"author":[{"embeddable":true,"href":"http:\/\/npb.asso.fr\/site\/wp-json\/wp\/v2\/users\/1"}],"replies":[{"embeddable":true,"href":"http:\/\/npb.asso.fr\/site\/wp-json\/wp\/v2\/comments?post=528"}],"version-history":[{"count":15,"href":"http:\/\/npb.asso.fr\/site\/wp-json\/wp\/v2\/pages\/528\/revisions"}],"predecessor-version":[{"id":3760,"href":"http:\/\/npb.asso.fr\/site\/wp-json\/wp\/v2\/pages\/528\/revisions\/3760"}],"wp:attachment":[{"href":"http:\/\/npb.asso.fr\/site\/wp-json\/wp\/v2\/media?parent=528"}],"curies":[{"name":"wp","href":"https:\/\/api.w.org\/{rel}","templated":true}]}}