{"id":53,"date":"2020-11-05T10:45:09","date_gmt":"2020-11-05T09:45:09","guid":{"rendered":"http:\/\/npb.asso.fr\/site\/?page_id=53"},"modified":"2020-12-10T11:19:17","modified_gmt":"2020-12-10T10:19:17","slug":"voile-scolaire","status":"publish","type":"page","link":"http:\/\/npb.asso.fr\/site\/voile-scolaire\/","title":{"rendered":"Voile l\u00e9g\u00e8re"},"content":{"rendered":"\n<p class=\"has-medium-font-size\">La voile s&rsquo;inscrit dans une programmation d&rsquo;activit\u00e9s visant \u00e0 d\u00e9velopper des comp\u00e9tences, des connaissances et des comp\u00e9tences sp\u00e9cifiques chez l&rsquo;\u00e9l\u00e8ve :<\/p>\n\n\n\n<ul class=\"wp-block-list\"><li>Apprendre \u00e0 naviguer sur nos diff\u00e9rents supports<\/li><li>Sensibilisation \u00e0 l&rsquo;environnement et au milieu marin<\/li><li>Solidarit\u00e9 en mer<\/li><li>Entraide<\/li><li>Travail en \u00e9quipe<\/li><li>D\u00e9couverte d&rsquo;une nouvelle activit\u00e9 en plein air<\/li><li>Communication<\/li><li>Vocabulaire marin<\/li><li>Matelotage<\/li><\/ul>\n\n\n\n<p class=\"has-medium-font-size\">La voile est une activit\u00e9 tr\u00e8s compl\u00e8te qui permet de d\u00e9velopper de nombreuses capacit\u00e9s autant intellectuelles que motrices. De plus, elle permet de servir d&rsquo;exemple pour la physique et les math\u00e9matiques.<\/p>\n\n\n\n<p class=\"has-medium-font-size\"><strong><span style=\"text-decoration: underline;\">Pourquoi naviguer avec NPB<\/span><\/strong> <strong>?<\/strong><\/p>\n\n\n\n<p>Pour les enfants :<\/p>\n\n\n\n<ul class=\"wp-block-list\"><li>Vivre une aventure nouvelle<\/li><li>Leur donner envie de naviguer gr\u00e2ce au plaisir de la voile<\/li><\/ul>\n\n\n\n<p class=\"has-medium-font-size\">Pour les enseignants:<\/p>\n\n\n\n<ul class=\"wp-block-list\"><li>Atteindre des objectifs \u00e9ducatifs fix\u00e9s par les programmes scolaires<\/li><\/ul>\n\n\n\n<p class=\"has-medium-font-size\">Pour NPB : <\/p>\n\n\n\n<ul class=\"wp-block-list\"><li>P\u00e9renniser l&rsquo;activit\u00e9 scolaire<\/li><li>Donner envie aux enfants de poursuivre une pratique en club<\/li><\/ul>\n\n\n\n<p class=\"has-medium-font-size\">Nautisme en Pays Blanc est une association agr\u00e9\u00e9 par le Minist\u00e8re des Sports, de la Jeunesse, de l&rsquo;\u00c9ducation populaire et de la Vie Associative, affili\u00e9e \u00e0 la F\u00e9d\u00e9ration Fran\u00e7aise de Voile et agr\u00e9\u00e9e par l&rsquo;Inspection Acad\u00e9mique.<\/p>\n\n\n\n<p class=\"has-medium-font-size\">L&rsquo;accueil des activit\u00e9s peut s&rsquo;effectuer sur nos trois bases nautiques, en fonction de la proximit\u00e9 de l&rsquo;\u00e9tablissement scolaire :<\/p>\n\n\n\n<ul class=\"wp-block-list\"><li>Piriac-sur-Mer<\/li><li>Mesquer &#8211; Quimiac<\/li><li>La Turballe<\/li><\/ul>\n\n\n\n<div class=\"wp-block-columns has-2-columns is-layout-flex wp-container-core-columns-is-layout-1 wp-block-columns-is-layout-flex\">\n<div class=\"wp-block-column is-layout-flow wp-block-column-is-layout-flow\">\n<div class=\"wp-block-image\"><figure class=\"aligncenter size-thumbnail is-resized\"><img decoding=\"async\" src=\"http:\/\/npb.asso.fr\/site\/wp-content\/uploads\/2020\/11\/1-P1090738-Copier-150x150.jpg\" alt=\"\" class=\"wp-image-970\" width=\"160\" height=\"160\"\/><\/figure><\/div>\n<\/div>\n\n\n\n<div class=\"wp-block-column is-layout-flow wp-block-column-is-layout-flow\">\n<div class=\"wp-block-image\"><figure class=\"aligncenter size-thumbnail\"><img decoding=\"async\" width=\"150\" height=\"150\" src=\"http:\/\/npb.asso.fr\/site\/wp-content\/uploads\/2020\/11\/1-P1090760-Copier-150x150.jpg\" alt=\"\" class=\"wp-image-971\"\/><\/figure><\/div>\n<\/div>\n<\/div>\n\n\n\n<p class=\"has-medium-font-size\">Du primaire au lyc\u00e9e, Nautisme en Pays Blanc r\u00e9pond aux sollicitations des diff\u00e9rents projets p\u00e9dagogiques en collaboration avec les enseignants pour soutenir la pratique de la voile ou tout autre projet.<\/p>\n\n\n\n<p class=\"has-medium-font-size\"><strong><span style=\"text-decoration: underline;\">L&rsquo;\u00e9quipement<\/span><\/strong> :<\/p>\n\n\n\n<p>La tenue pour pratiquer l&rsquo;activit\u00e9 apport\u00e9e par les \u00e9l\u00e8ves :<\/p>\n\n\n\n<ul class=\"wp-block-list\"><li>Coupe-vent ou K-way,<\/li><li>Botillons ou chaussons en n\u00e9opr\u00e8ne ou vieilles chaussures de sport,<\/li><li>Une serviette de bain,<\/li><li>Une tenue de rechange complet bien chaude selon la m\u00e9t\u00e9o.<\/li><\/ul>\n\n\n\n<p class=\"has-medium-font-size\">La tenue pour pratiquer l&rsquo;activit\u00e9 pr\u00eat\u00e9e par NPB :<\/p>\n\n\n\n<ul class=\"wp-block-list\"><li>Combinaison shorty en n\u00e9opr\u00e8ne<\/li><li>Gilet de sauvetage<\/li><\/ul>\n\n\n\n<figure class=\"wp-block-embed-youtube wp-block-embed is-type-video is-provider-youtube\"><div class=\"wp-block-embed__wrapper\">\n<p class=\"responsive-video-wrap clr\"><iframe title=\"Clip : Pr\u00e9sentation de la voile \u00e0 l&#039;\u00e9cole\" width=\"1200\" height=\"675\" src=\"https:\/\/www.youtube.com\/embed\/a1LWJwqYnGU?feature=oembed\" frameborder=\"0\" allow=\"accelerometer; autoplay; clipboard-write; encrypted-media; gyroscope; picture-in-picture\" allowfullscreen><\/iframe><\/p>\n<\/div><\/figure>\n\n\n\n<figure class=\"wp-block-embed-youtube aligncenter wp-block-embed is-type-video is-provider-youtube\"><div class=\"wp-block-embed__wrapper\">\n<p class=\"responsive-video-wrap clr\"><iframe title=\"Voile \u00e0 l&#039;\u00e9cole - Episode 2 : La voile radio-command\u00e9e - Tous \u00e0 vos manettes !\" width=\"1200\" height=\"675\" src=\"https:\/\/www.youtube.com\/embed\/jzvwzmy3lgE?feature=oembed\" frameborder=\"0\" allow=\"accelerometer; autoplay; clipboard-write; encrypted-media; gyroscope; picture-in-picture\" allowfullscreen><\/iframe><\/p>\n<\/div><\/figure>\n\n\n\n<figure class=\"wp-block-embed-youtube aligncenter wp-block-embed is-type-video is-provider-youtube\"><div class=\"wp-block-embed__wrapper\">\n<p class=\"responsive-video-wrap clr\"><iframe title=\"Voile \u00e0 l&#039;\u00e9cole - Episode 3 : Le cycle voile \u00e0 l&#039;abordage\" width=\"1200\" height=\"675\" src=\"https:\/\/www.youtube.com\/embed\/Qqw8-O-v0og?feature=oembed\" frameborder=\"0\" allow=\"accelerometer; autoplay; clipboard-write; encrypted-media; gyroscope; picture-in-picture\" allowfullscreen><\/iframe><\/p>\n<\/div><\/figure>\n\n\n\n<p class=\"has-medium-font-size\">Pour plus de renseignements, nous invitons \u00e0 nous contacter.<\/p>\n\n\n\n<div class=\"wp-block-button aligncenter\"><a class=\"wp-block-button__link\" href=\"http:\/\/npb.asso.fr\/site\/wp-admin\/post.php?post=303&amp;action=edit\">Contact<\/a><\/div>\n","protected":false},"excerpt":{"rendered":"<p>La voile s&rsquo;inscrit dans une programmation d&rsquo;activit\u00e9s visant \u00e0 d\u00e9velopper des comp\u00e9tences, des connaissances et des comp\u00e9tences sp\u00e9cifiques chez l&rsquo;\u00e9l\u00e8ve : Apprendre \u00e0 naviguer sur nos diff\u00e9rents supports Sensibilisation \u00e0 l&rsquo;environnement et au milieu marin Solidarit\u00e9 en mer Entraide Travail en \u00e9quipe D\u00e9couverte d&rsquo;une nouvelle activit\u00e9 en plein air Communication Vocabulaire marin Matelotage La voile [&hellip;]<\/p>\n","protected":false},"author":1,"featured_media":0,"parent":0,"menu_order":0,"comment_status":"closed","ping_status":"closed","template":"","meta":{"ocean_post_layout":"full-width","ocean_both_sidebars_style":"","ocean_both_sidebars_content_width":0,"ocean_both_sidebars_sidebars_width":0,"ocean_sidebar":"0","ocean_second_sidebar":"0","ocean_disable_margins":"enable","ocean_add_body_class":"","ocean_shortcode_before_top_bar":"","ocean_shortcode_after_top_bar":"","ocean_shortcode_before_header":"","ocean_shortcode_after_header":"","ocean_has_shortcode":"","ocean_shortcode_after_title":"","ocean_shortcode_before_footer_widgets":"","ocean_shortcode_after_footer_widgets":"","ocean_shortcode_before_footer_bottom":"","ocean_shortcode_after_footer_bottom":"","ocean_display_top_bar":"default","ocean_display_header":"default","ocean_header_style":"","ocean_center_header_left_menu":"0","ocean_custom_header_template":"0","ocean_custom_logo":0,"ocean_custom_retina_logo":0,"ocean_custom_logo_max_width":0,"ocean_custom_logo_tablet_max_width":0,"ocean_custom_logo_mobile_max_width":0,"ocean_custom_logo_max_height":0,"ocean_custom_logo_tablet_max_height":0,"ocean_custom_logo_mobile_max_height":0,"ocean_header_custom_menu":"0","ocean_menu_typo_font_family":"0","ocean_menu_typo_font_subset":"","ocean_menu_typo_font_size":0,"ocean_menu_typo_font_size_tablet":0,"ocean_menu_typo_font_size_mobile":0,"ocean_menu_typo_font_size_unit":"px","ocean_menu_typo_font_weight":"","ocean_menu_typo_font_weight_tablet":"","ocean_menu_typo_font_weight_mobile":"","ocean_menu_typo_transform":"","ocean_menu_typo_transform_tablet":"","ocean_menu_typo_transform_mobile":"","ocean_menu_typo_line_height":0,"ocean_menu_typo_line_height_tablet":0,"ocean_menu_typo_line_height_mobile":0,"ocean_menu_typo_line_height_unit":"","ocean_menu_typo_spacing":0,"ocean_menu_typo_spacing_tablet":0,"ocean_menu_typo_spacing_mobile":0,"ocean_menu_typo_spacing_unit":"","ocean_menu_link_color":"","ocean_menu_link_color_hover":"","ocean_menu_link_color_active":"","ocean_menu_link_background":"","ocean_menu_link_hover_background":"","ocean_menu_link_active_background":"","ocean_menu_social_links_bg":"","ocean_menu_social_hover_links_bg":"","ocean_menu_social_links_color":"","ocean_menu_social_hover_links_color":"","ocean_disable_title":"default","ocean_disable_heading":"default","ocean_post_title":"","ocean_post_subheading":"","ocean_post_title_style":"centered","ocean_post_title_background_color":"","ocean_post_title_background":0,"ocean_post_title_bg_image_position":"","ocean_post_title_bg_image_attachment":"","ocean_post_title_bg_image_repeat":"","ocean_post_title_bg_image_size":"","ocean_post_title_height":0,"ocean_post_title_bg_overlay":0.5,"ocean_post_title_bg_overlay_color":"","ocean_disable_breadcrumbs":"default","ocean_breadcrumbs_color":"","ocean_breadcrumbs_separator_color":"","ocean_breadcrumbs_links_color":"","ocean_breadcrumbs_links_hover_color":"","ocean_display_footer_widgets":"default","ocean_display_footer_bottom":"default","ocean_custom_footer_template":"0","footnotes":""},"class_list":["post-53","page","type-page","status-publish","hentry","entry"],"_links":{"self":[{"href":"http:\/\/npb.asso.fr\/site\/wp-json\/wp\/v2\/pages\/53","targetHints":{"allow":["GET"]}}],"collection":[{"href":"http:\/\/npb.asso.fr\/site\/wp-json\/wp\/v2\/pages"}],"about":[{"href":"http:\/\/npb.asso.fr\/site\/wp-json\/wp\/v2\/types\/page"}],"author":[{"embeddable":true,"href":"http:\/\/npb.asso.fr\/site\/wp-json\/wp\/v2\/users\/1"}],"replies":[{"embeddable":true,"href":"http:\/\/npb.asso.fr\/site\/wp-json\/wp\/v2\/comments?post=53"}],"version-history":[{"count":18,"href":"http:\/\/npb.asso.fr\/site\/wp-json\/wp\/v2\/pages\/53\/revisions"}],"predecessor-version":[{"id":1551,"href":"http:\/\/npb.asso.fr\/site\/wp-json\/wp\/v2\/pages\/53\/revisions\/1551"}],"wp:attachment":[{"href":"http:\/\/npb.asso.fr\/site\/wp-json\/wp\/v2\/media?parent=53"}],"curies":[{"name":"wp","href":"https:\/\/api.w.org\/{rel}","templated":true}]}}