{"id":54,"date":"2020-11-05T10:45:09","date_gmt":"2020-11-05T09:45:09","guid":{"rendered":"http:\/\/npb.asso.fr\/site\/?page_id=54"},"modified":"2026-04-20T10:59:06","modified_gmt":"2026-04-20T08:59:06","slug":"location-cours-particuliers","status":"publish","type":"page","link":"http:\/\/npb.asso.fr\/site\/location-cours-particuliers\/","title":{"rendered":"Location \/ Cours particuliers"},"content":{"rendered":"\n<p class=\"has-medium-font-size\"> Pour naviguer en toute libert\u00e9 lorsque vous le souhaitez, optez pour une location ou un cours particulier sur l\u2019un de nos Points Location. Nos moniteurs vous conseillent et vous b\u00e9n\u00e9ficiez ainsi de la garantie s\u00e9curit\u00e9 des \u00c9coles Fran\u00e7aises de Voile. C\u2019est l\u2019assurance d\u2019une sortie 100 % plaisir et sans contrainte. <\/p>\n\n\n\n<figure class=\"wp-block-embed is-type-video is-provider-youtube wp-block-embed-youtube\"><div class=\"wp-block-embed__wrapper\">\n<p class=\"responsive-video-wrap clr\"><iframe title=\"Activit\u00e9s FFVoile : Point Location\" width=\"1200\" height=\"675\" src=\"https:\/\/www.youtube.com\/embed\/pQgdFAgsljU?feature=oembed\" frameborder=\"0\" allow=\"accelerometer; autoplay; clipboard-write; encrypted-media; gyroscope; picture-in-picture; web-share\" referrerpolicy=\"strict-origin-when-cross-origin\" allowfullscreen><\/iframe><\/p>\n<\/div><\/figure>\n\n\n\n<p style=\"font-size:25px\"><strong>Service location<\/strong><\/p>\n\n\n\n<p class=\"has-medium-font-size\">Les points location FFV, c\u2019est la possibilit\u00e9 de naviguer en planche \u00e0 voile, catamaran et d\u00e9riveur, Kayak de Mer sur &nbsp;en Stand Up Paddle sur du mat\u00e9riel pr\u00eat \u00e0 naviguer.<\/p>\n\n\n\n<p class=\"has-medium-font-size\">Pour votre s\u00e9curit\u00e9 la navigation s\u2019effectue dans la zone de navigation de l\u2019\u00e9cole de voile. <\/p>\n\n\n\n<p class=\"has-medium-font-size\">Pour louer du mat\u00e9riel, il est n\u00e9cessaire d&rsquo;avoir un niveau 3 FFVoile ou \u00e9quivalent.<\/p>\n\n\n\n<p class=\"has-medium-font-size\">Sont mis \u00e0 disposition&nbsp;: combinaison, gilet, harnais, ceinture de trap\u00e8ze\u2026 Vous devez vous munir d&rsquo;une paire de chaussures pouvant aller dans l&rsquo;eau (vieilles paires de basket ou chaussures d&rsquo;eau).<\/p>\n\n\n\n<p class=\"has-medium-font-size\">Horaires&nbsp;: Bases de Mesquer-Quimiac, la Turballe et Piriac-sur-Mer : de 14 h 00 \u00e0 18 h 00 du&nbsp;lundi au vendredi et de 14 h 00 \u00e0 18 h 00 le samedi en \u00e9t\u00e9.<\/p>\n\n\n\n<p class=\"has-text-align-center has-vivid-red-color has-white-background-color has-text-color has-background\" style=\"font-size:30px\"><strong>Pour la location : Attention r\u00e9servation uniquement le jour m\u00eame ou la veille <\/strong><strong>pour Juillet et Ao\u00fbt.<\/strong><\/p>\n\n\n\n<p class=\"has-text-align-center\" style=\"font-size:30px\"><strong>Hors saison, les demandes sont \u00e0 effectuer \u00e0 l&rsquo;avance.<\/strong> Seule la base de Piriac est ouverte \u00e0 l&rsquo;ann\u00e9e.<\/p>\n\n\n\n<p><span style=\"text-decoration: underline;\">Tarif de la voile<\/span> :<\/p>\n\n\n\n<figure class=\"wp-block-table alignwide is-style-stripes\"><table class=\"has-background\" style=\"background-color:#e7f5fe\"><tbody><tr><td><strong>Supports<\/strong><\/td><td class=\"has-text-align-center\" data-align=\"center\"><strong>Tarif 1h<\/strong><\/td><td class=\"has-text-align-center\" data-align=\"center\"><strong>Forfait 4h<\/strong>*<\/td><\/tr><tr><td>Optimist ou Catamaran 12 pieds<\/td><td class=\"has-text-align-center\" data-align=\"center\">40.00 \u20ac<\/td><td class=\"has-text-align-center\" data-align=\"center\"><\/td><\/tr><tr><td>Catamaran 14 pieds<\/td><td class=\"has-text-align-center\" data-align=\"center\">45.00 \u20ac<\/td><td class=\"has-text-align-center\" data-align=\"center\">140.00 \u20ac<\/td><\/tr><tr><td>Catamaran 16 pieds<\/td><td class=\"has-text-align-center\" data-align=\"center\">50.00 \u20ac<\/td><td class=\"has-text-align-center\" data-align=\"center\">160.00 \u20ac<\/td><\/tr><tr><td>D\u00e9riveur double ou solitaire<br><strong><span style=\"text-decoration: underline;\">uniquement \u00e0 Piriac-sur-Mer<\/span><\/strong><\/td><td class=\"has-text-align-center\" data-align=\"center\">45.00 \u20ac<\/td><td class=\"has-text-align-center\" data-align=\"center\">150.00 \u20ac<\/td><\/tr><tr><td>Planche \u00e0 voile<\/td><td class=\"has-text-align-center\" data-align=\"center\">35.00 \u20ac<\/td><td class=\"has-text-align-center\" data-align=\"center\">110.00 \u20ac<\/td><\/tr><tr><td>Hansa<\/td><td class=\"has-text-align-center\" data-align=\"center\">65.00 \u20ac<\/td><td class=\"has-text-align-center\" data-align=\"center\">280.00 \u20ac<\/td><\/tr><\/tbody><\/table><\/figure>\n\n\n\n<p class=\"has-small-font-size\"><strong>*<\/strong>Les forfaits sont nominatifs, \u00e0 utiliser comme vous le souhaitez, vous permettent de b\u00e9n\u00e9ficier d&rsquo;une remise. Les forfaits sont valables uniquement jusqu&rsquo;au 31 d\u00e9cembre de l&rsquo;ann\u00e9e en cours. <\/p>\n\n\n\n<div class=\"wp-block-buttons is-content-justification-center is-layout-flex wp-container-core-buttons-is-layout-16018d1d wp-block-buttons-is-layout-flex\">\n<div class=\"wp-block-button\"><a class=\"wp-block-button__link has-background wp-element-button\" href=\"http:\/\/npb.asso.fr\/site\/?page_id=528\" style=\"background-color:#a8cee4\">Location de kayak, pirogue et paddle<\/a><\/div>\n<\/div>\n\n\n\n<hr class=\"wp-block-separator has-css-opacity is-style-wide\"\/>\n\n\n\n<p style=\"font-size:25px\"><strong>Cours particuliers<\/strong><\/p>\n\n\n\n<p class=\"has-medium-font-size\">Vous n\u2019\u00eates pas autonome, choisissez le cours particuliers ! Une formule qui vous permet d\u2019apprendre en toute libert\u00e9 sur catamaran ou d\u00e9riveur.<\/p>\n\n\n\n<p class=\"has-medium-font-size\">Les cours particuliers sont assur\u00e9s par des moniteurs dipl\u00f4m\u00e9s. En vous accompagnant, ils vous permettent de progresser avec un programme personnalis\u00e9. En \u00e9t\u00e9, de 13 h 30 \u00e0 18 h 00 \u00e0 Piriac-sur-Mer, Quimiac et \u00e0 la Turballe, uniquement en semaine et selon disponibilit\u00e9.<\/p>\n\n\n\n<p class=\"has-text-align-center has-vivid-red-color has-white-background-color has-text-color has-background\" style=\"font-size:30px\"><\/p>\n\n\n\n<figure class=\"wp-block-table alignwide is-style-stripes\"><table class=\"has-background\" style=\"background-color:#e7f5fe\"><tbody><tr><td><strong>Supports<\/strong><\/td><td><strong>Tarif 1h<\/strong><\/td><td><strong>Forfait 5h<\/strong>*<\/td><\/tr><tr><td>Optimist ou Catamaran 12 pieds<\/td><td>65.00 \u20ac<\/td><td>250.00 \u20ac<\/td><\/tr><tr><td>Catamaran 14 pieds<\/td><td>75.00 \u20ac<\/td><td>300.00 \u20ac<\/td><\/tr><tr><td>Catamaran 16 pieds<\/td><td>85.00 \u20ac<\/td><td>340.00 \u20ac<\/td><\/tr><tr><td>D\u00e9riveur double ou solitaire<br><span style=\"text-decoration: underline;\"><strong>uniquement \u00e0 Piriac-sur-Mer<\/strong><\/span><\/td><td>80.00 \u20ac<\/td><td>300.00 \u20ac<\/td><\/tr><tr><td>Planche \u00e0 voile<\/td><td>65.00 \u20ac<\/td><td>260.00 \u20ac<\/td><\/tr><tr><td>Wingfoil<br><span style=\"text-decoration: underline;\"><strong>uniquement \u00e0 Quimiac<\/strong><\/span><strong><span style=\"text-decoration: underline;\"> et Piriac-sur-Mer<\/span><\/strong><\/td><td>80.00 \u20ac<\/td><td>Tarif 2h : 140 \u20ac<\/td><\/tr><tr><td>Hansa (bateau adapt\u00e9 au personne \u00e0 mobilit\u00e9 r\u00e9duite)<br><span style=\"text-decoration: underline;\"><strong>uniquement \u00e0 Piriac-sur-Mer<\/strong><\/span><\/td><td>100.00 \u20ac<\/td><td>380.00 \u20ac<\/td><\/tr><tr><td>Mise \u00e0 disposition d&rsquo;un moniteur (bateau personnel)<\/td><td>65.00 \u20ac<\/td><td><\/td><\/tr><\/tbody><\/table><\/figure>\n\n\n\n<p class=\"has-small-font-size\"><strong>*<\/strong>Les forfaits sont nominatifs, \u00e0 utiliser comme vous le souhaitez, vous permettent de b\u00e9n\u00e9ficier d&rsquo;une remise. Les forfaits sont valables uniquement jusqu&rsquo;au 31 d\u00e9cembre de l&rsquo;ann\u00e9e en cours.<\/p>\n","protected":false},"excerpt":{"rendered":"<p>Pour naviguer en toute libert\u00e9 lorsque vous le souhaitez, optez pour une location ou un cours particulier sur l\u2019un de nos Points Location. Nos moniteurs vous conseillent et vous b\u00e9n\u00e9ficiez ainsi de la garantie s\u00e9curit\u00e9 des \u00c9coles Fran\u00e7aises de Voile. C\u2019est l\u2019assurance d\u2019une sortie 100 % plaisir et sans contrainte. Service location Les points location [&hellip;]<\/p>\n","protected":false},"author":1,"featured_media":0,"parent":0,"menu_order":0,"comment_status":"closed","ping_status":"closed","template":"","meta":{"ocean_post_layout":"full-width","ocean_both_sidebars_style":"","ocean_both_sidebars_content_width":0,"ocean_both_sidebars_sidebars_width":0,"ocean_sidebar":"0","ocean_second_sidebar":"0","ocean_disable_margins":"enable","ocean_add_body_class":"","ocean_shortcode_before_top_bar":"","ocean_shortcode_after_top_bar":"","ocean_shortcode_before_header":"","ocean_shortcode_after_header":"","ocean_has_shortcode":"","ocean_shortcode_after_title":"","ocean_shortcode_before_footer_widgets":"","ocean_shortcode_after_footer_widgets":"","ocean_shortcode_before_footer_bottom":"","ocean_shortcode_after_footer_bottom":"","ocean_display_top_bar":"default","ocean_display_header":"default","ocean_header_style":"","ocean_center_header_left_menu":"0","ocean_custom_header_template":"0","ocean_custom_logo":0,"ocean_custom_retina_logo":0,"ocean_custom_logo_max_width":0,"ocean_custom_logo_tablet_max_width":0,"ocean_custom_logo_mobile_max_width":0,"ocean_custom_logo_max_height":0,"ocean_custom_logo_tablet_max_height":0,"ocean_custom_logo_mobile_max_height":0,"ocean_header_custom_menu":"0","ocean_menu_typo_font_family":"0","ocean_menu_typo_font_subset":"","ocean_menu_typo_font_size":0,"ocean_menu_typo_font_size_tablet":0,"ocean_menu_typo_font_size_mobile":0,"ocean_menu_typo_font_size_unit":"px","ocean_menu_typo_font_weight":"","ocean_menu_typo_font_weight_tablet":"","ocean_menu_typo_font_weight_mobile":"","ocean_menu_typo_transform":"","ocean_menu_typo_transform_tablet":"","ocean_menu_typo_transform_mobile":"","ocean_menu_typo_line_height":0,"ocean_menu_typo_line_height_tablet":0,"ocean_menu_typo_line_height_mobile":0,"ocean_menu_typo_line_height_unit":"","ocean_menu_typo_spacing":0,"ocean_menu_typo_spacing_tablet":0,"ocean_menu_typo_spacing_mobile":0,"ocean_menu_typo_spacing_unit":"","ocean_menu_link_color":"","ocean_menu_link_color_hover":"","ocean_menu_link_color_active":"","ocean_menu_link_background":"","ocean_menu_link_hover_background":"","ocean_menu_link_active_background":"","ocean_menu_social_links_bg":"","ocean_menu_social_hover_links_bg":"","ocean_menu_social_links_color":"","ocean_menu_social_hover_links_color":"","ocean_disable_title":"default","ocean_disable_heading":"default","ocean_post_title":"","ocean_post_subheading":"","ocean_post_title_style":"background-image","ocean_post_title_background_color":"","ocean_post_title_background":1513,"ocean_post_title_bg_image_position":"center center","ocean_post_title_bg_image_attachment":"","ocean_post_title_bg_image_repeat":"","ocean_post_title_bg_image_size":"","ocean_post_title_height":0,"ocean_post_title_bg_overlay":0.5,"ocean_post_title_bg_overlay_color":"","ocean_disable_breadcrumbs":"default","ocean_breadcrumbs_color":"","ocean_breadcrumbs_separator_color":"","ocean_breadcrumbs_links_color":"","ocean_breadcrumbs_links_hover_color":"","ocean_display_footer_widgets":"default","ocean_display_footer_bottom":"default","ocean_custom_footer_template":"0","footnotes":""},"class_list":["post-54","page","type-page","status-publish","hentry","entry"],"_links":{"self":[{"href":"http:\/\/npb.asso.fr\/site\/wp-json\/wp\/v2\/pages\/54","targetHints":{"allow":["GET"]}}],"collection":[{"href":"http:\/\/npb.asso.fr\/site\/wp-json\/wp\/v2\/pages"}],"about":[{"href":"http:\/\/npb.asso.fr\/site\/wp-json\/wp\/v2\/types\/page"}],"author":[{"embeddable":true,"href":"http:\/\/npb.asso.fr\/site\/wp-json\/wp\/v2\/users\/1"}],"replies":[{"embeddable":true,"href":"http:\/\/npb.asso.fr\/site\/wp-json\/wp\/v2\/comments?post=54"}],"version-history":[{"count":34,"href":"http:\/\/npb.asso.fr\/site\/wp-json\/wp\/v2\/pages\/54\/revisions"}],"predecessor-version":[{"id":3759,"href":"http:\/\/npb.asso.fr\/site\/wp-json\/wp\/v2\/pages\/54\/revisions\/3759"}],"wp:attachment":[{"href":"http:\/\/npb.asso.fr\/site\/wp-json\/wp\/v2\/media?parent=54"}],"curies":[{"name":"wp","href":"https:\/\/api.w.org\/{rel}","templated":true}]}}