{"id":57,"date":"2020-11-05T10:45:09","date_gmt":"2020-11-05T09:45:09","guid":{"rendered":"http:\/\/npb.asso.fr\/site\/?page_id=57"},"modified":"2020-12-10T14:38:41","modified_gmt":"2020-12-10T13:38:41","slug":"handivoile","status":"publish","type":"page","link":"http:\/\/npb.asso.fr\/site\/handivoile\/","title":{"rendered":"Handivoile"},"content":{"rendered":"\n<p class=\"has-medium-font-size\">L\u2019association Nautisme en Pays Blanc est affili\u00e9e \u00e0 la <strong>F\u00e9d\u00e9ration Fran\u00e7aise du Sport Adapt\u00e9<\/strong> (FFSA) et <strong>F\u00e9d\u00e9ration Fran\u00e7aise du Handisport<\/strong> dans un objectif de proposer l\u2019acc\u00e8s \u00e0 la pratique sportive, notamment la voile, pour tous. <\/p>\n\n\n\n<p class=\"has-medium-font-size\">La structure de Piriac-sur-Mer offre une accessibilit\u00e9 compl\u00e8te aux personnes en situation de handicap (stationnement, installations,\u2026).<\/p>\n\n\n\n<p class=\"has-medium-font-size\">Les activit\u00e9s sont encadr\u00e9es par un moniteur dipl\u00f4m\u00e9 \u00ab\u00a0Brevet d&rsquo;\u00c9tat Voile\u00a0\u00bb.<\/p>\n\n\n\n<p class=\"has-medium-font-size\">Les supports de voile propos\u00e9s \u00e0 NPB :<\/p>\n\n\n\n<p class=\"has-medium-font-size\"><strong>ACCESS DINGHY 3.03<\/strong><\/p>\n\n\n\n<p>Quillard de sport. Deux bateaux sont \u00e0 disposition pour naviguer seul ou accompagn\u00e9.<\/p>\n\n\n\n<div class=\"wp-block-columns has-2-columns is-layout-flex wp-container-core-columns-is-layout-9d6595d7 wp-block-columns-is-layout-flex\">\n<div class=\"wp-block-column is-layout-flow wp-block-column-is-layout-flow\">\n<p class=\"has-medium-font-size\"><strong>Avantage du support<\/strong> :<\/p>\n\n\n\n<p class=\"has-medium-font-size\">Les conditions de s\u00e9curit\u00e9 sont optimales sur ce support. Les personnes dont la mobilit\u00e9 ou la force sont r\u00e9duites peuvent man\u0153uvrer facilement. La b\u00f4me, qui permet d&rsquo;orienter la grande voile, est, elle aussi, s\u00e9curis\u00e9e.<\/p>\n\n\n\n<p><strong>Mise en place<\/strong> :<\/p>\n\n\n\n<p class=\"has-medium-font-size\">Installation de la personne dans le bateau gr\u00e2ce \u00e0 une potence mise en place sur une ponton du port. Le barreur s&rsquo;assoit dans une sorte de hamac en toile de nylon mont\u00e9 lat\u00e9ralement. Il dispose d&rsquo;un espace autour du puit de d\u00e9rive pour \u00e9tendre les jambes. Le m\u00e2t pivotant est \u00e9quip\u00e9 d&rsquo;un enrouleur en pied de m\u00e2t permettant la r\u00e9duction de la voilure.<\/p>\n\n\n\n<p class=\"has-medium-font-size\"><strong>Proposition de l&rsquo;offre<\/strong> :<\/p>\n\n\n\n<p class=\"has-medium-font-size\">S\u00e9ance de voile en cours particuliers ou en s\u00e9ance pour des groupes (2h30)<\/p>\n<\/div>\n\n\n\n<div class=\"wp-block-column is-layout-flow wp-block-column-is-layout-flow\">\n<figure class=\"wp-block-image size-large is-style-default\"><img fetchpriority=\"high\" decoding=\"async\" width=\"1024\" height=\"684\" src=\"http:\/\/npb.asso.fr\/site\/wp-content\/uploads\/2020\/12\/npb-access-dingy-11-Copier-1024x684.jpg\" alt=\"\" class=\"wp-image-1310\" srcset=\"http:\/\/npb.asso.fr\/site\/wp-content\/uploads\/2020\/12\/npb-access-dingy-11-Copier-1024x684.jpg 1024w, http:\/\/npb.asso.fr\/site\/wp-content\/uploads\/2020\/12\/npb-access-dingy-11-Copier-300x200.jpg 300w, http:\/\/npb.asso.fr\/site\/wp-content\/uploads\/2020\/12\/npb-access-dingy-11-Copier-768x513.jpg 768w, http:\/\/npb.asso.fr\/site\/wp-content\/uploads\/2020\/12\/npb-access-dingy-11-Copier-1536x1026.jpg 1536w, http:\/\/npb.asso.fr\/site\/wp-content\/uploads\/2020\/12\/npb-access-dingy-11-Copier-174x116.jpg 174w, http:\/\/npb.asso.fr\/site\/wp-content\/uploads\/2020\/12\/npb-access-dingy-11-Copier.jpg 1600w\" sizes=\"(max-width: 1024px) 100vw, 1024px\" \/><\/figure>\n<\/div>\n<\/div>\n\n\n\n<p class=\"has-medium-font-size\"><strong>GO\u00c9LETTE FILLAO :<\/strong><\/p>\n\n\n\n<p class=\"has-medium-font-size\">Le Fillao peut accueillir un large public de personnes \u00e0 handicap moteur ou mental. Son grand cockpit auto videur peut embarquer \u00e0 bord jusqu&rsquo;\u00e0 12 personnes.<\/p>\n\n\n\n<div class=\"wp-block-columns has-2-columns is-layout-flex wp-container-core-columns-is-layout-9d6595d7 wp-block-columns-is-layout-flex\">\n<div class=\"wp-block-column is-layout-flow wp-block-column-is-layout-flow\">\n<figure class=\"wp-block-image size-large\"><img decoding=\"async\" width=\"1024\" height=\"684\" src=\"http:\/\/npb.asso.fr\/site\/wp-content\/uploads\/2020\/12\/goelette-fillao-npb-1-1024x684.jpg\" alt=\"\" class=\"wp-image-1313\" srcset=\"http:\/\/npb.asso.fr\/site\/wp-content\/uploads\/2020\/12\/goelette-fillao-npb-1-1024x684.jpg 1024w, http:\/\/npb.asso.fr\/site\/wp-content\/uploads\/2020\/12\/goelette-fillao-npb-1-300x200.jpg 300w, http:\/\/npb.asso.fr\/site\/wp-content\/uploads\/2020\/12\/goelette-fillao-npb-1-768x513.jpg 768w, http:\/\/npb.asso.fr\/site\/wp-content\/uploads\/2020\/12\/goelette-fillao-npb-1-1536x1026.jpg 1536w, http:\/\/npb.asso.fr\/site\/wp-content\/uploads\/2020\/12\/goelette-fillao-npb-1-174x116.jpg 174w, http:\/\/npb.asso.fr\/site\/wp-content\/uploads\/2020\/12\/goelette-fillao-npb-1.jpg 1600w\" sizes=\"(max-width: 1024px) 100vw, 1024px\" \/><\/figure>\n<\/div>\n\n\n\n<div class=\"wp-block-column is-layout-flow wp-block-column-is-layout-flow\">\n<p class=\"has-medium-font-size\"><strong>Avantage du support :<\/strong><\/p>\n\n\n\n<p class=\"has-medium-font-size\">Bateau s\u00e9curisant et p\u00e9dagogique, celui-ci est tr\u00e8s facile d&rsquo;utilisation gr\u00e2ce \u00e0 ces deux m\u00e2ts de misaine et son foc \u00e0 enrouleur. Tr\u00e8s rapide pour naviguer, il apporte un confort et une s\u00e9curit\u00e9.<\/p>\n\n\n\n<p class=\"has-medium-font-size\"><strong>Mise en place :<\/strong><\/p>\n\n\n\n<p class=\"has-medium-font-size\">Le d\u00e9part se fait du port de Piriac-sur-Mer. Les personnes \u00e0 d\u00e9ficiences moteur seront install\u00e9es dans des si\u00e8ges dispos\u00e9s gr\u00e2ce \u00e0 un syst\u00e8me de fixation \u00e0 son bord.<\/p>\n\n\n\n<p class=\"has-medium-font-size\"><strong>Proposition de l&rsquo;offre<\/strong> :<\/p>\n\n\n\n<p class=\"has-medium-font-size\">Sortie d\u00e9couverte de minimum 2 heures accompagn\u00e9e par un skipper permanent de NPB<\/p>\n<\/div>\n<\/div>\n\n\n\n<p class=\"has-medium-font-size\">BESOIN DE PLUS DE RENSEIGNEMENTS, NOUS CONTACTER<\/p>\n\n\n\n<div class=\"wp-block-button aligncenter\"><a class=\"wp-block-button__link\">Contact<\/a><\/div>\n\n\n\n<p><\/p>\n","protected":false},"excerpt":{"rendered":"<p>L\u2019association Nautisme en Pays Blanc est affili\u00e9e \u00e0 la F\u00e9d\u00e9ration Fran\u00e7aise du Sport Adapt\u00e9 (FFSA) et F\u00e9d\u00e9ration Fran\u00e7aise du Handisport dans un objectif de proposer l\u2019acc\u00e8s \u00e0 la pratique sportive, notamment la voile, pour tous. La structure de Piriac-sur-Mer offre une accessibilit\u00e9 compl\u00e8te aux personnes en situation de handicap (stationnement, installations,\u2026). Les activit\u00e9s sont encadr\u00e9es [&hellip;]<\/p>\n","protected":false},"author":1,"featured_media":0,"parent":0,"menu_order":0,"comment_status":"closed","ping_status":"closed","template":"","meta":{"ocean_post_layout":"full-width","ocean_both_sidebars_style":"","ocean_both_sidebars_content_width":0,"ocean_both_sidebars_sidebars_width":0,"ocean_sidebar":"0","ocean_second_sidebar":"0","ocean_disable_margins":"enable","ocean_add_body_class":"","ocean_shortcode_before_top_bar":"","ocean_shortcode_after_top_bar":"","ocean_shortcode_before_header":"","ocean_shortcode_after_header":"","ocean_has_shortcode":"","ocean_shortcode_after_title":"","ocean_shortcode_before_footer_widgets":"","ocean_shortcode_after_footer_widgets":"","ocean_shortcode_before_footer_bottom":"","ocean_shortcode_after_footer_bottom":"","ocean_display_top_bar":"default","ocean_display_header":"default","ocean_header_style":"","ocean_center_header_left_menu":"0","ocean_custom_header_template":"0","ocean_custom_logo":0,"ocean_custom_retina_logo":0,"ocean_custom_logo_max_width":0,"ocean_custom_logo_tablet_max_width":0,"ocean_custom_logo_mobile_max_width":0,"ocean_custom_logo_max_height":0,"ocean_custom_logo_tablet_max_height":0,"ocean_custom_logo_mobile_max_height":0,"ocean_header_custom_menu":"0","ocean_menu_typo_font_family":"0","ocean_menu_typo_font_subset":"","ocean_menu_typo_font_size":0,"ocean_menu_typo_font_size_tablet":0,"ocean_menu_typo_font_size_mobile":0,"ocean_menu_typo_font_size_unit":"px","ocean_menu_typo_font_weight":"","ocean_menu_typo_font_weight_tablet":"","ocean_menu_typo_font_weight_mobile":"","ocean_menu_typo_transform":"","ocean_menu_typo_transform_tablet":"","ocean_menu_typo_transform_mobile":"","ocean_menu_typo_line_height":0,"ocean_menu_typo_line_height_tablet":0,"ocean_menu_typo_line_height_mobile":0,"ocean_menu_typo_line_height_unit":"","ocean_menu_typo_spacing":0,"ocean_menu_typo_spacing_tablet":0,"ocean_menu_typo_spacing_mobile":0,"ocean_menu_typo_spacing_unit":"","ocean_menu_link_color":"","ocean_menu_link_color_hover":"","ocean_menu_link_color_active":"","ocean_menu_link_background":"","ocean_menu_link_hover_background":"","ocean_menu_link_active_background":"","ocean_menu_social_links_bg":"","ocean_menu_social_hover_links_bg":"","ocean_menu_social_links_color":"","ocean_menu_social_hover_links_color":"","ocean_disable_title":"default","ocean_disable_heading":"default","ocean_post_title":"","ocean_post_subheading":"","ocean_post_title_style":"background-image","ocean_post_title_background_color":"","ocean_post_title_background":1311,"ocean_post_title_bg_image_position":"bottom center","ocean_post_title_bg_image_attachment":"","ocean_post_title_bg_image_repeat":"","ocean_post_title_bg_image_size":"","ocean_post_title_height":0,"ocean_post_title_bg_overlay":0.5,"ocean_post_title_bg_overlay_color":"","ocean_disable_breadcrumbs":"default","ocean_breadcrumbs_color":"","ocean_breadcrumbs_separator_color":"","ocean_breadcrumbs_links_color":"","ocean_breadcrumbs_links_hover_color":"","ocean_display_footer_widgets":"default","ocean_display_footer_bottom":"default","ocean_custom_footer_template":"0","footnotes":""},"class_list":["post-57","page","type-page","status-publish","hentry","entry"],"_links":{"self":[{"href":"http:\/\/npb.asso.fr\/site\/wp-json\/wp\/v2\/pages\/57","targetHints":{"allow":["GET"]}}],"collection":[{"href":"http:\/\/npb.asso.fr\/site\/wp-json\/wp\/v2\/pages"}],"about":[{"href":"http:\/\/npb.asso.fr\/site\/wp-json\/wp\/v2\/types\/page"}],"author":[{"embeddable":true,"href":"http:\/\/npb.asso.fr\/site\/wp-json\/wp\/v2\/users\/1"}],"replies":[{"embeddable":true,"href":"http:\/\/npb.asso.fr\/site\/wp-json\/wp\/v2\/comments?post=57"}],"version-history":[{"count":7,"href":"http:\/\/npb.asso.fr\/site\/wp-json\/wp\/v2\/pages\/57\/revisions"}],"predecessor-version":[{"id":1573,"href":"http:\/\/npb.asso.fr\/site\/wp-json\/wp\/v2\/pages\/57\/revisions\/1573"}],"wp:attachment":[{"href":"http:\/\/npb.asso.fr\/site\/wp-json\/wp\/v2\/media?parent=57"}],"curies":[{"name":"wp","href":"https:\/\/api.w.org\/{rel}","templated":true}]}}