{"id":66,"date":"2020-11-05T10:45:09","date_gmt":"2020-11-05T09:45:09","guid":{"rendered":"http:\/\/npb.asso.fr\/site\/?page_id=66"},"modified":"2026-03-27T15:43:03","modified_gmt":"2026-03-27T14:43:03","slug":"devenir-membre","status":"publish","type":"page","link":"http:\/\/npb.asso.fr\/site\/devenir-membre\/","title":{"rendered":"Devenir membre"},"content":{"rendered":"\n<p class=\"has-medium-font-size\">Si vous souhaitez devenir membre de la section sportive, vous devez remplir les conditions suivantes:<\/p>\n\n\n\n<ul class=\"wp-block-list\">\n<li>\u00catre cotisant \u00e0 N.P.B : Cotisation annuelle valable jusqu&rsquo;au 31 d\u00e9cembre de l&rsquo;ann\u00e9e civile en cours<\/li>\n\n\n\n<li>\u00catre licenci\u00e9 F.F.V. : Licence annuelle valable jusqu&rsquo;au 31 d\u00e9cembre de l&rsquo;ann\u00e9e civile en cours<\/li>\n\n\n\n<li>R\u00e9gler une prestation voile : Une prestation par saison<\/li>\n<\/ul>\n\n\n\n<p class=\"has-medium-font-size\">Pour les primo-licenci\u00e9s \u00e0 l&rsquo;Automne, c&rsquo;est-\u00e0-dire les personnes se licenciant pour la premi\u00e8re fois \u00e0 la F.F.V ou n&rsquo;ayant pas eu de licence depuis plus de 20 mois, la F.F.V reconduit leur licence jusqu&rsquo;au 31 d\u00e9cembre de l&rsquo;ann\u00e9e suivante.<\/p>\n\n\n\n<p><strong>R\u00e8glement cotisation NPB :<\/strong><\/p>\n\n\n\n<figure class=\"wp-block-table alignwide is-style-stripes\"><table class=\"has-background\" style=\"background-color:#e7f5fe\"><tbody><tr><td><strong>Cotisation<\/strong> <strong>202<\/strong>6<\/td><td>Tarif<\/td><\/tr><tr><td>Cotisation moins de 18 ans<\/td><td>20.00 \u20ac<\/td><\/tr><tr><td>Cotisation plus de 18 ans<\/td><td>25.00 \u20ac<\/td><\/tr><tr><td>Cotisation FAMILLE (\u00e0 partir de 3 personnes)<\/td><td>20.00 \u20ac\/pers<\/td><\/tr><\/tbody><\/table><\/figure>\n\n\n\n<p class=\"has-medium-font-size\"><strong>R\u00e8glement Licence FFV :<\/strong><\/p>\n\n\n\n<figure class=\"wp-block-table alignwide is-style-stripes\"><table class=\"has-background\" style=\"background-color:#e7f5fe\"><tbody><tr><td>\u00c2ge<\/td><td><\/td><td>Licence FFV 2026<\/td><td>Primo-licenci\u00e9<\/td><\/tr><tr><td>Moins de 18 ans<\/td><td><\/td><td>33.00 \u20ac<\/td><td>33.00 \u20ac<\/td><\/tr><tr><td>18 ans et plus<\/td><td><\/td><td>72.00 \u20ac<\/td><td>72.00 \u20ac<\/td><\/tr><\/tbody><\/table><\/figure>\n\n\n\n<div class=\"wp-block-buttons is-content-justification-center is-layout-flex wp-container-core-buttons-is-layout-16018d1d wp-block-buttons-is-layout-flex\">\n<div class=\"wp-block-button\"><a class=\"wp-block-button__link wp-element-button\" href=\"http:\/\/npb.asso.fr\/site\/wp-content\/uploads\/2026\/02\/PRISE-DE-LICENCE-CLUB-FFV-2026.pdf\" target=\"_blank\" rel=\"noreferrer noopener\">Prise de licence FFV 2026 Majeur<\/a><\/div>\n\n\n\n<div class=\"wp-block-button\"><a class=\"wp-block-button__link wp-element-button\" href=\"http:\/\/npb.asso.fr\/site\/wp-content\/uploads\/2026\/02\/PRISE-DE-LICENCE-MINEUR-QUESTIONNAIRE.pdf\" target=\"_blank\" rel=\"noreferrer noopener\">Prise de licence FFV 2026 Mineur<\/a><\/div>\n<\/div>\n\n\n\n<p class=\"has-medium-font-size\"><strong>R\u00e8glement prestation NPB <\/strong>Printemps 2026<strong> :<\/strong><\/p>\n\n\n\n<p class=\"has-normal-font-size\"><span style=\"text-decoration: underline;\">Moins de 18 ans<\/span> :<\/p>\n\n\n\n<figure class=\"wp-block-table alignwide is-style-stripes\"><table class=\"has-background\" style=\"background-color:#e7f5fe\"><tbody><tr><td class=\"has-text-align-center\" data-align=\"center\">Tranche<\/td><td class=\"has-text-align-center\" data-align=\"center\">Quotient familial<\/td><td>Jardin<br>des Mers<\/td><td class=\"has-text-align-center\" data-align=\"center\">Optimist<\/td><td class=\"has-text-align-center\" data-align=\"center\">Windsurf<\/td><td class=\"has-text-align-center\" data-align=\"center\">Catamaran 12 pieds<br>Catamaran 14 pieds<\/td><td class=\"has-text-align-center\" data-align=\"center\">Catamaran 16 pieds<br>D\u00e9riveur<\/td><\/tr><tr><td class=\"has-text-align-center\" data-align=\"center\">Tarif 1<\/td><td class=\"has-text-align-center\" data-align=\"center\">De 0 \u20ac \u00e0 959 \u20ac<\/td><td>140.00 \u20ac<\/td><td class=\"has-text-align-center\" data-align=\"center\">160.00 \u20ac<\/td><td class=\"has-text-align-center\" data-align=\"center\">185.00 \u20ac<\/td><td class=\"has-text-align-center\" data-align=\"center\">175.00 \u20ac<\/td><td class=\"has-text-align-center\" data-align=\"center\">200.00 \u20ac<\/td><\/tr><tr><td class=\"has-text-align-center\" data-align=\"center\">Tarif 2<\/td><td class=\"has-text-align-center\" data-align=\"center\">De 959.01 \u20ac \u00e0 2 500 \u20ac<\/td><td>145.00 \u20ac<\/td><td class=\"has-text-align-center\" data-align=\"center\">165.00 \u20ac<\/td><td class=\"has-text-align-center\" data-align=\"center\">195.00 \u20ac<\/td><td class=\"has-text-align-center\" data-align=\"center\">180.00 \u20ac<\/td><td class=\"has-text-align-center\" data-align=\"center\">205.00 \u20ac<\/td><\/tr><tr><td class=\"has-text-align-center\" data-align=\"center\">Tarif 3<\/td><td class=\"has-text-align-center\" data-align=\"center\">A partir de 2 500.01 \u20ac<\/td><td>155.00 \u20ac<\/td><td class=\"has-text-align-center\" data-align=\"center\">170.00 \u20ac<\/td><td class=\"has-text-align-center\" data-align=\"center\">215.00 \u20ac<\/td><td class=\"has-text-align-center\" data-align=\"center\">200.00 \u20ac<\/td><td class=\"has-text-align-center\" data-align=\"center\">225.00 \u20ac<\/td><\/tr><\/tbody><\/table><\/figure>\n\n\n\n<p class=\"has-normal-font-size\"><span style=\"text-decoration: underline;\">Plus de 18 ans<\/span> :<\/p>\n\n\n\n<figure class=\"wp-block-table alignwide is-style-stripes\"><table class=\"has-background\" style=\"background-color:#e7f5fe\"><tbody><tr><td class=\"has-text-align-center\" data-align=\"center\">Tranche<\/td><td class=\"has-text-align-center\" data-align=\"center\">Quotient familial<\/td><td class=\"has-text-align-center\" data-align=\"center\">Catamaran 16 pieds<br>D\u00e9riveur<\/td><td class=\"has-text-align-center\" data-align=\"center\">Windsurf<\/td><td class=\"has-text-align-center\" data-align=\"center\">Propri\u00e9taire de bateau<br>(Catamaran \/ D\u00e9riveur)<\/td><\/tr><tr><td class=\"has-text-align-center\" data-align=\"center\">Tarif 1<\/td><td class=\"has-text-align-center\" data-align=\"center\">De 0 \u20ac \u00e0 959 \u20ac <\/td><td class=\"has-text-align-center\" data-align=\"center\">205.00 \u20ac<\/td><td class=\"has-text-align-center\" data-align=\"center\">195.00 \u20ac<\/td><td class=\"has-text-align-center\" data-align=\"center\">215.00 \u20ac<\/td><\/tr><tr><td class=\"has-text-align-center\" data-align=\"center\">Tarif 2<\/td><td class=\"has-text-align-center\" data-align=\"center\">De 959.01 \u20ac \u00e0 2 500 \u20ac <\/td><td class=\"has-text-align-center\" data-align=\"center\">215.00 \u20ac<\/td><td class=\"has-text-align-center\" data-align=\"center\">205.00 \u20ac<\/td><td class=\"has-text-align-center\" data-align=\"center\">215.00 \u20ac<\/td><\/tr><tr><td class=\"has-text-align-center\" data-align=\"center\">Tarif 3<\/td><td class=\"has-text-align-center\" data-align=\"center\">A partir de 2 500.01 \u20ac<\/td><td class=\"has-text-align-center\" data-align=\"center\">235.00 \u20ac<\/td><td class=\"has-text-align-center\" data-align=\"center\">225.00 \u20ac<\/td><td class=\"has-text-align-center\" data-align=\"center\">215.00 \u20ac<\/td><\/tr><\/tbody><\/table><\/figure>\n\n\n\n<div class=\"wp-block-button aligncenter\"><a class=\"wp-block-button__link has-black-color has-text-color has-background wp-element-button\" href=\"http:\/\/npb.asso.fr\/site\/wp-content\/uploads\/2026\/02\/Fiche-Inscription-Club-PRINTEMPS-2026.pdf\" style=\"background-color:#ff6a00a6\" target=\"_blank\" rel=\"noreferrer noopener\">Feuille d&rsquo;inscription Printemps 2026 (Mars &#8211; Juin)<\/a><\/div>\n\n\n\n<p class=\"has-medium-font-size\"><strong>R\u00e8glement prestation NPB <\/strong>Ann\u00e9e 2026<strong> :<\/strong><\/p>\n\n\n\n<p class=\"has-normal-font-size\"><span style=\"text-decoration: underline;\">Moins de 18 ans<\/span> :<\/p>\n\n\n\n<figure class=\"wp-block-table alignwide is-style-stripes\"><table class=\"has-background\" style=\"background-color:#e7f5fe\"><tbody><tr><td class=\"has-text-align-center\" data-align=\"center\">Tranche<\/td><td class=\"has-text-align-center\" data-align=\"center\">Quotient familial<\/td><td>Jardin<br>des Mers<\/td><td class=\"has-text-align-center\" data-align=\"center\">Optimist<\/td><td class=\"has-text-align-center\" data-align=\"center\">Windsurf<\/td><td class=\"has-text-align-center\" data-align=\"center\">Catamaran 12 pieds<br>Catamaran 14 pieds<\/td><td class=\"has-text-align-center\" data-align=\"center\">Catamaran 16 pieds<br>D\u00e9riveur<\/td><\/tr><tr><td class=\"has-text-align-center\" data-align=\"center\">Tarif 1<\/td><td class=\"has-text-align-center\" data-align=\"center\">De 0 \u20ac \u00e0 959 \u20ac<\/td><td>260.00 \u20ac<\/td><td class=\"has-text-align-center\" data-align=\"center\">285.00 \u20ac<\/td><td class=\"has-text-align-center\" data-align=\"center\">335.00 \u20ac<\/td><td class=\"has-text-align-center\" data-align=\"center\">320.00 \u20ac<\/td><td class=\"has-text-align-center\" data-align=\"center\">355.00 \u20ac<\/td><\/tr><tr><td class=\"has-text-align-center\" data-align=\"center\">Tarif 2<\/td><td class=\"has-text-align-center\" data-align=\"center\">De 959.01 \u20ac \u00e0 2 500 \u20ac<\/td><td>270.00 \u20ac<\/td><td class=\"has-text-align-center\" data-align=\"center\">295.00 \u20ac<\/td><td class=\"has-text-align-center\" data-align=\"center\">3555.00 \u20ac<\/td><td class=\"has-text-align-center\" data-align=\"center\">330.00 \u20ac<\/td><td class=\"has-text-align-center\" data-align=\"center\">375.00 \u20ac<\/td><\/tr><tr><td class=\"has-text-align-center\" data-align=\"center\">Tarif 3<\/td><td class=\"has-text-align-center\" data-align=\"center\">A partir de 2 500.01 \u20ac<\/td><td>285.00 \u20ac<\/td><td class=\"has-text-align-center\" data-align=\"center\">305.00 \u20ac<\/td><td class=\"has-text-align-center\" data-align=\"center\">395.00 \u20ac<\/td><td class=\"has-text-align-center\" data-align=\"center\">365.00 \u20ac<\/td><td class=\"has-text-align-center\" data-align=\"center\">415.00 \u20ac<\/td><\/tr><\/tbody><\/table><\/figure>\n\n\n\n<p class=\"has-normal-font-size\"><span style=\"text-decoration: underline;\">Plus de 18 ans<\/span> :<\/p>\n\n\n\n<figure class=\"wp-block-table alignwide is-style-stripes\"><table class=\"has-background\" style=\"background-color:#e7f5fe\"><tbody><tr><td class=\"has-text-align-center\" data-align=\"center\">Tranche<\/td><td class=\"has-text-align-center\" data-align=\"center\">Quotient familial<\/td><td class=\"has-text-align-center\" data-align=\"center\">Catamaran 16 pieds<br>D\u00e9riveur<\/td><td class=\"has-text-align-center\" data-align=\"center\">Windsurf<\/td><td class=\"has-text-align-center\" data-align=\"center\">Propri\u00e9taire de bateau<br>(Catamaran \/ D\u00e9riveur)<\/td><\/tr><tr><td class=\"has-text-align-center\" data-align=\"center\">Tarif 1<\/td><td class=\"has-text-align-center\" data-align=\"center\">De 0 \u20ac \u00e0 959 \u20ac <\/td><td class=\"has-text-align-center\" data-align=\"center\">375.00 \u20ac<\/td><td class=\"has-text-align-center\" data-align=\"center\">355.00 \u20ac<\/td><td class=\"has-text-align-center\" data-align=\"center\">375.00 \u20ac<\/td><\/tr><tr><td class=\"has-text-align-center\" data-align=\"center\">Tarif 2<\/td><td class=\"has-text-align-center\" data-align=\"center\">De 959.01 \u20ac \u00e0 2 500 \u20ac <\/td><td class=\"has-text-align-center\" data-align=\"center\">395.00 \u20ac<\/td><td class=\"has-text-align-center\" data-align=\"center\">375.00 \u20ac<\/td><td class=\"has-text-align-center\" data-align=\"center\">375.00 \u20ac<\/td><\/tr><tr><td class=\"has-text-align-center\" data-align=\"center\">Tarif 3<\/td><td class=\"has-text-align-center\" data-align=\"center\">A partir de 2 500.01 \u20ac<\/td><td class=\"has-text-align-center\" data-align=\"center\">435.00 \u20ac<\/td><td class=\"has-text-align-center\" data-align=\"center\">415.00 \u20ac<\/td><td class=\"has-text-align-center\" data-align=\"center\">375.00 \u20ac<\/td><\/tr><\/tbody><\/table><\/figure>\n\n\n\n<div class=\"wp-block-buttons is-content-justification-center is-layout-flex wp-container-core-buttons-is-layout-16018d1d wp-block-buttons-is-layout-flex\">\n<div class=\"wp-block-button\"><a class=\"wp-block-button__link has-vivid-cyan-blue-background-color has-background has-text-align-center wp-element-button\" href=\"http:\/\/npb.asso.fr\/site\/wp-content\/uploads\/2026\/02\/Fiche-Inscription-Club-ANNEE-2026.pdf\" target=\"_blank\" rel=\"noreferrer noopener\">Feuille d&rsquo;inscription Automne 2026<\/a><\/div>\n<\/div>\n","protected":false},"excerpt":{"rendered":"<p>Si vous souhaitez devenir membre de la section sportive, vous devez remplir les conditions suivantes: Pour les primo-licenci\u00e9s \u00e0 l&rsquo;Automne, c&rsquo;est-\u00e0-dire les personnes se licenciant pour la premi\u00e8re fois \u00e0 la F.F.V ou n&rsquo;ayant pas eu de licence depuis plus de 20 mois, la F.F.V reconduit leur licence jusqu&rsquo;au 31 d\u00e9cembre de l&rsquo;ann\u00e9e suivante. R\u00e8glement [&hellip;]<\/p>\n","protected":false},"author":1,"featured_media":0,"parent":0,"menu_order":0,"comment_status":"closed","ping_status":"closed","template":"","meta":{"ocean_post_layout":"full-width","ocean_both_sidebars_style":"","ocean_both_sidebars_content_width":0,"ocean_both_sidebars_sidebars_width":0,"ocean_sidebar":"0","ocean_second_sidebar":"0","ocean_disable_margins":"enable","ocean_add_body_class":"","ocean_shortcode_before_top_bar":"","ocean_shortcode_after_top_bar":"","ocean_shortcode_before_header":"","ocean_shortcode_after_header":"","ocean_has_shortcode":"","ocean_shortcode_after_title":"","ocean_shortcode_before_footer_widgets":"","ocean_shortcode_after_footer_widgets":"","ocean_shortcode_before_footer_bottom":"","ocean_shortcode_after_footer_bottom":"","ocean_display_top_bar":"default","ocean_display_header":"default","ocean_header_style":"","ocean_center_header_left_menu":"0","ocean_custom_header_template":"0","ocean_custom_logo":0,"ocean_custom_retina_logo":0,"ocean_custom_logo_max_width":0,"ocean_custom_logo_tablet_max_width":0,"ocean_custom_logo_mobile_max_width":0,"ocean_custom_logo_max_height":0,"ocean_custom_logo_tablet_max_height":0,"ocean_custom_logo_mobile_max_height":0,"ocean_header_custom_menu":"0","ocean_menu_typo_font_family":"0","ocean_menu_typo_font_subset":"","ocean_menu_typo_font_size":0,"ocean_menu_typo_font_size_tablet":0,"ocean_menu_typo_font_size_mobile":0,"ocean_menu_typo_font_size_unit":"px","ocean_menu_typo_font_weight":"","ocean_menu_typo_font_weight_tablet":"","ocean_menu_typo_font_weight_mobile":"","ocean_menu_typo_transform":"","ocean_menu_typo_transform_tablet":"","ocean_menu_typo_transform_mobile":"","ocean_menu_typo_line_height":0,"ocean_menu_typo_line_height_tablet":0,"ocean_menu_typo_line_height_mobile":0,"ocean_menu_typo_line_height_unit":"","ocean_menu_typo_spacing":0,"ocean_menu_typo_spacing_tablet":0,"ocean_menu_typo_spacing_mobile":0,"ocean_menu_typo_spacing_unit":"","ocean_menu_link_color":"","ocean_menu_link_color_hover":"","ocean_menu_link_color_active":"","ocean_menu_link_background":"","ocean_menu_link_hover_background":"","ocean_menu_link_active_background":"","ocean_menu_social_links_bg":"","ocean_menu_social_hover_links_bg":"","ocean_menu_social_links_color":"","ocean_menu_social_hover_links_color":"","ocean_disable_title":"default","ocean_disable_heading":"default","ocean_post_title":"","ocean_post_subheading":"","ocean_post_title_style":"background-image","ocean_post_title_background_color":"","ocean_post_title_background":924,"ocean_post_title_bg_image_position":"","ocean_post_title_bg_image_attachment":"","ocean_post_title_bg_image_repeat":"","ocean_post_title_bg_image_size":"","ocean_post_title_height":0,"ocean_post_title_bg_overlay":0.5,"ocean_post_title_bg_overlay_color":"","ocean_disable_breadcrumbs":"default","ocean_breadcrumbs_color":"","ocean_breadcrumbs_separator_color":"","ocean_breadcrumbs_links_color":"","ocean_breadcrumbs_links_hover_color":"","ocean_display_footer_widgets":"default","ocean_display_footer_bottom":"default","ocean_custom_footer_template":"0","footnotes":""},"class_list":["post-66","page","type-page","status-publish","hentry","entry"],"_links":{"self":[{"href":"http:\/\/npb.asso.fr\/site\/wp-json\/wp\/v2\/pages\/66","targetHints":{"allow":["GET"]}}],"collection":[{"href":"http:\/\/npb.asso.fr\/site\/wp-json\/wp\/v2\/pages"}],"about":[{"href":"http:\/\/npb.asso.fr\/site\/wp-json\/wp\/v2\/types\/page"}],"author":[{"embeddable":true,"href":"http:\/\/npb.asso.fr\/site\/wp-json\/wp\/v2\/users\/1"}],"replies":[{"embeddable":true,"href":"http:\/\/npb.asso.fr\/site\/wp-json\/wp\/v2\/comments?post=66"}],"version-history":[{"count":30,"href":"http:\/\/npb.asso.fr\/site\/wp-json\/wp\/v2\/pages\/66\/revisions"}],"predecessor-version":[{"id":3719,"href":"http:\/\/npb.asso.fr\/site\/wp-json\/wp\/v2\/pages\/66\/revisions\/3719"}],"wp:attachment":[{"href":"http:\/\/npb.asso.fr\/site\/wp-json\/wp\/v2\/media?parent=66"}],"curies":[{"name":"wp","href":"https:\/\/api.w.org\/{rel}","templated":true}]}}