{"id":762,"date":"2020-11-24T10:14:22","date_gmt":"2020-11-24T09:14:22","guid":{"rendered":"http:\/\/npb.asso.fr\/site\/?page_id=762"},"modified":"2025-04-23T16:02:59","modified_gmt":"2025-04-23T14:02:59","slug":"goelette","status":"publish","type":"page","link":"http:\/\/npb.asso.fr\/site\/goelette\/","title":{"rendered":"Go\u00e9lette"},"content":{"rendered":"\n<div class=\"wp-block-columns is-layout-flex wp-container-core-columns-is-layout-9d6595d7 wp-block-columns-is-layout-flex\">\n<div class=\"wp-block-column is-layout-flow wp-block-column-is-layout-flow\" style=\"flex-basis:33.33%\">\n<figure class=\"wp-block-image size-large is-resized is-style-default\"><img decoding=\"async\" width=\"184\" height=\"123\" src=\"http:\/\/npb.asso.fr\/site\/wp-content\/uploads\/2020\/11\/go\u00e9lette.jpg\" alt=\"\" class=\"wp-image-441\" style=\"width:269px;height:179px\" srcset=\"http:\/\/npb.asso.fr\/site\/wp-content\/uploads\/2020\/11\/go\u00e9lette.jpg 184w, http:\/\/npb.asso.fr\/site\/wp-content\/uploads\/2020\/11\/go\u00e9lette-174x116.jpg 174w\" sizes=\"(max-width: 184px) 100vw, 184px\" \/><\/figure>\n<\/div>\n\n\n\n<div class=\"wp-block-column is-layout-flow wp-block-column-is-layout-flow\" style=\"flex-basis:66.66%\">\n<ul class=\"wp-block-list\">\n<li>Nombre maximum de personnes embarqu\u00e9es \u00e0 bord avec un Chef de bord&nbsp;: 10 adultes ou 11 enfants + 1 accompagnateur maximum<\/li>\n<\/ul>\n\n\n\n<ul class=\"wp-block-list\">\n<li>Temps de sortie minimum 1 heures 30<\/li>\n<\/ul>\n\n\n\n<ul class=\"wp-block-list\">\n<li>Temps de sortie maximum 5 heures,<\/li>\n<\/ul>\n<\/div>\n<\/div>\n\n\n\n<ul class=\"wp-block-list\">\n<li>Port d\u2019attache&nbsp;: Piriac sur mer,<\/li>\n<\/ul>\n\n\n\n<ul class=\"wp-block-list\">\n<li>Skipper&nbsp;: les permanents de NPB &nbsp;(ou \/et &nbsp;un deuxi\u00e8me Brevet d\u2019Etat si besoin),<\/li>\n<\/ul>\n\n\n\n<ul class=\"wp-block-list\">\n<li>Embarquement minimum 6 personnes.<\/li>\n<\/ul>\n\n\n\n<p class=\"has-medium-font-size\">La go\u00e9lette<strong>&nbsp;<\/strong>est un bateau s\u00e9curisant et p\u00e9dagogique, tr\u00e8s facile d\u2019utilisation gr\u00e2ce \u00e0 ces deux m\u00e2ts de misaine et son foc \u00e0 enrouleur. Son grand cockpit auto videur peut embarquer 12 personnes \u00e0 son bord.<\/p>\n\n\n\n<p class=\"has-medium-font-size\">La mise en place est tr\u00e8s rapide pour naviguer et peut apporter un confort et une s\u00e9curit\u00e9 aux pratiquants.<\/p>\n\n\n\n<p class=\"has-medium-font-size\">Le Fillao peut accueillir un large public de personnes \u00e0 handicap divers, gr\u00e2ce \u00e0 un syst\u00e8me de fixation de si\u00e8ge \u00e0 son bord.<\/p>\n\n\n\n<p class=\"has-medium-font-size\">Les sorties sur le Fillao peuvent s\u2019effectuer avec un seul permanent, Chef de bord.<\/p>\n\n\n\n<p class=\"has-medium-font-size\">Fort d\u2019un petit tirant d\u2019eau, cette go\u00e9lette peut s\u2019\u00e9chouer \u00e0 mar\u00e9e base facilitant l\u2019approche des plages ou de criques.<\/p>\n\n\n\n<p class=\"has-medium-font-size\">\u00a0<strong>N<\/strong>ous pouvons embarquer \u00e0 bord un large public sous forme de Balade D\u00e9couverte, Initiation, Perfectionnement\u00a0de raid<\/p>\n\n\n\n<p class=\"has-medium-font-size\"><span style=\"text-decoration: underline;\">COMMENT SE RENSEIGNER&nbsp;<\/span>:<\/p>\n\n\n\n<p>Il vous suffit de nous contacter \u00e0&nbsp;: Nautisme en pays Blanc<\/p>\n\n\n\n<div class=\"wp-block-buttons is-content-justification-center is-layout-flex wp-container-core-buttons-is-layout-16018d1d wp-block-buttons-is-layout-flex\">\n<div class=\"wp-block-button\"><a class=\"wp-block-button__link wp-element-button\">Contact<\/a><\/div>\n<\/div>\n\n\n\n<p><\/p>\n","protected":false},"excerpt":{"rendered":"<p>La go\u00e9lette&nbsp;est un bateau s\u00e9curisant et p\u00e9dagogique, tr\u00e8s facile d\u2019utilisation gr\u00e2ce \u00e0 ces deux m\u00e2ts de misaine et son foc \u00e0 enrouleur. Son grand cockpit auto videur peut embarquer 12 personnes \u00e0 son bord. La mise en place est tr\u00e8s rapide pour naviguer et peut apporter un confort et une s\u00e9curit\u00e9 aux pratiquants. Le Fillao [&hellip;]<\/p>\n","protected":false},"author":1,"featured_media":0,"parent":0,"menu_order":0,"comment_status":"closed","ping_status":"closed","template":"","meta":{"ocean_post_layout":"full-width","ocean_both_sidebars_style":"","ocean_both_sidebars_content_width":0,"ocean_both_sidebars_sidebars_width":0,"ocean_sidebar":"0","ocean_second_sidebar":"0","ocean_disable_margins":"enable","ocean_add_body_class":"","ocean_shortcode_before_top_bar":"","ocean_shortcode_after_top_bar":"","ocean_shortcode_before_header":"","ocean_shortcode_after_header":"","ocean_has_shortcode":"","ocean_shortcode_after_title":"","ocean_shortcode_before_footer_widgets":"","ocean_shortcode_after_footer_widgets":"","ocean_shortcode_before_footer_bottom":"","ocean_shortcode_after_footer_bottom":"","ocean_display_top_bar":"default","ocean_display_header":"default","ocean_header_style":"","ocean_center_header_left_menu":"0","ocean_custom_header_template":"0","ocean_custom_logo":0,"ocean_custom_retina_logo":0,"ocean_custom_logo_max_width":0,"ocean_custom_logo_tablet_max_width":0,"ocean_custom_logo_mobile_max_width":0,"ocean_custom_logo_max_height":0,"ocean_custom_logo_tablet_max_height":0,"ocean_custom_logo_mobile_max_height":0,"ocean_header_custom_menu":"0","ocean_menu_typo_font_family":"0","ocean_menu_typo_font_subset":"","ocean_menu_typo_font_size":0,"ocean_menu_typo_font_size_tablet":0,"ocean_menu_typo_font_size_mobile":0,"ocean_menu_typo_font_size_unit":"px","ocean_menu_typo_font_weight":"","ocean_menu_typo_font_weight_tablet":"","ocean_menu_typo_font_weight_mobile":"","ocean_menu_typo_transform":"","ocean_menu_typo_transform_tablet":"","ocean_menu_typo_transform_mobile":"","ocean_menu_typo_line_height":0,"ocean_menu_typo_line_height_tablet":0,"ocean_menu_typo_line_height_mobile":0,"ocean_menu_typo_line_height_unit":"","ocean_menu_typo_spacing":0,"ocean_menu_typo_spacing_tablet":0,"ocean_menu_typo_spacing_mobile":0,"ocean_menu_typo_spacing_unit":"","ocean_menu_link_color":"","ocean_menu_link_color_hover":"","ocean_menu_link_color_active":"","ocean_menu_link_background":"","ocean_menu_link_hover_background":"","ocean_menu_link_active_background":"","ocean_menu_social_links_bg":"","ocean_menu_social_hover_links_bg":"","ocean_menu_social_links_color":"","ocean_menu_social_hover_links_color":"","ocean_disable_title":"default","ocean_disable_heading":"default","ocean_post_title":"","ocean_post_subheading":"","ocean_post_title_style":"centered","ocean_post_title_background_color":"","ocean_post_title_background":0,"ocean_post_title_bg_image_position":"","ocean_post_title_bg_image_attachment":"","ocean_post_title_bg_image_repeat":"","ocean_post_title_bg_image_size":"","ocean_post_title_height":0,"ocean_post_title_bg_overlay":0.5,"ocean_post_title_bg_overlay_color":"","ocean_disable_breadcrumbs":"default","ocean_breadcrumbs_color":"","ocean_breadcrumbs_separator_color":"","ocean_breadcrumbs_links_color":"","ocean_breadcrumbs_links_hover_color":"","ocean_display_footer_widgets":"default","ocean_display_footer_bottom":"default","ocean_custom_footer_template":"0","footnotes":""},"class_list":["post-762","page","type-page","status-publish","hentry","entry"],"_links":{"self":[{"href":"http:\/\/npb.asso.fr\/site\/wp-json\/wp\/v2\/pages\/762","targetHints":{"allow":["GET"]}}],"collection":[{"href":"http:\/\/npb.asso.fr\/site\/wp-json\/wp\/v2\/pages"}],"about":[{"href":"http:\/\/npb.asso.fr\/site\/wp-json\/wp\/v2\/types\/page"}],"author":[{"embeddable":true,"href":"http:\/\/npb.asso.fr\/site\/wp-json\/wp\/v2\/users\/1"}],"replies":[{"embeddable":true,"href":"http:\/\/npb.asso.fr\/site\/wp-json\/wp\/v2\/comments?post=762"}],"version-history":[{"count":11,"href":"http:\/\/npb.asso.fr\/site\/wp-json\/wp\/v2\/pages\/762\/revisions"}],"predecessor-version":[{"id":3464,"href":"http:\/\/npb.asso.fr\/site\/wp-json\/wp\/v2\/pages\/762\/revisions\/3464"}],"wp:attachment":[{"href":"http:\/\/npb.asso.fr\/site\/wp-json\/wp\/v2\/media?parent=762"}],"curies":[{"name":"wp","href":"https:\/\/api.w.org\/{rel}","templated":true}]}}