{"id":303,"date":"2020-11-06T16:33:03","date_gmt":"2020-11-06T15:33:03","guid":{"rendered":"http:\/\/npb.asso.fr\/site\/?page_id=303"},"modified":"2025-07-16T11:37:38","modified_gmt":"2025-07-16T09:37:38","slug":"nous-contacter","status":"publish","type":"page","link":"https:\/\/npb.asso.fr\/site\/nous-contacter\/","title":{"rendered":"Nous contacter"},"content":{"rendered":"\n<div class=\"wp-block-columns is-layout-flex wp-container-core-columns-is-layout-9d6595d7 wp-block-columns-is-layout-flex\">\n<div class=\"wp-block-column is-layout-flow wp-block-column-is-layout-flow\">\n<p class=\"has-text-align-center\"><strong><span style=\"text-decoration: underline;\">Si\u00e8ge social<\/span><\/strong><\/p>\n\n\n\n<p class=\"has-text-align-center has-medium-font-size\">NAUTISME EN PAYS BLANC<\/p>\n\n\n\n<p class=\"has-text-align-center\"><strong><span style=\"text-decoration: underline;\">Base nautique de P<\/span><\/strong><span style=\"text-decoration: underline;\"><strong>iriac-sur-Mer<\/strong><\/span><\/p>\n\n\n\n<p class=\"has-text-align-center\">3 rue de Port Boucher<\/p>\n\n\n\n<p class=\"has-text-align-center\">BP 20<\/p>\n\n\n\n<p class=\"has-text-align-center\">44420 PIRIAC-SUR-MER<\/p>\n\n\n\n<p class=\"has-text-align-center\">T\u00e9l\u00e9phone : 02.40.23.53.84<\/p>\n\n\n\n<p class=\"has-text-align-center\">Email : secretariatnpb@gmail.com<\/p>\n<\/div>\n<\/div>\n\n\n\n<hr class=\"wp-block-separator has-css-opacity is-style-wide\"\/>\n\n\n\n<p class=\"has-text-align-center\"><strong><span style=\"text-decoration: underline;\">Base nautique de La Turballe<\/span><\/strong><\/p>\n\n\n\n<p class=\"has-text-align-center\">BD Bellanger<\/p>\n\n\n\n<p class=\"has-text-align-center\">Plage des Bretons<\/p>\n\n\n\n<p class=\"has-text-align-center\">44420 La Turballe<\/p>\n\n\n\n<p class=\"has-text-align-center\">T\u00e9l\u00e9phone : 02.40.62.89.20<\/p>\n\n\n\n<p class=\"has-text-align-center has-text-color\" style=\"color:#f80d0d\"><strong>T\u00e9l\u00e9phone Uniquement en Juillet et Ao\u00fbt<\/strong><\/p>\n\n\n\n<hr class=\"wp-block-separator has-css-opacity is-style-wide\"\/>\n\n\n\n<p class=\"has-text-align-center\"><span style=\"text-decoration: underline;\"><strong>Base nautique de Mesquer &#8211; Quimiac<\/strong><\/span><\/p>\n\n\n\n<p class=\"has-text-align-center\">Pointe du Toul Ru<\/p>\n\n\n\n<p class=\"has-text-align-center\">44420 Mesquer<\/p>\n\n\n\n<p class=\"has-text-align-center has-black-color has-text-color has-link-color wp-elements-8f03b2235446799bfe4386ef304711b4\">T\u00e9l\u00e9phone : 09.70.03.67.25 (Attention : Num\u00e9ro temporaire)<\/p>\n\n\n\n<p class=\"has-text-align-center has-text-color\" style=\"color:#f80d0d\"><strong>T\u00e9l\u00e9phone Uniquement en Juillet et Ao\u00fbt<\/strong><\/p>\n\n\n\n<iframe width=\"425\" height=\"350\" frameborder=\"0\" scrolling=\"no\" marginheight=\"0\" marginwidth=\"0\" src=\"http:\/\/maps.google.fr\/maps?f=q&amp;source=s_q&amp;hl=fr&amp;geocode=&amp;q=nautisme+en+pays+blanc&amp;aq=&amp;sll=44.138614,4.809969&amp;sspn=0.011041,0.01929&amp;ie=UTF8&amp;hq=nautisme+en+pays+blanc&amp;hnear=&amp;radius=15000&amp;t=m&amp;ll=47.380909,-2.543388&amp;spn=0.071946,0.071946&amp;output=embed\"><\/iframe><br \/><small><a href=\"http:\/\/maps.google.fr\/maps?f=q&amp;source=embed&amp;hl=fr&amp;geocode=&amp;q=nautisme+en+pays+blanc&amp;aq=&amp;sll=44.138614,4.809969&amp;sspn=0.011041,0.01929&amp;ie=UTF8&amp;hq=nautisme+en+pays+blanc&amp;hnear=&amp;radius=15000&amp;t=m&amp;ll=47.380909,-2.543388&amp;spn=0.071946,0.071946\" style=\"color:#0000FF;text-align:left\">Agrandir le plan<\/a><\/small>\n\n<\/div>\n","protected":false},"excerpt":{"rendered":"<p>Si\u00e8ge social NAUTISME EN PAYS BLANC Base nautique de Piriac-sur-Mer 3 rue de Port Boucher BP 20 44420 PIRIAC-SUR-MER T\u00e9l\u00e9phone : 02.40.23.53.84 Email : secretariatnpb@gmail.com Base nautique de La Turballe BD Bellanger Plage des Bretons 44420 La Turballe T\u00e9l\u00e9phone : 02.40.62.89.20 T\u00e9l\u00e9phone Uniquement en Juillet et Ao\u00fbt Base nautique de Mesquer &#8211; Quimiac Pointe du [&hellip;]<\/p>\n","protected":false},"author":1,"featured_media":0,"parent":0,"menu_order":0,"comment_status":"closed","ping_status":"closed","template":"","meta":{"ocean_post_layout":"full-width","ocean_both_sidebars_style":"","ocean_both_sidebars_content_width":0,"ocean_both_sidebars_sidebars_width":0,"ocean_sidebar":"0","ocean_second_sidebar":"0","ocean_disable_margins":"enable","ocean_add_body_class":"","ocean_shortcode_before_top_bar":"","ocean_shortcode_after_top_bar":"","ocean_shortcode_before_header":"","ocean_shortcode_after_header":"","ocean_has_shortcode":"","ocean_shortcode_after_title":"","ocean_shortcode_before_footer_widgets":"","ocean_shortcode_after_footer_widgets":"","ocean_shortcode_before_footer_bottom":"","ocean_shortcode_after_footer_bottom":"","ocean_display_top_bar":"default","ocean_display_header":"default","ocean_header_style":"","ocean_center_header_left_menu":"0","ocean_custom_header_template":"0","ocean_custom_logo":0,"ocean_custom_retina_logo":0,"ocean_custom_logo_max_width":0,"ocean_custom_logo_tablet_max_width":0,"ocean_custom_logo_mobile_max_width":0,"ocean_custom_logo_max_height":0,"ocean_custom_logo_tablet_max_height":0,"ocean_custom_logo_mobile_max_height":0,"ocean_header_custom_menu":"0","ocean_menu_typo_font_family":"0","ocean_menu_typo_font_subset":"","ocean_menu_typo_font_size":0,"ocean_menu_typo_font_size_tablet":0,"ocean_menu_typo_font_size_mobile":0,"ocean_menu_typo_font_size_unit":"px","ocean_menu_typo_font_weight":"","ocean_menu_typo_font_weight_tablet":"","ocean_menu_typo_font_weight_mobile":"","ocean_menu_typo_transform":"","ocean_menu_typo_transform_tablet":"","ocean_menu_typo_transform_mobile":"","ocean_menu_typo_line_height":0,"ocean_menu_typo_line_height_tablet":0,"ocean_menu_typo_line_height_mobile":0,"ocean_menu_typo_line_height_unit":"","ocean_menu_typo_spacing":0,"ocean_menu_typo_spacing_tablet":0,"ocean_menu_typo_spacing_mobile":0,"ocean_menu_typo_spacing_unit":"","ocean_menu_link_color":"","ocean_menu_link_color_hover":"","ocean_menu_link_color_active":"","ocean_menu_link_background":"","ocean_menu_link_hover_background":"","ocean_menu_link_active_background":"","ocean_menu_social_links_bg":"","ocean_menu_social_hover_links_bg":"","ocean_menu_social_links_color":"","ocean_menu_social_hover_links_color":"","ocean_disable_title":"default","ocean_disable_heading":"default","ocean_post_title":"","ocean_post_subheading":"","ocean_post_title_style":"background-image","ocean_post_title_background_color":"","ocean_post_title_background":497,"ocean_post_title_bg_image_position":"","ocean_post_title_bg_image_attachment":"","ocean_post_title_bg_image_repeat":"","ocean_post_title_bg_image_size":"","ocean_post_title_height":10,"ocean_post_title_bg_overlay":0.5,"ocean_post_title_bg_overlay_color":"#ffffff","ocean_disable_breadcrumbs":"default","ocean_breadcrumbs_color":"","ocean_breadcrumbs_separator_color":"","ocean_breadcrumbs_links_color":"","ocean_breadcrumbs_links_hover_color":"","ocean_display_footer_widgets":"default","ocean_display_footer_bottom":"default","ocean_custom_footer_template":"0","footnotes":""},"class_list":["post-303","page","type-page","status-publish","hentry","entry"],"_links":{"self":[{"href":"https:\/\/npb.asso.fr\/site\/wp-json\/wp\/v2\/pages\/303","targetHints":{"allow":["GET"]}}],"collection":[{"href":"https:\/\/npb.asso.fr\/site\/wp-json\/wp\/v2\/pages"}],"about":[{"href":"https:\/\/npb.asso.fr\/site\/wp-json\/wp\/v2\/types\/page"}],"author":[{"embeddable":true,"href":"https:\/\/npb.asso.fr\/site\/wp-json\/wp\/v2\/users\/1"}],"replies":[{"embeddable":true,"href":"https:\/\/npb.asso.fr\/site\/wp-json\/wp\/v2\/comments?post=303"}],"version-history":[{"count":25,"href":"https:\/\/npb.asso.fr\/site\/wp-json\/wp\/v2\/pages\/303\/revisions"}],"predecessor-version":[{"id":3523,"href":"https:\/\/npb.asso.fr\/site\/wp-json\/wp\/v2\/pages\/303\/revisions\/3523"}],"wp:attachment":[{"href":"https:\/\/npb.asso.fr\/site\/wp-json\/wp\/v2\/media?parent=303"}],"curies":[{"name":"wp","href":"https:\/\/api.w.org\/{rel}","templated":true}]}}