{"id":33,"date":"2020-11-04T16:46:47","date_gmt":"2020-11-04T15:46:47","guid":{"rendered":"http:\/\/npb.asso.fr\/site\/?page_id=33"},"modified":"2026-03-05T21:47:43","modified_gmt":"2026-03-05T20:47:43","slug":"galerie","status":"publish","type":"page","link":"https:\/\/npb.asso.fr\/site\/","title":{"rendered":"\u00c9cole de voile- Club &#8211; \u00c9v\u00e9nementiel"},"content":{"rendered":"\n<div class=\"wp-block-columns is-layout-flex wp-container-core-columns-is-layout-1 wp-block-columns-is-layout-flex\">\n<div class=\"wp-block-column is-layout-flow wp-block-column-is-layout-flow\">\n<figure class=\"wp-block-gallery aligncenter has-nested-images columns-default is-cropped wp-block-gallery-1 is-layout-flex wp-block-gallery-is-layout-flex\">\n<figure class=\"wp-block-image size-medium is-style-default\"><a href=\"https:\/\/npb.asso.fr\/site\/stages-de-voile\/\"><img fetchpriority=\"high\" decoding=\"async\" width=\"360\" height=\"225\" src=\"https:\/\/npb.asso.fr\/site\/wp-content\/uploads\/2024\/08\/stage-edited-1.jpg\" alt=\"\" class=\"wp-image-3114\" srcset=\"https:\/\/npb.asso.fr\/site\/wp-content\/uploads\/2024\/08\/stage-edited-1.jpg 360w, https:\/\/npb.asso.fr\/site\/wp-content\/uploads\/2024\/08\/stage-edited-1-300x188.jpg 300w, https:\/\/npb.asso.fr\/site\/wp-content\/uploads\/2024\/08\/stage-edited-1-186x116.jpg 186w\" sizes=\"(max-width: 360px) 100vw, 360px\" \/><\/a><figcaption class=\"wp-element-caption\"><mark style=\"background-color:rgba(0, 0, 0, 0)\" class=\"has-inline-color has-white-color\">S<\/mark>TAG<mark style=\"background-color:rgba(0, 0, 0, 0)\" class=\"has-inline-color has-white-color\">ES<\/mark><\/figcaption><\/figure>\n<\/figure>\n<\/div>\n\n\n\n<div class=\"wp-block-column is-layout-flow wp-block-column-is-layout-flow\"><div class=\"wp-block-image\">\n<figure class=\"aligncenter size-full\"><a href=\"https:\/\/npb.asso.fr\/site\/location-cours-particuliers\/\"><img decoding=\"async\" width=\"1440\" height=\"900\" src=\"https:\/\/npb.asso.fr\/site\/wp-content\/uploads\/2024\/08\/PAV-SION-2-1600x900-1-edited.jpeg\" alt=\"\" class=\"wp-image-3115\" srcset=\"https:\/\/npb.asso.fr\/site\/wp-content\/uploads\/2024\/08\/PAV-SION-2-1600x900-1-edited.jpeg 1440w, https:\/\/npb.asso.fr\/site\/wp-content\/uploads\/2024\/08\/PAV-SION-2-1600x900-1-edited-300x188.jpeg 300w, https:\/\/npb.asso.fr\/site\/wp-content\/uploads\/2024\/08\/PAV-SION-2-1600x900-1-edited-1024x640.jpeg 1024w, https:\/\/npb.asso.fr\/site\/wp-content\/uploads\/2024\/08\/PAV-SION-2-1600x900-1-edited-768x480.jpeg 768w, https:\/\/npb.asso.fr\/site\/wp-content\/uploads\/2024\/08\/PAV-SION-2-1600x900-1-edited-186x116.jpeg 186w\" sizes=\"(max-width: 1440px) 100vw, 1440px\" \/><\/a><figcaption class=\"wp-element-caption\">COURS PARTICULIERS OU LOCATION<\/figcaption><\/figure><\/div><\/div>\n\n\n\n<div class=\"wp-block-column is-layout-flow wp-block-column-is-layout-flow\"><div class=\"wp-block-image is-style-default\">\n<figure class=\"aligncenter size-full is-resized\"><a href=\"https:\/\/docs.google.com\/forms\/d\/e\/1FAIpQLSfXPzCzPmgIKQraVPX21mXnjxnU3IIwxRut4dBKk7Wb3hnbJg\/viewform\"><img decoding=\"async\" width=\"1080\" height=\"1080\" src=\"https:\/\/npb.asso.fr\/site\/wp-content\/uploads\/2026\/03\/647397389_1533884965408437_7269583849658361258_n.jpg\" alt=\"\" class=\"wp-image-3713\" style=\"aspect-ratio:1.5;object-fit:cover;width:246px;height:auto\" srcset=\"https:\/\/npb.asso.fr\/site\/wp-content\/uploads\/2026\/03\/647397389_1533884965408437_7269583849658361258_n.jpg 1080w, https:\/\/npb.asso.fr\/site\/wp-content\/uploads\/2026\/03\/647397389_1533884965408437_7269583849658361258_n-300x300.jpg 300w, https:\/\/npb.asso.fr\/site\/wp-content\/uploads\/2026\/03\/647397389_1533884965408437_7269583849658361258_n-1024x1024.jpg 1024w, https:\/\/npb.asso.fr\/site\/wp-content\/uploads\/2026\/03\/647397389_1533884965408437_7269583849658361258_n-150x150.jpg 150w, https:\/\/npb.asso.fr\/site\/wp-content\/uploads\/2026\/03\/647397389_1533884965408437_7269583849658361258_n-768x768.jpg 768w, https:\/\/npb.asso.fr\/site\/wp-content\/uploads\/2026\/03\/647397389_1533884965408437_7269583849658361258_n-600x600.jpg 600w, https:\/\/npb.asso.fr\/site\/wp-content\/uploads\/2026\/03\/647397389_1533884965408437_7269583849658361258_n-116x116.jpg 116w\" sizes=\"(max-width: 1080px) 100vw, 1080px\" \/><\/a><figcaption class=\"wp-element-caption\">DEVENEZ B\u00c9N\u00c9VOLE POUR LA COUPE R\u00c9GIONALE DE VOILE<\/figcaption><\/figure><\/div><\/div>\n<\/div>\n\n\n\n<div class=\"wp-block-columns is-layout-flex wp-container-core-columns-is-layout-2 wp-block-columns-is-layout-flex\">\n<div class=\"wp-block-column is-layout-flow wp-block-column-is-layout-flow\">\n<p><strong><strong>M\u00c9T\u00c9O<\/strong><\/strong><\/p>\n<\/div>\n\n\n\n<div class=\"wp-block-column is-layout-flow wp-block-column-is-layout-flow\">\n<p class=\"has-text-align-right\"><strong>MAR\u00c9E<\/strong><\/p>\n<\/div>\n<\/div>\n\n\n\n<div class=\"wp-block-columns is-layout-flex wp-container-core-columns-is-layout-3 wp-block-columns-is-layout-flex\">\n<div class=\"wp-block-column is-layout-flow wp-block-column-is-layout-flow\">\n<figure class=\"wp-block-image size-large is-resized is-style-default\"><a href=\"https:\/\/fr.windfinder.com\/forecast\/piriac_sur_mer\"><img loading=\"lazy\" decoding=\"async\" width=\"225\" height=\"225\" src=\"http:\/\/npb.asso.fr\/site\/wp-content\/uploads\/2020\/11\/windfinder.jpg\" alt=\"\" class=\"wp-image-695\" style=\"width:100px;height:100px\" srcset=\"https:\/\/npb.asso.fr\/site\/wp-content\/uploads\/2020\/11\/windfinder.jpg 225w, https:\/\/npb.asso.fr\/site\/wp-content\/uploads\/2020\/11\/windfinder-150x150.jpg 150w, https:\/\/npb.asso.fr\/site\/wp-content\/uploads\/2020\/11\/windfinder-116x116.jpg 116w\" sizes=\"(max-width: 225px) 100vw, 225px\" \/><\/a><\/figure>\n<\/div>\n\n\n\n<div class=\"wp-block-column is-layout-flow wp-block-column-is-layout-flow\">\n<figure class=\"wp-block-image size-large is-resized is-style-default\"><a href=\"https:\/\/meteofrance.com\/meteo-marine\"><img loading=\"lazy\" decoding=\"async\" width=\"126\" height=\"126\" src=\"http:\/\/npb.asso.fr\/site\/wp-content\/uploads\/2020\/11\/meteofrance.jpg\" alt=\"\" class=\"wp-image-696\" style=\"width:100px;height:100px\" srcset=\"https:\/\/npb.asso.fr\/site\/wp-content\/uploads\/2020\/11\/meteofrance.jpg 126w, https:\/\/npb.asso.fr\/site\/wp-content\/uploads\/2020\/11\/meteofrance-116x116.jpg 116w\" sizes=\"(max-width: 126px) 100vw, 126px\" \/><\/a><\/figure>\n<\/div>\n\n\n\n<div class=\"wp-block-column is-layout-flow wp-block-column-is-layout-flow\">\n<figure class=\"wp-block-image size-large is-resized is-style-default\"><a href=\"http:\/\/www.meteociel.fr\/modeles\/gfse_cartes.php\"><img loading=\"lazy\" decoding=\"async\" width=\"123\" height=\"123\" src=\"http:\/\/npb.asso.fr\/site\/wp-content\/uploads\/2020\/11\/meteociel.jpg\" alt=\"\" class=\"wp-image-698\" style=\"width:100px;height:100px\" srcset=\"https:\/\/npb.asso.fr\/site\/wp-content\/uploads\/2020\/11\/meteociel.jpg 123w, https:\/\/npb.asso.fr\/site\/wp-content\/uploads\/2020\/11\/meteociel-116x116.jpg 116w\" sizes=\"(max-width: 123px) 100vw, 123px\" \/><\/a><\/figure>\n<\/div>\n\n\n\n<div class=\"wp-block-column is-layout-flow wp-block-column-is-layout-flow\">\n<figure class=\"wp-block-image size-large is-resized is-style-default\"><a href=\"http:\/\/maree.info\/114\"><img loading=\"lazy\" decoding=\"async\" width=\"139\" height=\"122\" src=\"http:\/\/npb.asso.fr\/site\/wp-content\/uploads\/2020\/11\/maree.jpg\" alt=\"\" class=\"wp-image-699\" style=\"width:100px;height:100px\" srcset=\"https:\/\/npb.asso.fr\/site\/wp-content\/uploads\/2020\/11\/maree.jpg 139w, https:\/\/npb.asso.fr\/site\/wp-content\/uploads\/2020\/11\/maree-132x116.jpg 132w\" sizes=\"(max-width: 139px) 100vw, 139px\" \/><\/a><\/figure>\n<\/div>\n<\/div>\n\n\n\n<div class=\"wp-block-columns is-layout-flex wp-container-core-columns-is-layout-4 wp-block-columns-is-layout-flex\">\n<div class=\"wp-block-column is-layout-flow wp-block-column-is-layout-flow\" style=\"flex-basis:20%\"><div class=\"wp-block-image is-style-default\">\n<figure class=\"aligncenter size-large is-resized\"><a href=\"http:\/\/www.ffvoile.fr\/ffv\/web\/#gsc.tab=0\"><img loading=\"lazy\" decoding=\"async\" width=\"338\" height=\"149\" src=\"http:\/\/npb.asso.fr\/site\/wp-content\/uploads\/2020\/11\/ffvoile.png\" alt=\"\" class=\"wp-image-714\" style=\"width:241px;height:105px\" srcset=\"https:\/\/npb.asso.fr\/site\/wp-content\/uploads\/2020\/11\/ffvoile.png 338w, https:\/\/npb.asso.fr\/site\/wp-content\/uploads\/2020\/11\/ffvoile-300x132.png 300w, https:\/\/npb.asso.fr\/site\/wp-content\/uploads\/2020\/11\/ffvoile-228x101.png 228w\" sizes=\"(max-width: 338px) 100vw, 338px\" \/><\/a><\/figure><\/div><\/div>\n\n\n\n<div class=\"wp-block-column is-layout-flow wp-block-column-is-layout-flow\" style=\"flex-basis:20%\"><div class=\"wp-block-image is-style-default\">\n<figure class=\"aligncenter size-large is-resized\"><a href=\"https:\/\/www.ffck.org\/\"><img loading=\"lazy\" decoding=\"async\" width=\"200\" height=\"200\" src=\"http:\/\/npb.asso.fr\/site\/wp-content\/uploads\/2020\/11\/ffck.jpg\" alt=\"\" class=\"wp-image-715\" style=\"width:53px;height:23px\" srcset=\"https:\/\/npb.asso.fr\/site\/wp-content\/uploads\/2020\/11\/ffck.jpg 200w, https:\/\/npb.asso.fr\/site\/wp-content\/uploads\/2020\/11\/ffck-150x150.jpg 150w, https:\/\/npb.asso.fr\/site\/wp-content\/uploads\/2020\/11\/ffck-116x116.jpg 116w\" sizes=\"(max-width: 200px) 100vw, 200px\" \/><\/a><\/figure><\/div><\/div>\n\n\n\n<div class=\"wp-block-column is-layout-flow wp-block-column-is-layout-flow\" style=\"flex-basis:20%\"><div class=\"wp-block-image is-style-default\">\n<figure class=\"aligncenter size-large is-resized\"><a href=\"https:\/\/ffse.fr\/\"><img loading=\"lazy\" decoding=\"async\" width=\"239\" height=\"211\" src=\"http:\/\/npb.asso.fr\/site\/wp-content\/uploads\/2020\/11\/ffse.png\" alt=\"\" class=\"wp-image-498\" style=\"width:57px;height:25px\" srcset=\"https:\/\/npb.asso.fr\/site\/wp-content\/uploads\/2020\/11\/ffse.png 239w, https:\/\/npb.asso.fr\/site\/wp-content\/uploads\/2020\/11\/ffse-131x116.png 131w\" sizes=\"(max-width: 239px) 100vw, 239px\" \/><\/a><\/figure><\/div><\/div>\n\n\n\n<div class=\"wp-block-column is-layout-flow wp-block-column-is-layout-flow\" style=\"flex-basis:20%\"><div class=\"wp-block-image is-style-default\">\n<figure class=\"aligncenter size-large is-resized\"><a href=\"http:\/\/www.handisport.org\/\"><img loading=\"lazy\" decoding=\"async\" width=\"365\" height=\"138\" src=\"http:\/\/npb.asso.fr\/site\/wp-content\/uploads\/2020\/11\/handisport.png\" alt=\"\" class=\"wp-image-716\" style=\"width:81px;height:35px\" srcset=\"https:\/\/npb.asso.fr\/site\/wp-content\/uploads\/2020\/11\/handisport.png 365w, https:\/\/npb.asso.fr\/site\/wp-content\/uploads\/2020\/11\/handisport-300x113.png 300w, https:\/\/npb.asso.fr\/site\/wp-content\/uploads\/2020\/11\/handisport-228x86.png 228w\" sizes=\"(max-width: 365px) 100vw, 365px\" \/><\/a><\/figure><\/div><\/div>\n\n\n\n<div class=\"wp-block-column is-layout-flow wp-block-column-is-layout-flow\" style=\"flex-basis:20%\"><div class=\"wp-block-image is-style-default\">\n<figure class=\"aligncenter size-large is-resized\"><a href=\"https:\/\/sportadapte.fr\/la-ffsa\/\"><img loading=\"lazy\" decoding=\"async\" width=\"154\" height=\"286\" src=\"http:\/\/npb.asso.fr\/site\/wp-content\/uploads\/2020\/11\/ffsa.jpg\" alt=\"\" class=\"wp-image-816\" style=\"width:46px;height:85px\" srcset=\"https:\/\/npb.asso.fr\/site\/wp-content\/uploads\/2020\/11\/ffsa.jpg 154w, https:\/\/npb.asso.fr\/site\/wp-content\/uploads\/2020\/11\/ffsa-62x116.jpg 62w\" sizes=\"(max-width: 154px) 100vw, 154px\" \/><\/a><\/figure><\/div><\/div>\n<\/div>\n\n\n\n<div class=\"wp-block-columns is-layout-flex wp-container-core-columns-is-layout-5 wp-block-columns-is-layout-flex\">\n<div class=\"wp-block-column is-layout-flow wp-block-column-is-layout-flow\"><div class=\"wp-block-image is-style-default\">\n<figure class=\"aligncenter size-large is-resized\"><a href=\"http:\/\/www.piriac-sur-mer.fr\/\"><img loading=\"lazy\" decoding=\"async\" width=\"1024\" height=\"773\" src=\"http:\/\/npb.asso.fr\/site\/wp-content\/uploads\/2020\/12\/Logo-VILLE-DE-PIRIAC-1-1024x773.png\" alt=\"\" class=\"wp-image-1585\" style=\"width:81px;height:60px\" srcset=\"https:\/\/npb.asso.fr\/site\/wp-content\/uploads\/2020\/12\/Logo-VILLE-DE-PIRIAC-1-1024x773.png 1024w, https:\/\/npb.asso.fr\/site\/wp-content\/uploads\/2020\/12\/Logo-VILLE-DE-PIRIAC-1-300x226.png 300w, https:\/\/npb.asso.fr\/site\/wp-content\/uploads\/2020\/12\/Logo-VILLE-DE-PIRIAC-1-768x580.png 768w, https:\/\/npb.asso.fr\/site\/wp-content\/uploads\/2020\/12\/Logo-VILLE-DE-PIRIAC-1-154x116.png 154w, https:\/\/npb.asso.fr\/site\/wp-content\/uploads\/2020\/12\/Logo-VILLE-DE-PIRIAC-1.png 1369w\" sizes=\"(max-width: 1024px) 100vw, 1024px\" \/><\/a><\/figure><\/div>\n\n<div class=\"wp-block-image\">\n<figure class=\"aligncenter size-large is-resized\"><a href=\"https:\/\/www.labaule-guerande.com\/une-station-famille-plus.html\"><img loading=\"lazy\" decoding=\"async\" width=\"1024\" height=\"938\" src=\"https:\/\/npb.asso.fr\/site\/wp-content\/uploads\/2021\/04\/Logo_LABEL_FamillePlus_RVB_-1024x938.jpg\" alt=\"\" class=\"wp-image-1739\" style=\"width:81px;height:60px\" srcset=\"https:\/\/npb.asso.fr\/site\/wp-content\/uploads\/2021\/04\/Logo_LABEL_FamillePlus_RVB_-1024x938.jpg 1024w, https:\/\/npb.asso.fr\/site\/wp-content\/uploads\/2021\/04\/Logo_LABEL_FamillePlus_RVB_-300x275.jpg 300w, https:\/\/npb.asso.fr\/site\/wp-content\/uploads\/2021\/04\/Logo_LABEL_FamillePlus_RVB_-768x703.jpg 768w, https:\/\/npb.asso.fr\/site\/wp-content\/uploads\/2021\/04\/Logo_LABEL_FamillePlus_RVB_-1536x1407.jpg 1536w, https:\/\/npb.asso.fr\/site\/wp-content\/uploads\/2021\/04\/Logo_LABEL_FamillePlus_RVB_-127x116.jpg 127w, https:\/\/npb.asso.fr\/site\/wp-content\/uploads\/2021\/04\/Logo_LABEL_FamillePlus_RVB_.jpg 1566w\" sizes=\"(max-width: 1024px) 100vw, 1024px\" \/><\/a><\/figure><\/div><\/div>\n\n\n\n<div class=\"wp-block-column is-layout-flow wp-block-column-is-layout-flow\"><div class=\"wp-block-image is-style-default\">\n<figure class=\"aligncenter size-large\"><a href=\"https:\/\/laturballe.fr\/\"><img loading=\"lazy\" decoding=\"async\" width=\"326\" height=\"115\" src=\"https:\/\/npb.asso.fr\/site\/wp-content\/uploads\/2021\/05\/La-Turballe_pour-web.png\" alt=\"\" class=\"wp-image-1749\" srcset=\"https:\/\/npb.asso.fr\/site\/wp-content\/uploads\/2021\/05\/La-Turballe_pour-web.png 326w, https:\/\/npb.asso.fr\/site\/wp-content\/uploads\/2021\/05\/La-Turballe_pour-web-300x106.png 300w, https:\/\/npb.asso.fr\/site\/wp-content\/uploads\/2021\/05\/La-Turballe_pour-web-228x80.png 228w\" sizes=\"(max-width: 326px) 100vw, 326px\" \/><\/a><\/figure><\/div>\n\n\n<figure class=\"wp-block-image size-full\"><a href=\"https:\/\/www.cooleurplongee-bateauecole.com\/\"><img loading=\"lazy\" decoding=\"async\" width=\"116\" height=\"80\" src=\"https:\/\/npb.asso.fr\/site\/wp-content\/uploads\/2022\/02\/Logo-Cooleur-Plongee-1-1.webp\" alt=\"\" class=\"wp-image-1966\"\/><\/a><\/figure>\n<\/div>\n\n\n\n<div class=\"wp-block-column is-layout-flow wp-block-column-is-layout-flow\"><div class=\"wp-block-image is-style-default\">\n<figure class=\"aligncenter size-large is-resized\"><a href=\"https:\/\/www.mesquer-quimiac.fr\/\"><img loading=\"lazy\" decoding=\"async\" width=\"221\" height=\"228\" src=\"http:\/\/npb.asso.fr\/site\/wp-content\/uploads\/2020\/12\/logo-ville-de-mesquer-quimiac-1.jpg\" alt=\"\" class=\"wp-image-1592\" style=\"width:58px;height:60px\" srcset=\"https:\/\/npb.asso.fr\/site\/wp-content\/uploads\/2020\/12\/logo-ville-de-mesquer-quimiac-1.jpg 221w, https:\/\/npb.asso.fr\/site\/wp-content\/uploads\/2020\/12\/logo-ville-de-mesquer-quimiac-1-112x116.jpg 112w\" sizes=\"(max-width: 221px) 100vw, 221px\" \/><\/a><\/figure><\/div>\n\n\n<figure class=\"wp-block-image size-full is-resized\"><img loading=\"lazy\" decoding=\"async\" width=\"390\" height=\"171\" src=\"http:\/\/npb.asso.fr\/site\/wp-content\/uploads\/2022\/04\/LOGOCDVECO2.jpg\" alt=\"\" class=\"wp-image-2115\" style=\"aspect-ratio:2.2099447513812156;width:497px;height:auto\" srcset=\"https:\/\/npb.asso.fr\/site\/wp-content\/uploads\/2022\/04\/LOGOCDVECO2.jpg 390w, https:\/\/npb.asso.fr\/site\/wp-content\/uploads\/2022\/04\/LOGOCDVECO2-300x132.jpg 300w, https:\/\/npb.asso.fr\/site\/wp-content\/uploads\/2022\/04\/LOGOCDVECO2-228x100.jpg 228w\" sizes=\"(max-width: 390px) 100vw, 390px\" \/><\/figure>\n<\/div>\n\n\n\n<div class=\"wp-block-column is-layout-flow wp-block-column-is-layout-flow\"><div class=\"wp-block-image is-style-default\">\n<figure class=\"aligncenter size-large is-resized\"><a href=\"https:\/\/www.mairie-saint-molf.fr\/\"><img loading=\"lazy\" decoding=\"async\" width=\"300\" height=\"179\" src=\"http:\/\/npb.asso.fr\/site\/wp-content\/uploads\/2020\/12\/logo-ville-de-saint-molf.png\" alt=\"\" class=\"wp-image-1588\" style=\"width:103px;height:60px\" srcset=\"https:\/\/npb.asso.fr\/site\/wp-content\/uploads\/2020\/12\/logo-ville-de-saint-molf.png 300w, https:\/\/npb.asso.fr\/site\/wp-content\/uploads\/2020\/12\/logo-ville-de-saint-molf-194x116.png 194w\" sizes=\"(max-width: 300px) 100vw, 300px\" \/><\/a><\/figure><\/div><\/div>\n\n\n\n<div class=\"wp-block-column is-layout-flow wp-block-column-is-layout-flow\"><div class=\"wp-block-image is-style-default\">\n<figure class=\"aligncenter size-large is-resized\"><a href=\"https:\/\/www.loire-atlantique.fr\/44\/navigation-des-espaces\/c_5025\"><img loading=\"lazy\" decoding=\"async\" width=\"225\" height=\"225\" src=\"http:\/\/npb.asso.fr\/site\/wp-content\/uploads\/2020\/12\/logo-departement.jpg\" alt=\"\" class=\"wp-image-1589\" style=\"width:70px;height:70px\" srcset=\"https:\/\/npb.asso.fr\/site\/wp-content\/uploads\/2020\/12\/logo-departement.jpg 225w, https:\/\/npb.asso.fr\/site\/wp-content\/uploads\/2020\/12\/logo-departement-150x150.jpg 150w, https:\/\/npb.asso.fr\/site\/wp-content\/uploads\/2020\/12\/logo-departement-116x116.jpg 116w\" sizes=\"(max-width: 225px) 100vw, 225px\" \/><\/a><\/figure><\/div><\/div>\n\n\n\n<div class=\"wp-block-column is-layout-flow wp-block-column-is-layout-flow\">\n<p><\/p>\n\n\n<div class=\"wp-block-image is-style-default\">\n<figure class=\"aligncenter size-large is-resized\"><a href=\"https:\/\/www.paysdelaloire.fr\/\"><img loading=\"lazy\" decoding=\"async\" width=\"421\" height=\"120\" src=\"http:\/\/npb.asso.fr\/site\/wp-content\/uploads\/2020\/12\/logo-region.png\" alt=\"\" class=\"wp-image-1590\" style=\"width:245px;height:67px\" srcset=\"https:\/\/npb.asso.fr\/site\/wp-content\/uploads\/2020\/12\/logo-region.png 421w, https:\/\/npb.asso.fr\/site\/wp-content\/uploads\/2020\/12\/logo-region-300x86.png 300w, https:\/\/npb.asso.fr\/site\/wp-content\/uploads\/2020\/12\/logo-region-228x65.png 228w\" sizes=\"(max-width: 421px) 100vw, 421px\" \/><\/a><\/figure><\/div><\/div>\n<\/div>\n\n\n\n<div class=\"wp-block-columns is-layout-flex wp-container-core-columns-is-layout-6 wp-block-columns-is-layout-flex\">\n<div class=\"wp-block-column is-layout-flow wp-block-column-is-layout-flow\">\n<p>Que faire \u00e0 NPB toute l&rsquo;ann\u00e9e?<\/p>\n\n\n\n<figure class=\"wp-block-embed is-type-video is-provider-youtube wp-block-embed-youtube wp-embed-aspect-16-9 wp-has-aspect-ratio\"><div class=\"wp-block-embed__wrapper\">\n<p class=\"responsive-video-wrap clr\"><iframe title=\"Que faire \u00e0 NPB toute l&#039;ann\u00e9e\" width=\"1200\" height=\"675\" src=\"https:\/\/www.youtube.com\/embed\/375czEWk1UQ?feature=oembed\" frameborder=\"0\" allow=\"accelerometer; autoplay; clipboard-write; encrypted-media; gyroscope; picture-in-picture; web-share\" referrerpolicy=\"strict-origin-when-cross-origin\" allowfullscreen><\/iframe><\/p>\n<\/div><\/figure>\n<\/div>\n\n\n\n<div class=\"wp-block-column is-layout-flow wp-block-column-is-layout-flow\">\n<p>Sport Bien-\u00catre<\/p>\n\n\n\n<figure class=\"wp-block-embed is-type-video is-provider-youtube wp-block-embed-youtube wp-embed-aspect-16-9 wp-has-aspect-ratio\"><div class=\"wp-block-embed__wrapper\">\n<p class=\"responsive-video-wrap clr\"><iframe title=\"Sant\u00e9 par les Activit\u00e9s Nautiques et Aquatiques - Voile (S.A.N.A.)\" width=\"1200\" height=\"675\" src=\"https:\/\/www.youtube.com\/embed\/RMoTlb3ad3c?feature=oembed\" frameborder=\"0\" allow=\"accelerometer; autoplay; clipboard-write; encrypted-media; gyroscope; picture-in-picture; web-share\" referrerpolicy=\"strict-origin-when-cross-origin\" allowfullscreen><\/iframe><\/p>\n<\/div><\/figure>\n<\/div>\n\n\n\n<div class=\"wp-block-column is-layout-flow wp-block-column-is-layout-flow\">\n<p>Les bienfaits de la Voile<\/p>\n\n\n\n<figure class=\"wp-block-embed is-type-video is-provider-youtube wp-block-embed-youtube wp-embed-aspect-16-9 wp-has-aspect-ratio\"><div class=\"wp-block-embed__wrapper\">\n<p class=\"responsive-video-wrap clr\"><iframe title=\"BIENFAITS DE LA VOILE NAUTISME EN PAYS BLANC\" width=\"1200\" height=\"675\" src=\"https:\/\/www.youtube.com\/embed\/lMNtg5mWvyI?feature=oembed\" frameborder=\"0\" allow=\"accelerometer; autoplay; clipboard-write; encrypted-media; gyroscope; picture-in-picture; web-share\" referrerpolicy=\"strict-origin-when-cross-origin\" allowfullscreen><\/iframe><\/p>\n<\/div><\/figure>\n<\/div>\n<\/div>\n\n\n\n<div class=\"wp-block-buttons is-horizontal is-content-justification-center is-layout-flex wp-container-core-buttons-is-layout-1 wp-block-buttons-is-layout-flex\">\n<div class=\"wp-block-button is-style-fill\"><a class=\"wp-block-button__link wp-element-button\" href=\"http:\/\/npb.asso.fr\/site\/?page_id=31\" rel=\"http:\/\/npb.asso.fr\/site\/?page_id=31\">A Propos de nous<\/a><\/div>\n\n\n\n<div class=\"wp-block-button is-style-outline is-style-outline--2\"><a class=\"wp-block-button__link wp-element-button\" href=\"http:\/\/npb.asso.fr\/site\/?page_id=303\">Contact<\/a><\/div>\n<\/div>\n","protected":false},"excerpt":{"rendered":"<p>M\u00c9T\u00c9O MAR\u00c9E Que faire \u00e0 NPB toute l&rsquo;ann\u00e9e? Sport Bien-\u00catre Les bienfaits de la Voile<\/p>\n","protected":false},"author":1,"featured_media":0,"parent":0,"menu_order":0,"comment_status":"closed","ping_status":"closed","template":"","meta":{"ocean_post_layout":"","ocean_both_sidebars_style":"","ocean_both_sidebars_content_width":0,"ocean_both_sidebars_sidebars_width":0,"ocean_sidebar":"0","ocean_second_sidebar":"0","ocean_disable_margins":"enable","ocean_add_body_class":"","ocean_shortcode_before_top_bar":"","ocean_shortcode_after_top_bar":"","ocean_shortcode_before_header":"","ocean_shortcode_after_header":"","ocean_has_shortcode":"","ocean_shortcode_after_title":"","ocean_shortcode_before_footer_widgets":"","ocean_shortcode_after_footer_widgets":"","ocean_shortcode_before_footer_bottom":"","ocean_shortcode_after_footer_bottom":"","ocean_display_top_bar":"default","ocean_display_header":"default","ocean_header_style":"","ocean_center_header_left_menu":"0","ocean_custom_header_template":"0","ocean_custom_logo":0,"ocean_custom_retina_logo":0,"ocean_custom_logo_max_width":0,"ocean_custom_logo_tablet_max_width":0,"ocean_custom_logo_mobile_max_width":0,"ocean_custom_logo_max_height":0,"ocean_custom_logo_tablet_max_height":0,"ocean_custom_logo_mobile_max_height":0,"ocean_header_custom_menu":"0","ocean_menu_typo_font_family":"0","ocean_menu_typo_font_subset":"","ocean_menu_typo_font_size":0,"ocean_menu_typo_font_size_tablet":0,"ocean_menu_typo_font_size_mobile":0,"ocean_menu_typo_font_size_unit":"px","ocean_menu_typo_font_weight":"","ocean_menu_typo_font_weight_tablet":"","ocean_menu_typo_font_weight_mobile":"","ocean_menu_typo_transform":"","ocean_menu_typo_transform_tablet":"","ocean_menu_typo_transform_mobile":"","ocean_menu_typo_line_height":0,"ocean_menu_typo_line_height_tablet":0,"ocean_menu_typo_line_height_mobile":0,"ocean_menu_typo_line_height_unit":"","ocean_menu_typo_spacing":0,"ocean_menu_typo_spacing_tablet":0,"ocean_menu_typo_spacing_mobile":0,"ocean_menu_typo_spacing_unit":"","ocean_menu_link_color":"","ocean_menu_link_color_hover":"","ocean_menu_link_color_active":"","ocean_menu_link_background":"","ocean_menu_link_hover_background":"","ocean_menu_link_active_background":"","ocean_menu_social_links_bg":"","ocean_menu_social_hover_links_bg":"","ocean_menu_social_links_color":"","ocean_menu_social_hover_links_color":"","ocean_disable_title":"default","ocean_disable_heading":"default","ocean_post_title":"","ocean_post_subheading":"","ocean_post_title_style":"background-image","ocean_post_title_background_color":"","ocean_post_title_background":1372,"ocean_post_title_bg_image_position":"","ocean_post_title_bg_image_attachment":"","ocean_post_title_bg_image_repeat":"","ocean_post_title_bg_image_size":"","ocean_post_title_height":0,"ocean_post_title_bg_overlay":0.5,"ocean_post_title_bg_overlay_color":"","ocean_disable_breadcrumbs":"default","ocean_breadcrumbs_color":"","ocean_breadcrumbs_separator_color":"","ocean_breadcrumbs_links_color":"","ocean_breadcrumbs_links_hover_color":"","ocean_display_footer_widgets":"default","ocean_display_footer_bottom":"default","ocean_custom_footer_template":"0","footnotes":""},"class_list":["post-33","page","type-page","status-publish","hentry","entry"],"_links":{"self":[{"href":"https:\/\/npb.asso.fr\/site\/wp-json\/wp\/v2\/pages\/33","targetHints":{"allow":["GET"]}}],"collection":[{"href":"https:\/\/npb.asso.fr\/site\/wp-json\/wp\/v2\/pages"}],"about":[{"href":"https:\/\/npb.asso.fr\/site\/wp-json\/wp\/v2\/types\/page"}],"author":[{"embeddable":true,"href":"https:\/\/npb.asso.fr\/site\/wp-json\/wp\/v2\/users\/1"}],"replies":[{"embeddable":true,"href":"https:\/\/npb.asso.fr\/site\/wp-json\/wp\/v2\/comments?post=33"}],"version-history":[{"count":83,"href":"https:\/\/npb.asso.fr\/site\/wp-json\/wp\/v2\/pages\/33\/revisions"}],"predecessor-version":[{"id":3714,"href":"https:\/\/npb.asso.fr\/site\/wp-json\/wp\/v2\/pages\/33\/revisions\/3714"}],"wp:attachment":[{"href":"https:\/\/npb.asso.fr\/site\/wp-json\/wp\/v2\/media?parent=33"}],"curies":[{"name":"wp","href":"https:\/\/api.w.org\/{rel}","templated":true}]}}