{"id":3399,"date":"2025-03-19T16:02:19","date_gmt":"2025-03-19T15:02:19","guid":{"rendered":"https:\/\/npb.asso.fr\/site\/?page_id=3399"},"modified":"2026-04-21T11:17:39","modified_gmt":"2026-04-21T09:17:39","slug":"stage-catamaran-niveau-3-a-piriac-sur-mer","status":"publish","type":"page","link":"https:\/\/npb.asso.fr\/site\/stage-catamaran-niveau-3-a-piriac-sur-mer\/","title":{"rendered":"Stage Catamaran NIVEAU 3 \u00e0 Piriac-sur-mer"},"content":{"rendered":"\n<p class=\"has-medium-font-size\">Ce stage de 5 jours permettra d\u2019assoir vos acquis de niveau 3 et de vous perfectionner afin de vous permettre de conna\u00eetre et d\u2019appr\u00e9hender les pr\u00e9-requis \u00e0 l\u2019obtention du niveau 4 qui donne acc\u00e8s \u00e0 la formation de moniteur de voile. Vous aborderez notamment la surpuissance, le trap\u00e8ze,&#8230;<\/p>\n\n\n\n<p>Le minimum requis est le niveau Orange\/ Vert donc toutes les cases doivent \u00eatre valid\u00e9es.<\/p>\n\n\n\n<p class=\"has-vivid-red-color has-text-color has-link-color wp-elements-352740fdd5054519720b8724e19e6ad7\"><strong>OBLIGATOIRE<\/strong> : Un justificatif de niveau sera \u00e0 fournir pour valider l&rsquo;inscription ou le passage d&rsquo;un test la semaine pr\u00e9c\u00e9dente. <\/p>\n\n\n\n<p class=\"has-medium-font-size\"><span style=\"text-decoration: underline;\">Caract\u00e9ristiques<\/span> :<br><\/p>\n\n\n\n<div class=\"wp-block-columns is-layout-flex wp-container-core-columns-is-layout-9d6595d7 wp-block-columns-is-layout-flex\">\n<div class=\"wp-block-column is-layout-flow wp-block-column-is-layout-flow\" style=\"flex-basis:33.33%\">\n<ul class=\"wp-block-list\">\n<li>Activit\u00e9 Encadr\u00e9e<\/li>\n\n\n\n<li>Age minimum : 14 ans<\/li>\n\n\n\n<li>Age maximum : adulte<\/li>\n\n\n\n<li>Format : 5 s\u00e9ances<\/li>\n\n\n\n<li>du lundi au vendredi<\/li>\n\n\n\n<li>Mat\u00e9riel : Catamaran Hobie Cat T1 ou Catamaran RS16<\/li>\n\n\n\n<li>Niveau : Niveau orange\/vert minimum<\/li>\n\n\n\n<li>Objectif : Progresser<\/li>\n<\/ul>\n<\/div>\n\n\n\n<div class=\"wp-block-column is-layout-flow wp-block-column-is-layout-flow\" style=\"flex-basis:66.66%\"><div class=\"wp-block-image\">\n<figure class=\"aligncenter size-large is-resized\"><img fetchpriority=\"high\" decoding=\"async\" width=\"768\" height=\"1024\" src=\"https:\/\/npb.asso.fr\/site\/wp-content\/uploads\/2025\/03\/IMG_5010-768x1024.jpeg\" alt=\"\" class=\"wp-image-3401\" style=\"object-fit:cover;width:300px;height:199px\" srcset=\"https:\/\/npb.asso.fr\/site\/wp-content\/uploads\/2025\/03\/IMG_5010-768x1024.jpeg 768w, https:\/\/npb.asso.fr\/site\/wp-content\/uploads\/2025\/03\/IMG_5010-225x300.jpeg 225w, https:\/\/npb.asso.fr\/site\/wp-content\/uploads\/2025\/03\/IMG_5010-1152x1536.jpeg 1152w, https:\/\/npb.asso.fr\/site\/wp-content\/uploads\/2025\/03\/IMG_5010-1536x2048.jpeg 1536w, https:\/\/npb.asso.fr\/site\/wp-content\/uploads\/2025\/03\/IMG_5010-87x116.jpeg 87w, https:\/\/npb.asso.fr\/site\/wp-content\/uploads\/2025\/03\/IMG_5010-scaled.jpeg 1920w\" sizes=\"(max-width: 768px) 100vw, 768px\" \/><\/figure>\n<\/div><\/div>\n<\/div>\n\n\n\n<p class=\"has-text-color has-link-color has-medium-font-size wp-elements-7e3d80df9c223cfdaa93bf834b311849\" style=\"color:#64b6da\">Horaires du lundi au vendredi de 16h15 \u00e0 18h30<\/p>\n\n\n\n<p><strong><mark style=\"background-color:rgba(0, 0, 0, 0)\" class=\"has-inline-color has-vivid-cyan-blue-color\">Les semaines S30 et S33<\/mark><\/strong><\/p>\n\n\n\n<p class=\"has-medium-font-size\"><span style=\"text-decoration: underline;\">Tarifs 2026<\/span> :<\/p>\n\n\n\n<figure class=\"wp-block-table is-style-stripes\"><table class=\"has-background has-fixed-layout\" style=\"background-color:#e7f5fe\"><tbody><tr><td>Prix du stage<\/td><td class=\"has-text-align-right\" data-align=\"right\">238.00 \u20ac<\/td><\/tr><tr><td>Prix FAMILLE \u00e0 partir de 3 personnes de la m\u00eame famille<\/td><td class=\"has-text-align-right\" data-align=\"right\">232.00 \u20ac<\/td><\/tr><tr><td>Prix de la DEUXI\u00c8ME SEMAINE de stage<\/td><td class=\"has-text-align-right\" data-align=\"right\">214.00 \u20ac<\/td><\/tr><tr><td>Location de la combinaison pour la semaine<\/td><td class=\"has-text-align-right\" data-align=\"right\">17.00 \u20ac<\/td><\/tr><\/tbody><\/table><\/figure>\n\n\n\n<div class=\"wp-block-columns is-layout-flex wp-container-core-columns-is-layout-9d6595d7 wp-block-columns-is-layout-flex\">\n<div class=\"wp-block-column is-layout-flow wp-block-column-is-layout-flow\">\n<div class=\"wp-block-buttons is-layout-flex wp-block-buttons-is-layout-flex\">\n<div class=\"wp-block-button aligncenter\"><a class=\"wp-block-button__link has-vivid-red-background-color has-background wp-element-button\" href=\"https:\/\/piriac.npb.asso.fr\/data\" target=\"_blank\" rel=\"noreferrer noopener\">Je m&rsquo;inscris pour ce stage par le E-commerce Piriac<\/a><\/div>\n<\/div>\n<\/div>\n\n\n\n<div class=\"wp-block-column is-layout-flow wp-block-column-is-layout-flow\">\n<div class=\"wp-block-buttons is-layout-flex wp-block-buttons-is-layout-flex\">\n<div class=\"wp-block-button aligncenter\"><a class=\"wp-block-button__link has-vivid-cyan-blue-background-color has-background wp-element-button\" href=\"https:\/\/npb.asso.fr\/site\/wp-content\/uploads\/2026\/04\/Fiche-inscription-ete-2026.pdf\">Je m&rsquo;inscris pour ce stage version papiers<\/a><\/div>\n<\/div>\n<\/div>\n<\/div>\n\n\n\n<div class=\"wp-block-buttons is-content-justification-center is-layout-flex wp-container-core-buttons-is-layout-16018d1d wp-block-buttons-is-layout-flex\">\n<div class=\"wp-block-button\"><a class=\"wp-block-button__link has-text-align-center wp-element-button\" href=\"http:\/\/npb.asso.fr\/site\/wp-content\/uploads\/2024\/09\/Questionnaire_Sante_FFVoile_mineur-simple-2.pdf\" target=\"_blank\" rel=\"noreferrer noopener\">Questionnaire de sant\u00e9<\/a><\/div>\n<\/div>\n\n\n\n<p><\/p>\n","protected":false},"excerpt":{"rendered":"<p>Ce stage de 5 jours permettra d\u2019assoir vos acquis de niveau 3 et de vous perfectionner afin de vous permettre de conna\u00eetre et d\u2019appr\u00e9hender les pr\u00e9-requis \u00e0 l\u2019obtention du niveau 4 qui donne acc\u00e8s \u00e0 la formation de moniteur de voile. Vous aborderez notamment la surpuissance, le trap\u00e8ze,&#8230; Le minimum requis est le niveau Orange\/ [&hellip;]<\/p>\n","protected":false},"author":1,"featured_media":0,"parent":0,"menu_order":0,"comment_status":"closed","ping_status":"closed","template":"","meta":{"ocean_post_layout":"","ocean_both_sidebars_style":"","ocean_both_sidebars_content_width":0,"ocean_both_sidebars_sidebars_width":0,"ocean_sidebar":"","ocean_second_sidebar":"","ocean_disable_margins":"enable","ocean_add_body_class":"","ocean_shortcode_before_top_bar":"","ocean_shortcode_after_top_bar":"","ocean_shortcode_before_header":"","ocean_shortcode_after_header":"","ocean_has_shortcode":"","ocean_shortcode_after_title":"","ocean_shortcode_before_footer_widgets":"","ocean_shortcode_after_footer_widgets":"","ocean_shortcode_before_footer_bottom":"","ocean_shortcode_after_footer_bottom":"","ocean_display_top_bar":"default","ocean_display_header":"default","ocean_header_style":"","ocean_center_header_left_menu":"","ocean_custom_header_template":"","ocean_custom_logo":0,"ocean_custom_retina_logo":0,"ocean_custom_logo_max_width":0,"ocean_custom_logo_tablet_max_width":0,"ocean_custom_logo_mobile_max_width":0,"ocean_custom_logo_max_height":0,"ocean_custom_logo_tablet_max_height":0,"ocean_custom_logo_mobile_max_height":0,"ocean_header_custom_menu":"","ocean_menu_typo_font_family":"","ocean_menu_typo_font_subset":"","ocean_menu_typo_font_size":0,"ocean_menu_typo_font_size_tablet":0,"ocean_menu_typo_font_size_mobile":0,"ocean_menu_typo_font_size_unit":"px","ocean_menu_typo_font_weight":"","ocean_menu_typo_font_weight_tablet":"","ocean_menu_typo_font_weight_mobile":"","ocean_menu_typo_transform":"","ocean_menu_typo_transform_tablet":"","ocean_menu_typo_transform_mobile":"","ocean_menu_typo_line_height":0,"ocean_menu_typo_line_height_tablet":0,"ocean_menu_typo_line_height_mobile":0,"ocean_menu_typo_line_height_unit":"","ocean_menu_typo_spacing":0,"ocean_menu_typo_spacing_tablet":0,"ocean_menu_typo_spacing_mobile":0,"ocean_menu_typo_spacing_unit":"","ocean_menu_link_color":"","ocean_menu_link_color_hover":"","ocean_menu_link_color_active":"","ocean_menu_link_background":"","ocean_menu_link_hover_background":"","ocean_menu_link_active_background":"","ocean_menu_social_links_bg":"","ocean_menu_social_hover_links_bg":"","ocean_menu_social_links_color":"","ocean_menu_social_hover_links_color":"","ocean_disable_title":"default","ocean_disable_heading":"default","ocean_post_title":"","ocean_post_subheading":"","ocean_post_title_style":"","ocean_post_title_background_color":"","ocean_post_title_background":0,"ocean_post_title_bg_image_position":"","ocean_post_title_bg_image_attachment":"","ocean_post_title_bg_image_repeat":"","ocean_post_title_bg_image_size":"","ocean_post_title_height":0,"ocean_post_title_bg_overlay":0.5,"ocean_post_title_bg_overlay_color":"","ocean_disable_breadcrumbs":"default","ocean_breadcrumbs_color":"","ocean_breadcrumbs_separator_color":"","ocean_breadcrumbs_links_color":"","ocean_breadcrumbs_links_hover_color":"","ocean_display_footer_widgets":"default","ocean_display_footer_bottom":"default","ocean_custom_footer_template":"","footnotes":""},"class_list":["post-3399","page","type-page","status-publish","hentry","entry"],"_links":{"self":[{"href":"https:\/\/npb.asso.fr\/site\/wp-json\/wp\/v2\/pages\/3399","targetHints":{"allow":["GET"]}}],"collection":[{"href":"https:\/\/npb.asso.fr\/site\/wp-json\/wp\/v2\/pages"}],"about":[{"href":"https:\/\/npb.asso.fr\/site\/wp-json\/wp\/v2\/types\/page"}],"author":[{"embeddable":true,"href":"https:\/\/npb.asso.fr\/site\/wp-json\/wp\/v2\/users\/1"}],"replies":[{"embeddable":true,"href":"https:\/\/npb.asso.fr\/site\/wp-json\/wp\/v2\/comments?post=3399"}],"version-history":[{"count":7,"href":"https:\/\/npb.asso.fr\/site\/wp-json\/wp\/v2\/pages\/3399\/revisions"}],"predecessor-version":[{"id":3803,"href":"https:\/\/npb.asso.fr\/site\/wp-json\/wp\/v2\/pages\/3399\/revisions\/3803"}],"wp:attachment":[{"href":"https:\/\/npb.asso.fr\/site\/wp-json\/wp\/v2\/media?parent=3399"}],"curies":[{"name":"wp","href":"https:\/\/api.w.org\/{rel}","templated":true}]}}