{"id":3583,"date":"2025-09-08T22:03:10","date_gmt":"2025-09-08T20:03:10","guid":{"rendered":"https:\/\/npb.asso.fr\/site\/?page_id=3583"},"modified":"2025-09-08T22:03:11","modified_gmt":"2025-09-08T20:03:11","slug":"la-mer-est-a-vous","status":"publish","type":"page","link":"https:\/\/npb.asso.fr\/site\/la-mer-est-a-vous\/","title":{"rendered":"La Mer est \u00e0 vous"},"content":{"rendered":"\n<p>Vous aimez la mer, le grand air ou simplement l\u2019envie de vivre une exp\u00e9rience diff\u00e9rente ?<\/p>\n\n\n\n<p>\u00ab La mer est \u00e0 Vous \u00bb est une belle opportunit\u00e9 : pendant six mois, vous apprenez \u00e0 naviguer, vous passez le permis bateau, vous travaillez en \u00e9quipe et vous d\u00e9couvrez les m\u00e9tiers de la mer.<\/p>\n\n\n\n<p>L\u2019objectif n\u2019est pas seulement de savoir naviguer, mais surtout de vous offrir la possibilit\u00e9 de vous reprendre en main. Vous<\/p>\n\n\n\n<figure class=\"wp-block-pullquote\"><blockquote><p>Vous avez entre 18 et 25 ans?<br>Vous en \u00eates en recherche de formation ou d&#8217;emploi?<br>Vous souhaitez retrouver un rythme de vie en d\u00e9couvrant de nouveaux m\u00e9tiers?<\/p><\/blockquote><\/figure>\n\n\n\n<p>Ce dispositif peut \u00eatre un v\u00e9ritable tremplin pour trouver votre voie, acc\u00e9der \u00e0 une formation ou d\u00e9crocher un emploi qui vous correspond.<\/p>\n\n\n\n<p>Pendant ces 6 mois, vous <\/p>\n\n\n\n<ul class=\"wp-block-list\">\n<li>D\u00e9couvrirez la navigation sur diff\u00e9rents supports, <\/li>\n\n\n\n<li>passerez le permis bateau<\/li>\n\n\n\n<li>participerez \u00e0 des ateliers CV et pr\u00e9sentation <\/li>\n\n\n\n<li>Passerez le PSC1<\/li>\n\n\n\n<li>Effectuerez des visites d&rsquo;entreprises<\/li>\n\n\n\n<li>R\u00e9aliserez trois p\u00e9riodes de stage de 35 heures<\/li>\n\n\n\n<li>Serez accompagn\u00e9(e) dans votre projet professionnel<\/li>\n\n\n\n<li><\/li>\n<\/ul>\n","protected":false},"excerpt":{"rendered":"<p>Vous aimez la mer, le grand air ou simplement l\u2019envie de vivre une exp\u00e9rience diff\u00e9rente ? \u00ab La mer est \u00e0 Vous \u00bb est une belle opportunit\u00e9 : pendant six mois, vous apprenez \u00e0 naviguer, vous passez le permis bateau, vous travaillez en \u00e9quipe et vous d\u00e9couvrez les m\u00e9tiers de la mer. L\u2019objectif n\u2019est pas [&hellip;]<\/p>\n","protected":false},"author":1,"featured_media":0,"parent":0,"menu_order":0,"comment_status":"closed","ping_status":"closed","template":"","meta":{"ocean_post_layout":"","ocean_both_sidebars_style":"","ocean_both_sidebars_content_width":0,"ocean_both_sidebars_sidebars_width":0,"ocean_sidebar":"","ocean_second_sidebar":"","ocean_disable_margins":"enable","ocean_add_body_class":"","ocean_shortcode_before_top_bar":"","ocean_shortcode_after_top_bar":"","ocean_shortcode_before_header":"","ocean_shortcode_after_header":"","ocean_has_shortcode":"","ocean_shortcode_after_title":"","ocean_shortcode_before_footer_widgets":"","ocean_shortcode_after_footer_widgets":"","ocean_shortcode_before_footer_bottom":"","ocean_shortcode_after_footer_bottom":"","ocean_display_top_bar":"default","ocean_display_header":"default","ocean_header_style":"","ocean_center_header_left_menu":"","ocean_custom_header_template":"","ocean_custom_logo":0,"ocean_custom_retina_logo":0,"ocean_custom_logo_max_width":0,"ocean_custom_logo_tablet_max_width":0,"ocean_custom_logo_mobile_max_width":0,"ocean_custom_logo_max_height":0,"ocean_custom_logo_tablet_max_height":0,"ocean_custom_logo_mobile_max_height":0,"ocean_header_custom_menu":"","ocean_menu_typo_font_family":"","ocean_menu_typo_font_subset":"","ocean_menu_typo_font_size":0,"ocean_menu_typo_font_size_tablet":0,"ocean_menu_typo_font_size_mobile":0,"ocean_menu_typo_font_size_unit":"px","ocean_menu_typo_font_weight":"","ocean_menu_typo_font_weight_tablet":"","ocean_menu_typo_font_weight_mobile":"","ocean_menu_typo_transform":"","ocean_menu_typo_transform_tablet":"","ocean_menu_typo_transform_mobile":"","ocean_menu_typo_line_height":0,"ocean_menu_typo_line_height_tablet":0,"ocean_menu_typo_line_height_mobile":0,"ocean_menu_typo_line_height_unit":"","ocean_menu_typo_spacing":0,"ocean_menu_typo_spacing_tablet":0,"ocean_menu_typo_spacing_mobile":0,"ocean_menu_typo_spacing_unit":"","ocean_menu_link_color":"","ocean_menu_link_color_hover":"","ocean_menu_link_color_active":"","ocean_menu_link_background":"","ocean_menu_link_hover_background":"","ocean_menu_link_active_background":"","ocean_menu_social_links_bg":"","ocean_menu_social_hover_links_bg":"","ocean_menu_social_links_color":"","ocean_menu_social_hover_links_color":"","ocean_disable_title":"default","ocean_disable_heading":"default","ocean_post_title":"","ocean_post_subheading":"","ocean_post_title_style":"","ocean_post_title_background_color":"","ocean_post_title_background":0,"ocean_post_title_bg_image_position":"","ocean_post_title_bg_image_attachment":"","ocean_post_title_bg_image_repeat":"","ocean_post_title_bg_image_size":"","ocean_post_title_height":0,"ocean_post_title_bg_overlay":0.5,"ocean_post_title_bg_overlay_color":"","ocean_disable_breadcrumbs":"default","ocean_breadcrumbs_color":"","ocean_breadcrumbs_separator_color":"","ocean_breadcrumbs_links_color":"","ocean_breadcrumbs_links_hover_color":"","ocean_display_footer_widgets":"default","ocean_display_footer_bottom":"default","ocean_custom_footer_template":"","footnotes":""},"class_list":["post-3583","page","type-page","status-publish","hentry","entry"],"_links":{"self":[{"href":"https:\/\/npb.asso.fr\/site\/wp-json\/wp\/v2\/pages\/3583","targetHints":{"allow":["GET"]}}],"collection":[{"href":"https:\/\/npb.asso.fr\/site\/wp-json\/wp\/v2\/pages"}],"about":[{"href":"https:\/\/npb.asso.fr\/site\/wp-json\/wp\/v2\/types\/page"}],"author":[{"embeddable":true,"href":"https:\/\/npb.asso.fr\/site\/wp-json\/wp\/v2\/users\/1"}],"replies":[{"embeddable":true,"href":"https:\/\/npb.asso.fr\/site\/wp-json\/wp\/v2\/comments?post=3583"}],"version-history":[{"count":3,"href":"https:\/\/npb.asso.fr\/site\/wp-json\/wp\/v2\/pages\/3583\/revisions"}],"predecessor-version":[{"id":3587,"href":"https:\/\/npb.asso.fr\/site\/wp-json\/wp\/v2\/pages\/3583\/revisions\/3587"}],"wp:attachment":[{"href":"https:\/\/npb.asso.fr\/site\/wp-json\/wp\/v2\/media?parent=3583"}],"curies":[{"name":"wp","href":"https:\/\/api.w.org\/{rel}","templated":true}]}}