{"id":3836,"date":"2026-05-08T15:27:50","date_gmt":"2026-05-08T13:27:50","guid":{"rendered":"https:\/\/npb.asso.fr\/site\/?page_id=3836"},"modified":"2026-05-13T13:59:43","modified_gmt":"2026-05-13T11:59:43","slug":"mor-braz-cata-cup","status":"publish","type":"page","link":"https:\/\/npb.asso.fr\/site\/mor-braz-cata-cup\/","title":{"rendered":"MOR BRAZ CATA CUP"},"content":{"rendered":"\n<p>SAMEDI 23 MAI 2026<\/p>\n\n\n\n<p><strong>Pr\u00e9-inscription <u>jusqu&rsquo;au 22 mai 2026<\/u><\/strong><\/p>\n\n\n\n<h2 class=\"wp-block-heading\">INFORMATIONS G\u00c9N\u00c9RALES<\/h2>\n\n\n\n<p>Le samedi 23\/05\/26 de 9h \u00e0 11h vous devrez fournir uniquement :<\/p>\n\n\n\n<ul class=\"wp-block-list\">\n<li>Votre licence (ou la demander),<\/li>\n\n\n\n<li>Votre autorisation parentale (\u00e0 compl\u00e9ter sur place),<\/li>\n\n\n\n<li>Compl\u00e9ter la fiche de confirmation d&rsquo;inscription.<\/li>\n<\/ul>\n\n\n\n<p>Tous les concurrents devront \u00e9marger \u00e0 terre entre 9h et 11h le 23\/05\/26.<\/p>\n\n\n\n<h3 class=\"wp-block-heading\"><strong><u>Attention le club ne fourni pas de bateaux.<\/u><\/strong><\/h3>\n\n\n\n<h3 class=\"wp-block-heading\"><strong><u>Les bateaux autoris\u00e9s doivent faire entre 16 et 20 pieds.<\/u><\/strong><\/h3>\n\n\n\n<h2 class=\"wp-block-heading\">PRIX<\/h2>\n\n\n\n<p>Adh\u00e9rent : R\u00e9gate incluse dans la prestation club&nbsp;<\/p>\n\n\n\n<p>Pratique solitaire : 25\u20ac<\/p>\n\n\n\n<p>Pratique double :&nbsp;32\u20ac \/ bateau<\/p>\n\n\n\n<div class=\"wp-block-columns is-layout-flex wp-container-core-columns-is-layout-9d6595d7 wp-block-columns-is-layout-flex\">\n<div class=\"wp-block-column is-vertically-aligned-center is-layout-flow wp-block-column-is-layout-flow\" style=\"flex-basis:66.66%\">\n<p><strong><u>Paiement en ligne pour les ext\u00e9rieurs au club<\/u><\/strong><\/p>\n<\/div>\n\n\n\n<div class=\"wp-block-column is-layout-flow wp-block-column-is-layout-flow\" style=\"flex-basis:33.33%\">\n<div class=\"wp-block-buttons is-layout-flex wp-block-buttons-is-layout-flex\">\n<div class=\"wp-block-button has-custom-width wp-block-button__width-100\"><a class=\"wp-block-button__link wp-element-button\" href=\"https:\/\/www.helloasso.com\/associations\/nautisme-en-pays-blanc\/boutiques\/regate-raid-mor-braz\/1\" target=\"_blank\" rel=\"noreferrer noopener\">Paiement en ligne<\/a><\/div>\n<\/div>\n<\/div>\n<\/div>\n\n\n\n<div style=\"height:28px\" aria-hidden=\"true\" class=\"wp-block-spacer\"><\/div>\n\n\n\n<div class=\"wp-block-columns is-layout-flex wp-container-core-columns-is-layout-9d6595d7 wp-block-columns-is-layout-flex\">\n<div class=\"wp-block-column is-layout-flow wp-block-column-is-layout-flow\">\n<div class=\"wp-block-buttons is-content-justification-center is-layout-flex wp-container-core-buttons-is-layout-16018d1d wp-block-buttons-is-layout-flex\">\n<div class=\"wp-block-button has-custom-width wp-block-button__width-100\"><a class=\"wp-block-button__link wp-element-button\" href=\"https:\/\/docs.google.com\/forms\/d\/e\/1FAIpQLSfMalNXezQntTqdYJ9Dl8_VBuQM-R03BPpEbvWLTHDCPNNSlg\/viewform\" target=\"_blank\" rel=\"noreferrer noopener\">Pr\u00e9-inscription club<\/a><\/div>\n<\/div>\n<\/div>\n\n\n\n<div class=\"wp-block-column is-layout-flow wp-block-column-is-layout-flow\">\n<div class=\"wp-block-buttons is-content-justification-center is-layout-flex wp-container-core-buttons-is-layout-16018d1d wp-block-buttons-is-layout-flex\">\n<div class=\"wp-block-button has-custom-width wp-block-button__width-100\"><a class=\"wp-block-button__link wp-element-button\" href=\"http:\/\/npb.asso.fr\/site\/wp-content\/uploads\/2026\/05\/Avis-de-course-MOR-BRAZ-CATA-CUP-2026.pdf\" target=\"_blank\" rel=\"noreferrer noopener\">Avis de course<\/a><\/div>\n<\/div>\n<\/div>\n\n\n\n<div class=\"wp-block-column is-layout-flow wp-block-column-is-layout-flow\">\n<div class=\"wp-block-buttons is-content-justification-center is-layout-flex wp-container-core-buttons-is-layout-16018d1d wp-block-buttons-is-layout-flex\">\n<div class=\"wp-block-button has-custom-width wp-block-button__width-100\"><a class=\"wp-block-button__link wp-element-button\">Instructions de course<\/a><\/div>\n<\/div>\n<\/div>\n<\/div>\n","protected":false},"excerpt":{"rendered":"<p>SAMEDI 23 MAI 2026 Pr\u00e9-inscription jusqu&rsquo;au 22 mai 2026 INFORMATIONS G\u00c9N\u00c9RALES Le samedi 23\/05\/26 de 9h \u00e0 11h vous devrez fournir uniquement : Tous les concurrents devront \u00e9marger \u00e0 terre entre 9h et 11h le 23\/05\/26. Attention le club ne fourni pas de bateaux. Les bateaux autoris\u00e9s doivent faire entre 16 et 20 pieds. PRIX [&hellip;]<\/p>\n","protected":false},"author":1,"featured_media":3833,"parent":0,"menu_order":0,"comment_status":"closed","ping_status":"closed","template":"","meta":{"ocean_post_layout":"","ocean_both_sidebars_style":"","ocean_both_sidebars_content_width":0,"ocean_both_sidebars_sidebars_width":0,"ocean_sidebar":"","ocean_second_sidebar":"","ocean_disable_margins":"enable","ocean_add_body_class":"","ocean_shortcode_before_top_bar":"","ocean_shortcode_after_top_bar":"","ocean_shortcode_before_header":"","ocean_shortcode_after_header":"","ocean_has_shortcode":"","ocean_shortcode_after_title":"","ocean_shortcode_before_footer_widgets":"","ocean_shortcode_after_footer_widgets":"","ocean_shortcode_before_footer_bottom":"","ocean_shortcode_after_footer_bottom":"","ocean_display_top_bar":"default","ocean_display_header":"default","ocean_header_style":"","ocean_center_header_left_menu":"","ocean_custom_header_template":"","ocean_custom_logo":0,"ocean_custom_retina_logo":0,"ocean_custom_logo_max_width":0,"ocean_custom_logo_tablet_max_width":0,"ocean_custom_logo_mobile_max_width":0,"ocean_custom_logo_max_height":0,"ocean_custom_logo_tablet_max_height":0,"ocean_custom_logo_mobile_max_height":0,"ocean_header_custom_menu":"","ocean_menu_typo_font_family":"","ocean_menu_typo_font_subset":"","ocean_menu_typo_font_size":0,"ocean_menu_typo_font_size_tablet":0,"ocean_menu_typo_font_size_mobile":0,"ocean_menu_typo_font_size_unit":"px","ocean_menu_typo_font_weight":"","ocean_menu_typo_font_weight_tablet":"","ocean_menu_typo_font_weight_mobile":"","ocean_menu_typo_transform":"","ocean_menu_typo_transform_tablet":"","ocean_menu_typo_transform_mobile":"","ocean_menu_typo_line_height":0,"ocean_menu_typo_line_height_tablet":0,"ocean_menu_typo_line_height_mobile":0,"ocean_menu_typo_line_height_unit":"","ocean_menu_typo_spacing":0,"ocean_menu_typo_spacing_tablet":0,"ocean_menu_typo_spacing_mobile":0,"ocean_menu_typo_spacing_unit":"","ocean_menu_link_color":"","ocean_menu_link_color_hover":"","ocean_menu_link_color_active":"","ocean_menu_link_background":"","ocean_menu_link_hover_background":"","ocean_menu_link_active_background":"","ocean_menu_social_links_bg":"","ocean_menu_social_hover_links_bg":"","ocean_menu_social_links_color":"","ocean_menu_social_hover_links_color":"","ocean_disable_title":"default","ocean_disable_heading":"default","ocean_post_title":"","ocean_post_subheading":"","ocean_post_title_style":"","ocean_post_title_background_color":"","ocean_post_title_background":0,"ocean_post_title_bg_image_position":"","ocean_post_title_bg_image_attachment":"","ocean_post_title_bg_image_repeat":"","ocean_post_title_bg_image_size":"","ocean_post_title_height":0,"ocean_post_title_bg_overlay":0.5,"ocean_post_title_bg_overlay_color":"","ocean_disable_breadcrumbs":"default","ocean_breadcrumbs_color":"","ocean_breadcrumbs_separator_color":"","ocean_breadcrumbs_links_color":"","ocean_breadcrumbs_links_hover_color":"","ocean_display_footer_widgets":"default","ocean_display_footer_bottom":"default","ocean_custom_footer_template":"","footnotes":""},"class_list":["post-3836","page","type-page","status-publish","has-post-thumbnail","hentry","entry","has-media"],"_links":{"self":[{"href":"https:\/\/npb.asso.fr\/site\/wp-json\/wp\/v2\/pages\/3836","targetHints":{"allow":["GET"]}}],"collection":[{"href":"https:\/\/npb.asso.fr\/site\/wp-json\/wp\/v2\/pages"}],"about":[{"href":"https:\/\/npb.asso.fr\/site\/wp-json\/wp\/v2\/types\/page"}],"author":[{"embeddable":true,"href":"https:\/\/npb.asso.fr\/site\/wp-json\/wp\/v2\/users\/1"}],"replies":[{"embeddable":true,"href":"https:\/\/npb.asso.fr\/site\/wp-json\/wp\/v2\/comments?post=3836"}],"version-history":[{"count":14,"href":"https:\/\/npb.asso.fr\/site\/wp-json\/wp\/v2\/pages\/3836\/revisions"}],"predecessor-version":[{"id":3878,"href":"https:\/\/npb.asso.fr\/site\/wp-json\/wp\/v2\/pages\/3836\/revisions\/3878"}],"wp:featuredmedia":[{"embeddable":true,"href":"https:\/\/npb.asso.fr\/site\/wp-json\/wp\/v2\/media\/3833"}],"wp:attachment":[{"href":"https:\/\/npb.asso.fr\/site\/wp-json\/wp\/v2\/media?parent=3836"}],"curies":[{"name":"wp","href":"https:\/\/api.w.org\/{rel}","templated":true}]}}