{"id":58,"date":"2020-11-05T10:45:09","date_gmt":"2020-11-05T09:45:09","guid":{"rendered":"http:\/\/npb.asso.fr\/site\/?page_id=58"},"modified":"2023-04-13T14:05:55","modified_gmt":"2023-04-13T12:05:55","slug":"accueil-de-groupes","status":"publish","type":"page","link":"https:\/\/npb.asso.fr\/site\/accueil-de-groupes\/","title":{"rendered":"Groupes"},"content":{"rendered":"\n<p>Nous accueillons les groupes lors de diff\u00e9rentes p\u00e9riodes , de Mars \u00e0 Juin pour le Printemps et de Septembre \u00e0 Novembre pour l&rsquo;Automne.<\/p>\n\n\n\n<p>Tout est mis en \u0153uvre pour acqu\u00e9rir de diverses connaissances de part la navigation et l&rsquo;apprentissage.<\/p>\n\n\n\n<p>Une salle de cours dans chaque base permet les briefings et debriefings par les moniteurs, les plans d&rsquo;eau et les supports de voile sur lesquels nous naviguons.<\/p>\n\n\n\n<p>Nous proposons quatre types de navigation : la voile l\u00e9g\u00e8re sur des supports tels que Catamaran et Optimist; une sortie en Go\u00e9lette, voilier de 9 m\u00e8tres;  des supports multipagaie tel que le kayak de mer,le Stand up Paddle et la Pirogue ainsi que des supports qualifi\u00e9s pour le handivoile tel que des access dinghy 3.03 et la go\u00e9lette fillao.<\/p>\n\n\n\n<p>Nous sommes en capacit\u00e9 d&rsquo;accueil diff\u00e9rents profils, personnes \u00e0 mobilit\u00e9s r\u00e9duites comprises.<\/p>\n\n\n\n<p>L\u2019accueil se fait sur 3 bases nautiques diff\u00e9rentes : Piriac sur Mer, La Turballe et Quimiac.<\/p>\n\n\n\n<div class=\"wp-block-group\"><div class=\"wp-block-group__inner-container is-layout-constrained wp-block-group-is-layout-constrained\">\n<div class=\"wp-block-columns is-layout-flex wp-container-core-columns-is-layout-1 wp-block-columns-is-layout-flex\">\n<div class=\"wp-block-column is-layout-flow wp-block-column-is-layout-flow\"><div class=\"wp-block-image is-style-default\">\n<figure class=\"alignleft size-large is-resized\"><a href=\"http:\/\/npb.asso.fr\/site\/?page_id=53\"><img fetchpriority=\"high\" decoding=\"async\" src=\"http:\/\/npb.asso.fr\/site\/wp-content\/uploads\/2020\/11\/voile-legere.jpg\" alt=\"\" class=\"wp-image-1021\" width=\"290\" height=\"195\"\/><\/a><\/figure><\/div><\/div>\n\n\n\n<div class=\"wp-block-column is-layout-flow wp-block-column-is-layout-flow\"><div class=\"wp-block-image is-style-default\">\n<figure class=\"alignleft size-large is-resized\"><a href=\"http:\/\/npb.asso.fr\/site\/?page_id=762\"><img decoding=\"async\" src=\"http:\/\/npb.asso.fr\/site\/wp-content\/uploads\/2020\/11\/goelette-LOGO.jpg\" alt=\"\" class=\"wp-image-1022\" width=\"290\" height=\"195\" srcset=\"https:\/\/npb.asso.fr\/site\/wp-content\/uploads\/2020\/11\/goelette-LOGO.jpg 184w, https:\/\/npb.asso.fr\/site\/wp-content\/uploads\/2020\/11\/goelette-LOGO-174x116.jpg 174w\" sizes=\"(max-width: 290px) 100vw, 290px\" \/><\/a><\/figure><\/div><\/div>\n\n\n\n<div class=\"wp-block-column is-layout-flow wp-block-column-is-layout-flow\"><div class=\"wp-block-image is-style-default\">\n<figure class=\"alignleft size-full is-resized\"><a href=\"https:\/\/npb.asso.fr\/site\/groupes\/\"><img decoding=\"async\" src=\"http:\/\/npb.asso.fr\/site\/wp-content\/uploads\/2020\/11\/MULTIPAGAIE-ACCUEIL-1.jpg\" alt=\"\" class=\"wp-image-808\" width=\"290\" height=\"195\" srcset=\"https:\/\/npb.asso.fr\/site\/wp-content\/uploads\/2020\/11\/MULTIPAGAIE-ACCUEIL-1.jpg 182w, https:\/\/npb.asso.fr\/site\/wp-content\/uploads\/2020\/11\/MULTIPAGAIE-ACCUEIL-1-173x116.jpg 173w\" sizes=\"(max-width: 290px) 100vw, 290px\" \/><\/a><\/figure><\/div><\/div>\n<\/div>\n<\/div><\/div>\n\n\n<div class=\"wp-block-image\">\n<figure class=\"alignleft size-large is-resized\"><a href=\"https:\/\/npb.asso.fr\/site\/handivoile\/\"><img loading=\"lazy\" decoding=\"async\" src=\"http:\/\/npb.asso.fr\/site\/wp-content\/uploads\/2020\/12\/npb-access-dingy-13-Copier-1024x684.jpg\" alt=\"\" class=\"wp-image-1311\" width=\"290\" height=\"195\" srcset=\"https:\/\/npb.asso.fr\/site\/wp-content\/uploads\/2020\/12\/npb-access-dingy-13-Copier-1024x684.jpg 1024w, https:\/\/npb.asso.fr\/site\/wp-content\/uploads\/2020\/12\/npb-access-dingy-13-Copier-768x513.jpg 768w, https:\/\/npb.asso.fr\/site\/wp-content\/uploads\/2020\/12\/npb-access-dingy-13-Copier-1536x1026.jpg 1536w, https:\/\/npb.asso.fr\/site\/wp-content\/uploads\/2020\/12\/npb-access-dingy-13-Copier-174x116.jpg 174w, https:\/\/npb.asso.fr\/site\/wp-content\/uploads\/2020\/12\/npb-access-dingy-13-Copier.jpg 1600w\" sizes=\"(max-width: 290px) 100vw, 290px\" \/><\/a><\/figure><\/div>\n\n\n<div class=\"wp-block-buttons is-content-justification-center is-layout-flex wp-container-core-buttons-is-layout-1 wp-block-buttons-is-layout-flex\"><\/div>\n\n\n\n<p><\/p>\n","protected":false},"excerpt":{"rendered":"<p>Nous accueillons les groupes lors de diff\u00e9rentes p\u00e9riodes , de Mars \u00e0 Juin pour le Printemps et de Septembre \u00e0 Novembre pour l&rsquo;Automne. Tout est mis en \u0153uvre pour acqu\u00e9rir de diverses connaissances de part la navigation et l&rsquo;apprentissage. Une salle de cours dans chaque base permet les briefings et debriefings par les moniteurs, les [&hellip;]<\/p>\n","protected":false},"author":1,"featured_media":0,"parent":0,"menu_order":0,"comment_status":"closed","ping_status":"closed","template":"","meta":{"ocean_post_layout":"full-width","ocean_both_sidebars_style":"","ocean_both_sidebars_content_width":0,"ocean_both_sidebars_sidebars_width":0,"ocean_sidebar":"0","ocean_second_sidebar":"0","ocean_disable_margins":"enable","ocean_add_body_class":"","ocean_shortcode_before_top_bar":"","ocean_shortcode_after_top_bar":"","ocean_shortcode_before_header":"","ocean_shortcode_after_header":"","ocean_has_shortcode":"","ocean_shortcode_after_title":"","ocean_shortcode_before_footer_widgets":"","ocean_shortcode_after_footer_widgets":"","ocean_shortcode_before_footer_bottom":"","ocean_shortcode_after_footer_bottom":"","ocean_display_top_bar":"default","ocean_display_header":"default","ocean_header_style":"","ocean_center_header_left_menu":"0","ocean_custom_header_template":"0","ocean_custom_logo":0,"ocean_custom_retina_logo":0,"ocean_custom_logo_max_width":0,"ocean_custom_logo_tablet_max_width":0,"ocean_custom_logo_mobile_max_width":0,"ocean_custom_logo_max_height":0,"ocean_custom_logo_tablet_max_height":0,"ocean_custom_logo_mobile_max_height":0,"ocean_header_custom_menu":"0","ocean_menu_typo_font_family":"0","ocean_menu_typo_font_subset":"","ocean_menu_typo_font_size":0,"ocean_menu_typo_font_size_tablet":0,"ocean_menu_typo_font_size_mobile":0,"ocean_menu_typo_font_size_unit":"px","ocean_menu_typo_font_weight":"","ocean_menu_typo_font_weight_tablet":"","ocean_menu_typo_font_weight_mobile":"","ocean_menu_typo_transform":"","ocean_menu_typo_transform_tablet":"","ocean_menu_typo_transform_mobile":"","ocean_menu_typo_line_height":0,"ocean_menu_typo_line_height_tablet":0,"ocean_menu_typo_line_height_mobile":0,"ocean_menu_typo_line_height_unit":"","ocean_menu_typo_spacing":0,"ocean_menu_typo_spacing_tablet":0,"ocean_menu_typo_spacing_mobile":0,"ocean_menu_typo_spacing_unit":"","ocean_menu_link_color":"","ocean_menu_link_color_hover":"","ocean_menu_link_color_active":"","ocean_menu_link_background":"","ocean_menu_link_hover_background":"","ocean_menu_link_active_background":"","ocean_menu_social_links_bg":"","ocean_menu_social_hover_links_bg":"","ocean_menu_social_links_color":"","ocean_menu_social_hover_links_color":"","ocean_disable_title":"default","ocean_disable_heading":"default","ocean_post_title":"","ocean_post_subheading":"","ocean_post_title_style":"background-image","ocean_post_title_background_color":"","ocean_post_title_background":1518,"ocean_post_title_bg_image_position":"bottom center","ocean_post_title_bg_image_attachment":"","ocean_post_title_bg_image_repeat":"no-repeat","ocean_post_title_bg_image_size":"cover","ocean_post_title_height":0,"ocean_post_title_bg_overlay":0.5,"ocean_post_title_bg_overlay_color":"","ocean_disable_breadcrumbs":"default","ocean_breadcrumbs_color":"","ocean_breadcrumbs_separator_color":"","ocean_breadcrumbs_links_color":"","ocean_breadcrumbs_links_hover_color":"","ocean_display_footer_widgets":"default","ocean_display_footer_bottom":"default","ocean_custom_footer_template":"0","footnotes":""},"class_list":["post-58","page","type-page","status-publish","hentry","entry"],"_links":{"self":[{"href":"https:\/\/npb.asso.fr\/site\/wp-json\/wp\/v2\/pages\/58","targetHints":{"allow":["GET"]}}],"collection":[{"href":"https:\/\/npb.asso.fr\/site\/wp-json\/wp\/v2\/pages"}],"about":[{"href":"https:\/\/npb.asso.fr\/site\/wp-json\/wp\/v2\/types\/page"}],"author":[{"embeddable":true,"href":"https:\/\/npb.asso.fr\/site\/wp-json\/wp\/v2\/users\/1"}],"replies":[{"embeddable":true,"href":"https:\/\/npb.asso.fr\/site\/wp-json\/wp\/v2\/comments?post=58"}],"version-history":[{"count":14,"href":"https:\/\/npb.asso.fr\/site\/wp-json\/wp\/v2\/pages\/58\/revisions"}],"predecessor-version":[{"id":2567,"href":"https:\/\/npb.asso.fr\/site\/wp-json\/wp\/v2\/pages\/58\/revisions\/2567"}],"wp:attachment":[{"href":"https:\/\/npb.asso.fr\/site\/wp-json\/wp\/v2\/media?parent=58"}],"curies":[{"name":"wp","href":"https:\/\/api.w.org\/{rel}","templated":true}]}}