{"id":64,"date":"2020-11-05T10:45:09","date_gmt":"2020-11-05T09:45:09","guid":{"rendered":"http:\/\/npb.asso.fr\/site\/?page_id=64"},"modified":"2024-06-04T10:13:31","modified_gmt":"2024-06-04T08:13:31","slug":"devenir-moniteur-2","status":"publish","type":"page","link":"https:\/\/npb.asso.fr\/site\/devenir-moniteur-2\/","title":{"rendered":"Devenir moniteur"},"content":{"rendered":"\n<p class=\"has-medium-font-size\">En France, il est obligatoire de poss\u00e9der un dipl\u00f4me pour enseigner la voile contre r\u00e9mun\u00e9ration.<\/p>\n\n\n\n<p style=\"font-size:22px\"><strong>Qu&rsquo;est-ce que le CQP IV ?<\/strong><\/p>\n\n\n\n<p class=\"has-medium-font-size\">Le dipl\u00f4me de Certification de Qualification Professionnelle Initiation Voile permet d&rsquo;exercer le m\u00e9tier de moniteur de voile pendant les p\u00e9riodes de vacances scolaires et les week-ends. Il peut aussi exercer toute l&rsquo;ann\u00e9e contre une r\u00e9mun\u00e9ration plus \u00e9lev\u00e9e, mais il ne pourra encadrer la voile scolaire que sous la supervision d&rsquo;un titulaire d&rsquo;un dipl\u00f4me d&rsquo;\u00c9tat de niveau 4.<\/p>\n\n\n\n<p style=\"font-size:22px\"><strong>Qu&rsquo;est-ce que le BPJEPS ?<\/strong><\/p>\n\n\n\n<p class=\"has-medium-font-size\">Le dipl\u00f4me de BPJEPS permet d&rsquo;exercer le m\u00e9tier toute l&rsquo;ann\u00e9e et pour tous les publics contre r\u00e9mun\u00e9ration.<\/p>\n\n\n\n<p class=\"has-medium-font-size\">Les pi\u00e8ces constituant les pr\u00e9s requis d\u2019entr\u00e9e en formation (article 5 du r\u00e8glement du CQP) sont :<\/p>\n\n\n\n<ul class=\"wp-block-list\">\n<li>L\u2019<strong>attestation de capacit\u00e9 \u00e0 naviguer<\/strong>&nbsp;de fa\u00e7on performante et responsable (niveau technique 4 FF Voile) d\u00e9livr\u00e9e par un \u00e9valuateur technique habilit\u00e9 de la FF Voile, pour au moins un support nautique \u00e0 voile.<\/li>\n\n\n\n<li>Le&nbsp;<strong>permis de conduire d\u2019un bateau de plaisance<\/strong>&nbsp;\u00e0 moteur ou titre de navigation admis en \u00e9quivalence ou reconnu de niveau sup\u00e9rieur.<\/li>\n\n\n\n<li>L\u2019<strong>attestation de formation aux premiers secours<\/strong>&nbsp;de type PSC1 ou AFPS ou PSMER ou \u00e9quivalents valides, ou certification admise en \u00e9quivalence ou reconnue sup\u00e9rieure \u00e0 ce niveau.<\/li>\n\n\n\n<li>L\u2019<strong>attestation de capacit\u00e9 \u00e0 nager 100 m\u00e8tres<\/strong>&nbsp;avec passage sous un obstacle en surface d\u2019un m\u00e8tre de long d\u00e9livr\u00e9e par une personne titulaire d\u2019une certification professionnelle ad hoc.<\/li>\n\n\n\n<li>Le&nbsp;<strong>certificat m\u00e9dical<\/strong>&nbsp;de non contre-indication \u00e0 la pratique de la voile de moins de 3 mois au jour de l\u2019inscription (date d\u2019ouverture du livret de formation et de certification).<\/li>\n\n\n\n<li>L\u2019<strong>attestation d\u2019assurance<\/strong>&nbsp;couvrant leur responsabilit\u00e9 civile et personnelle pour toute la dur\u00e9e de la formation (l\u2019assurance propos\u00e9e avec la licence de la FFVoile dispense de cette attestation).<\/li>\n<\/ul>\n\n\n\n<p style=\"font-size:22px\"><strong>Quand ?<\/strong><\/p>\n\n\n\n<p class=\"has-medium-font-size\">Plusieurs p\u00e9riodes de formation sont propos\u00e9es pendant les vacances scolaires afin de valider la formation moniteur de voile avec NPB.<\/p>\n\n\n\n<div style=\"height:33px\" aria-hidden=\"true\" class=\"wp-block-spacer\"><\/div>\n\n\n\n<p class=\"has-medium-font-size\">Pour plus d&rsquo;informations, nous vous invitons \u00e0 consulter le site de la F\u00e9d\u00e9ration de voile qui a cr\u00e9\u00e9e un dossier complet sur la formation.<\/p>\n\n\n\n<div class=\"wp-block-buttons is-horizontal is-content-justification-center is-layout-flex wp-container-core-buttons-is-layout-1 wp-block-buttons-is-layout-flex\">\n<div class=\"wp-block-button\"><a class=\"wp-block-button__link has-background wp-element-button\" href=\"https:\/\/www.ffvoile.fr\/ffv\/web\/services\/formation\/moniteur_voile.asp#gsc.tab=0\" style=\"background-color:#a8cee4\">Formation moniteur FFV<\/a><\/div>\n<\/div>\n","protected":false},"excerpt":{"rendered":"<p>En France, il est obligatoire de poss\u00e9der un dipl\u00f4me pour enseigner la voile contre r\u00e9mun\u00e9ration. Qu&rsquo;est-ce que le CQP IV ? Le dipl\u00f4me de Certification de Qualification Professionnelle Initiation Voile permet d&rsquo;exercer le m\u00e9tier de moniteur de voile pendant les p\u00e9riodes de vacances scolaires et les week-ends. Il peut aussi exercer toute l&rsquo;ann\u00e9e contre une [&hellip;]<\/p>\n","protected":false},"author":1,"featured_media":0,"parent":0,"menu_order":0,"comment_status":"closed","ping_status":"closed","template":"","meta":{"ocean_post_layout":"full-width","ocean_both_sidebars_style":"","ocean_both_sidebars_content_width":0,"ocean_both_sidebars_sidebars_width":0,"ocean_sidebar":"0","ocean_second_sidebar":"0","ocean_disable_margins":"enable","ocean_add_body_class":"","ocean_shortcode_before_top_bar":"","ocean_shortcode_after_top_bar":"","ocean_shortcode_before_header":"","ocean_shortcode_after_header":"","ocean_has_shortcode":"","ocean_shortcode_after_title":"","ocean_shortcode_before_footer_widgets":"","ocean_shortcode_after_footer_widgets":"","ocean_shortcode_before_footer_bottom":"","ocean_shortcode_after_footer_bottom":"","ocean_display_top_bar":"default","ocean_display_header":"default","ocean_header_style":"","ocean_center_header_left_menu":"0","ocean_custom_header_template":"0","ocean_custom_logo":0,"ocean_custom_retina_logo":0,"ocean_custom_logo_max_width":0,"ocean_custom_logo_tablet_max_width":0,"ocean_custom_logo_mobile_max_width":0,"ocean_custom_logo_max_height":0,"ocean_custom_logo_tablet_max_height":0,"ocean_custom_logo_mobile_max_height":0,"ocean_header_custom_menu":"0","ocean_menu_typo_font_family":"0","ocean_menu_typo_font_subset":"","ocean_menu_typo_font_size":0,"ocean_menu_typo_font_size_tablet":0,"ocean_menu_typo_font_size_mobile":0,"ocean_menu_typo_font_size_unit":"px","ocean_menu_typo_font_weight":"","ocean_menu_typo_font_weight_tablet":"","ocean_menu_typo_font_weight_mobile":"","ocean_menu_typo_transform":"","ocean_menu_typo_transform_tablet":"","ocean_menu_typo_transform_mobile":"","ocean_menu_typo_line_height":0,"ocean_menu_typo_line_height_tablet":0,"ocean_menu_typo_line_height_mobile":0,"ocean_menu_typo_line_height_unit":"","ocean_menu_typo_spacing":0,"ocean_menu_typo_spacing_tablet":0,"ocean_menu_typo_spacing_mobile":0,"ocean_menu_typo_spacing_unit":"","ocean_menu_link_color":"","ocean_menu_link_color_hover":"","ocean_menu_link_color_active":"","ocean_menu_link_background":"","ocean_menu_link_hover_background":"","ocean_menu_link_active_background":"","ocean_menu_social_links_bg":"","ocean_menu_social_hover_links_bg":"","ocean_menu_social_links_color":"","ocean_menu_social_hover_links_color":"","ocean_disable_title":"default","ocean_disable_heading":"default","ocean_post_title":"","ocean_post_subheading":"","ocean_post_title_style":"centered","ocean_post_title_background_color":"","ocean_post_title_background":0,"ocean_post_title_bg_image_position":"","ocean_post_title_bg_image_attachment":"","ocean_post_title_bg_image_repeat":"","ocean_post_title_bg_image_size":"","ocean_post_title_height":0,"ocean_post_title_bg_overlay":0.5,"ocean_post_title_bg_overlay_color":"","ocean_disable_breadcrumbs":"default","ocean_breadcrumbs_color":"","ocean_breadcrumbs_separator_color":"","ocean_breadcrumbs_links_color":"","ocean_breadcrumbs_links_hover_color":"","ocean_display_footer_widgets":"default","ocean_display_footer_bottom":"default","ocean_custom_footer_template":"0","footnotes":""},"class_list":["post-64","page","type-page","status-publish","hentry","entry"],"_links":{"self":[{"href":"https:\/\/npb.asso.fr\/site\/wp-json\/wp\/v2\/pages\/64","targetHints":{"allow":["GET"]}}],"collection":[{"href":"https:\/\/npb.asso.fr\/site\/wp-json\/wp\/v2\/pages"}],"about":[{"href":"https:\/\/npb.asso.fr\/site\/wp-json\/wp\/v2\/types\/page"}],"author":[{"embeddable":true,"href":"https:\/\/npb.asso.fr\/site\/wp-json\/wp\/v2\/users\/1"}],"replies":[{"embeddable":true,"href":"https:\/\/npb.asso.fr\/site\/wp-json\/wp\/v2\/comments?post=64"}],"version-history":[{"count":16,"href":"https:\/\/npb.asso.fr\/site\/wp-json\/wp\/v2\/pages\/64\/revisions"}],"predecessor-version":[{"id":3098,"href":"https:\/\/npb.asso.fr\/site\/wp-json\/wp\/v2\/pages\/64\/revisions\/3098"}],"wp:attachment":[{"href":"https:\/\/npb.asso.fr\/site\/wp-json\/wp\/v2\/media?parent=64"}],"curies":[{"name":"wp","href":"https:\/\/api.w.org\/{rel}","templated":true}]}}