{"id":68,"date":"2020-11-05T10:45:09","date_gmt":"2020-11-05T09:45:09","guid":{"rendered":"http:\/\/npb.asso.fr\/site\/?page_id=68"},"modified":"2026-03-25T10:19:34","modified_gmt":"2026-03-25T09:19:34","slug":"calendrier-de-la-formation","status":"publish","type":"page","link":"https:\/\/npb.asso.fr\/site\/calendrier-de-la-formation\/","title":{"rendered":"Calendrier de la formation"},"content":{"rendered":"\n<p class=\"has-black-color has-text-color has-normal-font-size\">Le stage de Niveau 4 se tiendra \u00e0 la base de Piriac sur Mer du lundi 20 au vendredi 24 Avril 2026 en catamaran. En fonction des demandes, nous pourrions ouvrir en planche \u00e0 voile et d\u00e9riveur.<\/p>\n\n\n\n<div class=\"wp-block-buttons is-content-justification-center is-layout-flex wp-container-core-buttons-is-layout-16018d1d wp-block-buttons-is-layout-flex\">\n<div class=\"wp-block-button\"><a class=\"wp-block-button__link wp-element-button\" href=\"http:\/\/npb.asso.fr\/site\/wp-content\/uploads\/2025\/09\/ficheinscriptionformation-niv4-2025.pdf\" target=\"_blank\" rel=\"noreferrer noopener\">Fiche d&rsquo;inscription<\/a><\/div>\n<\/div>\n\n\n\n<p class=\"has-large-font-size\">Planning de la formation CQP IV 2025-2026<\/p>\n\n\n\n<p>Exceptionnellement, nous proposerons la formation de CQP IV en Juin et d\u00e9but Juillet en fonction du nombre de demandes. N&rsquo;h\u00e9sitez pas \u00e0 nous contacter au 02.40.23.53.84 ou \u00e0 nautismeenpaysblanc@gmail.com.<\/p>\n\n\n\n<figure class=\"wp-block-image size-large\"><img fetchpriority=\"high\" decoding=\"async\" width=\"1024\" height=\"724\" src=\"https:\/\/npb.asso.fr\/site\/wp-content\/uploads\/2026\/01\/ruban-peda-CQP-bloc-2026-1_page-0002-1024x724.jpg\" alt=\"\" class=\"wp-image-3640\" srcset=\"https:\/\/npb.asso.fr\/site\/wp-content\/uploads\/2026\/01\/ruban-peda-CQP-bloc-2026-1_page-0002-1024x724.jpg 1024w, https:\/\/npb.asso.fr\/site\/wp-content\/uploads\/2026\/01\/ruban-peda-CQP-bloc-2026-1_page-0002-300x212.jpg 300w, https:\/\/npb.asso.fr\/site\/wp-content\/uploads\/2026\/01\/ruban-peda-CQP-bloc-2026-1_page-0002-768x543.jpg 768w, https:\/\/npb.asso.fr\/site\/wp-content\/uploads\/2026\/01\/ruban-peda-CQP-bloc-2026-1_page-0002-1536x1086.jpg 1536w, https:\/\/npb.asso.fr\/site\/wp-content\/uploads\/2026\/01\/ruban-peda-CQP-bloc-2026-1_page-0002-164x116.jpg 164w, https:\/\/npb.asso.fr\/site\/wp-content\/uploads\/2026\/01\/ruban-peda-CQP-bloc-2026-1_page-0002.jpg 1755w\" sizes=\"(max-width: 1024px) 100vw, 1024px\" \/><\/figure>\n\n\n\n<figure class=\"wp-block-image size-large\"><img decoding=\"async\" width=\"1024\" height=\"724\" src=\"https:\/\/npb.asso.fr\/site\/wp-content\/uploads\/2026\/01\/ruban-peda-CQP-bloc-2026-1_page-0003-1024x724.jpg\" alt=\"\" class=\"wp-image-3641\" srcset=\"https:\/\/npb.asso.fr\/site\/wp-content\/uploads\/2026\/01\/ruban-peda-CQP-bloc-2026-1_page-0003-1024x724.jpg 1024w, https:\/\/npb.asso.fr\/site\/wp-content\/uploads\/2026\/01\/ruban-peda-CQP-bloc-2026-1_page-0003-300x212.jpg 300w, https:\/\/npb.asso.fr\/site\/wp-content\/uploads\/2026\/01\/ruban-peda-CQP-bloc-2026-1_page-0003-768x543.jpg 768w, https:\/\/npb.asso.fr\/site\/wp-content\/uploads\/2026\/01\/ruban-peda-CQP-bloc-2026-1_page-0003-1536x1086.jpg 1536w, https:\/\/npb.asso.fr\/site\/wp-content\/uploads\/2026\/01\/ruban-peda-CQP-bloc-2026-1_page-0003-164x116.jpg 164w, https:\/\/npb.asso.fr\/site\/wp-content\/uploads\/2026\/01\/ruban-peda-CQP-bloc-2026-1_page-0003.jpg 1755w\" sizes=\"(max-width: 1024px) 100vw, 1024px\" \/><\/figure>\n\n\n\n<figure class=\"wp-block-image size-large\"><img decoding=\"async\" width=\"1024\" height=\"724\" src=\"https:\/\/npb.asso.fr\/site\/wp-content\/uploads\/2026\/01\/ruban-peda-CQP-bloc-2026-1_page-0004-1024x724.jpg\" alt=\"\" class=\"wp-image-3642\" srcset=\"https:\/\/npb.asso.fr\/site\/wp-content\/uploads\/2026\/01\/ruban-peda-CQP-bloc-2026-1_page-0004-1024x724.jpg 1024w, https:\/\/npb.asso.fr\/site\/wp-content\/uploads\/2026\/01\/ruban-peda-CQP-bloc-2026-1_page-0004-300x212.jpg 300w, https:\/\/npb.asso.fr\/site\/wp-content\/uploads\/2026\/01\/ruban-peda-CQP-bloc-2026-1_page-0004-768x543.jpg 768w, https:\/\/npb.asso.fr\/site\/wp-content\/uploads\/2026\/01\/ruban-peda-CQP-bloc-2026-1_page-0004-1536x1086.jpg 1536w, https:\/\/npb.asso.fr\/site\/wp-content\/uploads\/2026\/01\/ruban-peda-CQP-bloc-2026-1_page-0004-164x116.jpg 164w, https:\/\/npb.asso.fr\/site\/wp-content\/uploads\/2026\/01\/ruban-peda-CQP-bloc-2026-1_page-0004.jpg 1755w\" sizes=\"(max-width: 1024px) 100vw, 1024px\" \/><\/figure>\n\n\n\n<figure class=\"wp-block-image size-large\"><img loading=\"lazy\" decoding=\"async\" width=\"1024\" height=\"724\" src=\"https:\/\/npb.asso.fr\/site\/wp-content\/uploads\/2026\/01\/ruban-peda-CQP-bloc-2026-1_page-0005-1024x724.jpg\" alt=\"\" class=\"wp-image-3643\" srcset=\"https:\/\/npb.asso.fr\/site\/wp-content\/uploads\/2026\/01\/ruban-peda-CQP-bloc-2026-1_page-0005-1024x724.jpg 1024w, https:\/\/npb.asso.fr\/site\/wp-content\/uploads\/2026\/01\/ruban-peda-CQP-bloc-2026-1_page-0005-300x212.jpg 300w, https:\/\/npb.asso.fr\/site\/wp-content\/uploads\/2026\/01\/ruban-peda-CQP-bloc-2026-1_page-0005-768x543.jpg 768w, https:\/\/npb.asso.fr\/site\/wp-content\/uploads\/2026\/01\/ruban-peda-CQP-bloc-2026-1_page-0005-1536x1086.jpg 1536w, https:\/\/npb.asso.fr\/site\/wp-content\/uploads\/2026\/01\/ruban-peda-CQP-bloc-2026-1_page-0005-164x116.jpg 164w, https:\/\/npb.asso.fr\/site\/wp-content\/uploads\/2026\/01\/ruban-peda-CQP-bloc-2026-1_page-0005.jpg 1755w\" sizes=\"(max-width: 1024px) 100vw, 1024px\" \/><\/figure>\n","protected":false},"excerpt":{"rendered":"<p>Le stage de Niveau 4 se tiendra \u00e0 la base de Piriac sur Mer du lundi 20 au vendredi 24 Avril 2026 en catamaran. En fonction des demandes, nous pourrions ouvrir en planche \u00e0 voile et d\u00e9riveur. Planning de la formation CQP IV 2025-2026 Exceptionnellement, nous proposerons la formation de CQP IV en Juin et [&hellip;]<\/p>\n","protected":false},"author":1,"featured_media":0,"parent":0,"menu_order":0,"comment_status":"closed","ping_status":"closed","template":"","meta":{"ocean_post_layout":"","ocean_both_sidebars_style":"","ocean_both_sidebars_content_width":0,"ocean_both_sidebars_sidebars_width":0,"ocean_sidebar":"0","ocean_second_sidebar":"0","ocean_disable_margins":"enable","ocean_add_body_class":"","ocean_shortcode_before_top_bar":"","ocean_shortcode_after_top_bar":"","ocean_shortcode_before_header":"","ocean_shortcode_after_header":"","ocean_has_shortcode":"","ocean_shortcode_after_title":"","ocean_shortcode_before_footer_widgets":"","ocean_shortcode_after_footer_widgets":"","ocean_shortcode_before_footer_bottom":"","ocean_shortcode_after_footer_bottom":"","ocean_display_top_bar":"default","ocean_display_header":"default","ocean_header_style":"","ocean_center_header_left_menu":"0","ocean_custom_header_template":"0","ocean_custom_logo":0,"ocean_custom_retina_logo":0,"ocean_custom_logo_max_width":0,"ocean_custom_logo_tablet_max_width":0,"ocean_custom_logo_mobile_max_width":0,"ocean_custom_logo_max_height":0,"ocean_custom_logo_tablet_max_height":0,"ocean_custom_logo_mobile_max_height":0,"ocean_header_custom_menu":"0","ocean_menu_typo_font_family":"0","ocean_menu_typo_font_subset":"","ocean_menu_typo_font_size":0,"ocean_menu_typo_font_size_tablet":0,"ocean_menu_typo_font_size_mobile":0,"ocean_menu_typo_font_size_unit":"px","ocean_menu_typo_font_weight":"","ocean_menu_typo_font_weight_tablet":"","ocean_menu_typo_font_weight_mobile":"","ocean_menu_typo_transform":"","ocean_menu_typo_transform_tablet":"","ocean_menu_typo_transform_mobile":"","ocean_menu_typo_line_height":0,"ocean_menu_typo_line_height_tablet":0,"ocean_menu_typo_line_height_mobile":0,"ocean_menu_typo_line_height_unit":"","ocean_menu_typo_spacing":0,"ocean_menu_typo_spacing_tablet":0,"ocean_menu_typo_spacing_mobile":0,"ocean_menu_typo_spacing_unit":"","ocean_menu_link_color":"","ocean_menu_link_color_hover":"","ocean_menu_link_color_active":"","ocean_menu_link_background":"","ocean_menu_link_hover_background":"","ocean_menu_link_active_background":"","ocean_menu_social_links_bg":"","ocean_menu_social_hover_links_bg":"","ocean_menu_social_links_color":"","ocean_menu_social_hover_links_color":"","ocean_disable_title":"default","ocean_disable_heading":"default","ocean_post_title":"","ocean_post_subheading":"","ocean_post_title_style":"centered-minimal","ocean_post_title_background_color":"","ocean_post_title_background":0,"ocean_post_title_bg_image_position":"","ocean_post_title_bg_image_attachment":"","ocean_post_title_bg_image_repeat":"","ocean_post_title_bg_image_size":"","ocean_post_title_height":0,"ocean_post_title_bg_overlay":0.5,"ocean_post_title_bg_overlay_color":"","ocean_disable_breadcrumbs":"default","ocean_breadcrumbs_color":"","ocean_breadcrumbs_separator_color":"","ocean_breadcrumbs_links_color":"","ocean_breadcrumbs_links_hover_color":"","ocean_display_footer_widgets":"default","ocean_display_footer_bottom":"default","ocean_custom_footer_template":"0","footnotes":""},"class_list":["post-68","page","type-page","status-publish","hentry","entry"],"_links":{"self":[{"href":"https:\/\/npb.asso.fr\/site\/wp-json\/wp\/v2\/pages\/68","targetHints":{"allow":["GET"]}}],"collection":[{"href":"https:\/\/npb.asso.fr\/site\/wp-json\/wp\/v2\/pages"}],"about":[{"href":"https:\/\/npb.asso.fr\/site\/wp-json\/wp\/v2\/types\/page"}],"author":[{"embeddable":true,"href":"https:\/\/npb.asso.fr\/site\/wp-json\/wp\/v2\/users\/1"}],"replies":[{"embeddable":true,"href":"https:\/\/npb.asso.fr\/site\/wp-json\/wp\/v2\/comments?post=68"}],"version-history":[{"count":32,"href":"https:\/\/npb.asso.fr\/site\/wp-json\/wp\/v2\/pages\/68\/revisions"}],"predecessor-version":[{"id":3717,"href":"https:\/\/npb.asso.fr\/site\/wp-json\/wp\/v2\/pages\/68\/revisions\/3717"}],"wp:attachment":[{"href":"https:\/\/npb.asso.fr\/site\/wp-json\/wp\/v2\/media?parent=68"}],"curies":[{"name":"wp","href":"https:\/\/api.w.org\/{rel}","templated":true}]}}